

{"id":909,"date":"2023-07-17T10:12:20","date_gmt":"2023-07-17T10:12:20","guid":{"rendered":"https:\/\/silvertree.ee\/?page_id=909"},"modified":"2025-10-05T12:13:21","modified_gmt":"2025-10-05T12:13:21","slug":"privacy-policy","status":"publish","type":"page","link":"https:\/\/silvertree.ee\/en\/privacy-policy\/","title":{"rendered":"Privacy policy"},"content":{"rendered":"\n<p>Privaatsuspoliitika (jaotis)<\/p>\n\n\n\n<p>Teie isikuandmete turvalisus on meie peamine prioriteet. Siin saate teada, milliseid isikuandmeid me kogume, kui k\u00fclastate veebisaiti Silvertree.ee, ja mida nende andmetega teeme.<\/p>\n\n\n\n<p>Me austame teie privaatsust, mist\u00f5ttu ei kogu me mingisuguseid tarbetuid andmeid, mis oleksid m\u00f5eldud kellegi muu jaoks peale kvaliteetse sirvimiskogemuse pakkumise Silvertree.ee veebisaidil ja teenuste pakkumise.<\/p>\n\n\n\n<p>Tagame, et k\u00f5iki teie andmeid t\u00f6\u00f6deldakse ja hoitakse vastavalt Eesti Vabariigi isikuandmete kaitse seaduse ja muude isikuandmete kaitset Eesti Vabariigis reguleerivate \u00f5igusaktide n\u00f5uetele, kasutades vajalikke organisatsioonilisi ja tehnilisi meetmeid, et kaitsta teie andmeid juhusliku v\u00f5i ebaseadusliku avalikustamise, h\u00e4vitamise, muutmise ja ebaseadusliku t\u00f6\u00f6tlemise eest.<\/p>\n\n\n\n<p>K\u00f5ik andmed on kr\u00fcpteeritud, kui neid hoitakse.<\/p>\n\n\n\n<p>Silvertree.ee meeskond on tuttav isikuandmete kaitse n\u00f5uetega ja tagab kehtestatud organisatsiooniliste meetmete j\u00e4rgimise andmete haldamisel. Juurdep\u00e4\u00e4s andmetele on saadaval ainult volitatud isikutel, kes vastutavad Silvertree.ee veebisaidi tehnilise, \u00e4rilise ja sisulise toimetuse j\u00e4relevalve eest.<\/p>\n\n\n\n<p>Privaatsuspoliitika<\/p>\n\n\n\n<p>Privaatsuspoliitika eesm\u00e4rk on anda \u00fcksikisikule (andmesubjektile) teavet andmete t\u00f6\u00f6tlemise eesm\u00e4rkide, ulatuse ja turvalisuse kohta ning anda muud teavet seoses andmete t\u00f6\u00f6tlemisega.<\/p>\n\n\n\n<p>Isikuandmed<\/p>\n\n\n\n<p>Isikuandmed on mis tahes teave, mis on seotud f\u00fc\u00fcsilise isiku tuvastamise ja \u00e4ratundmisega.<\/p>\n\n\n\n<p>Privaatsuspoliitika rakendamine<\/p>\n\n\n\n<p>O\u00dc R\u00f5\u00f5muVedu privaatsuspoliitika kehtib isikuandmete t\u00f6\u00f6tlemisel, olenemata sellest, kuidas (millises vormis) f\u00fc\u00fcsiline isik oma andmeid veebipoes, e-posti teel jne esitab.<\/p>\n\n\n\n<p>P\u00f5hiinfo<\/p>\n\n\n\n<p>Isikuandmete t\u00f6\u00f6tlemise eesm\u00e4rk: ostu- ja teenuselepingute s\u00f5lmimine, kaupade kohaletoimetamine, maksete haldamine, garantiikohustuste t\u00e4itmine.<\/p>\n\n\n\n<p>Kontroller: O\u00dc R\u00f5\u00f5muVedu, ettev\u00f5tte kood: 16846874. Aadress: \u00d5ism\u00e4e tee 78-70, Tallinn, Harjumaa 13513. \u00d5iguslik alus: O\u00dc R\u00f5\u00f5muVedu \u00f5igustatud huvid Andmete edastamine kolmandatele osapooltele: ei toimu.<\/p>\n\n\n\n<p>Isikuandmete t\u00f6\u00f6tlemine ja \u00f5iguslik alus<\/p>\n\n\n\n<p>Isikuandmete t\u00f6\u00f6tlemine toimub selle Privaatsuspoliitika kirjeldatud eesm\u00e4rkide saavutamiseks ja O\u00dc R\u00f5\u00f5muVedu \u00f5igustatud huvide (\u00e4riline tegevus) kaitseks. Vastavus \u00f5igusaktidele: isikuandmete hankimine, t\u00f6\u00f6tlemine, s\u00e4ilitamine jne. isikute ja inim\u00f5igusi reguleerivate \u00f5igusaktide rakendamine.<\/p>\n\n\n\n<p>Andmete s\u00e4ilitamise periood s\u00f5ltub \u00f5igusaktides s\u00e4testatud reguleeritud perioodist v\u00f5i lepingus kokkulepitud perioodist v\u00f5i O\u00dc R\u00f5\u00f5muVedu reguleeritud perioodist. Isikuandmeid ei s\u00e4ilitata kauem kui on vajalik \u00f5igusaktides s\u00e4testatud n\u00f5uete t\u00e4itmiseks, vastavalt O\u00dc R\u00f5\u00f5muVedu \u00f5igustatud huvidele.<\/p>\n\n\n\n<p>Kui tingimused on t\u00e4idetud ja isikuandmeid ei ole enam vaja s\u00e4ilitada, h\u00e4vitatakse isikuandmed. Isikuandmete turvalisuse tagamiseks kasutatakse spetsialiseeritud ja turvalisi programme: viiruset\u00f5rjeprogramme ja muid tehnilisi lahendusi.<\/p>\n\n\n\n<p>Isikuandmete s\u00e4ilitamine<\/p>\n\n\n\n<p>Isikuandmeid ei edastata kolmandatele osapooltele (ELi ja\/v\u00f5i EEA-sse mittekuuluvatesse riikidesse). Isikuandmeid v\u00f5idakse edastada O\u00dc R\u00f5\u00f5muVedu teenuseid pakkuvate organisatsioonide partneritele (operaatorid) ning volitatud juriidilistele ja f\u00fc\u00fcsilistele isikutele (juristid). Isikuandmete edastamine toimub turvaliselt, kasutades kaitstud programme ja tehnoloogiaid. Isikuandmeid edastatakse ainult sellises ulatuses, mis on vajalik O\u00dc R\u00f5\u00f5muVedu \u00f5iguslike ja \u00f5igustatud huvide t\u00e4itmiseks.<\/p>\n\n\n\n<p>Kaubanduspakkumiste ja reklaammaterjalide saatmine<\/p>\n\n\n\n<p>Kaubanduspakkumised saadetakse saajatele \/ f\u00fc\u00fcsilistele isikutele, kes on n\u00f5ustunud saama kaubanduspakkumisi (reklaammaterjale) O\u00dc R\u00f5\u00f5muVedu-lt. Teave selle kohta, kuidas loobuda reklaammaterjalidest, sisaldub e-kirjas. Samuti on v\u00f5imalik loobuda reklaammaterjalidest, saates e-kirja aadressile <a href=\"mailto:info@silvertree.ee\">info@silvertree.ee<\/a>.<\/p>\n\n\n\n<p>Isikuandmete kaitse<\/p>\n\n\n\n<p>Isikuandmete kaitse rakendatakse viimaste regulatiivsete aktuste (m\u00e4\u00e4ruste, seaduste, eeskirjade) alusel.<\/p>\n\n\n\n<p>Juurdep\u00e4\u00e4s isikuandmetele<\/p>\n\n\n\n<p>F\u00fc\u00fcsiline isik v\u00f5ib saada juurdep\u00e4\u00e4su oma isikuandmetele kirjaliku taotluse alusel, j\u00e4rgides isikuandmete t\u00f6\u00f6tlemist reguleerivate normide ja taotluste vastuv\u00f5tmise ning l\u00e4bivaatamise norme, saates p\u00e4ringu e-posti teel: info@silvertree.ee.<\/p>\n\n\n\n<p>Taotlust esitades peab f\u00fc\u00fcsiline isik end identifitseerima, et tagada, et O\u00dc R\u00f5\u00f5muVedu saaks kinnitada, et isik taotleb oma andmeid. Ainult sel juhul esitab O\u00dc R\u00f5\u00f5muVedu isikule k\u00e4ttesaadavad andmed ja muu teabe, mis on s\u00e4testatud \u00f5igusaktides.<\/p>\n\n\n\n<p>\u00d5igus n\u00f5usoleku tagasiv\u00f5tmiseks<\/p>\n\n\n\n<p>F\u00fc\u00fcsilisel isikul on \u00f5igus oma n\u00f5usolek isikuandmete t\u00f6\u00f6tlemiseks tagasi v\u00f5tta. N\u00f5usolek esitatakse samamoodi nagu n\u00f5usolek isikuandmete t\u00f6\u00f6tlemiseks. F\u00fc\u00fcsiline isik saab saata oma n\u00f5usoleku tagasiv\u00f5tmise andmete t\u00f6\u00f6tlemiseks e-posti teel: info@silvertree.ee.<\/p>\n\n\n\n<p>Tagasiv\u00f5tmine ei m\u00f5juta isikuandmete t\u00f6\u00f6tlemist, mis esitati enne tagasiv\u00f5tmist. Tagasiv\u00f5tmine ei m\u00f5juta ka ega peata isikuandmete t\u00f6\u00f6tlemist, mis esitati enne tagasiv\u00f5tmist \u00f5iguslike n\u00f5uete (m\u00e4\u00e4ruste, seaduste, eeskirjade) alusel.<\/p>\n","protected":false},"excerpt":{"rendered":"<p>Privaatsuspoliitika (jaotis) Teie isikuandmete turvalisus on meie peamine prioriteet. Siin saate teada, milliseid isikuandmeid me kogume, kui k\u00fclastate veebisaiti Silvertree.ee, ja mida nende andmetega teeme. Me austame teie privaatsust, mist\u00f5ttu ei kogu me mingisuguseid tarbetuid andmeid, mis oleksid m\u00f5eldud kellegi muu jaoks peale kvaliteetse sirvimiskogemuse pakkumise Silvertree.ee veebisaidil ja teenuste pakkumise. Tagame, et k\u00f5iki teie [&hellip;]<\/p>\n","protected":false},"author":1,"featured_media":0,"parent":0,"menu_order":0,"comment_status":"closed","ping_status":"open","template":"page-simple.php","meta":{"_acf_changed":false,"inline_featured_image":false,"footnotes":""},"class_list":["post-909","page","type-page","status-publish","hentry"],"acf":[],"yoast_head":"<!-- This site is optimized with the Yoast SEO plugin v26.1.1 - https:\/\/yoast.com\/wordpress\/plugins\/seo\/ -->\n<title>Privacy policy<\/title>\n<meta name=\"robots\" content=\"noindex, nofollow\" \/>\n<meta property=\"og:locale\" content=\"en_US\" \/>\n<meta property=\"og:type\" content=\"article\" \/>\n<meta property=\"og:title\" content=\"Privacy policy\" \/>\n<meta property=\"og:description\" content=\"Privaatsuspoliitika (jaotis) Teie isikuandmete turvalisus on meie peamine prioriteet. Siin saate teada, milliseid isikuandmeid me kogume, kui k\u00fclastate veebisaiti Silvertree.ee, ja mida nende andmetega teeme. Me austame teie privaatsust, mist\u00f5ttu ei kogu me mingisuguseid tarbetuid andmeid, mis oleksid m\u00f5eldud kellegi muu jaoks peale kvaliteetse sirvimiskogemuse pakkumise Silvertree.ee veebisaidil ja teenuste pakkumise. Tagame, et k\u00f5iki teie [&hellip;]\" \/>\n<meta property=\"og:url\" content=\"https:\/\/silvertree.ee\/en\/privacy-policy\/\" \/>\n<meta property=\"og:site_name\" content=\"silvertree.ee\" \/>\n<meta property=\"article:modified_time\" content=\"2025-10-05T12:13:21+00:00\" \/>\n<meta name=\"twitter:card\" content=\"summary_large_image\" \/>\n<meta name=\"twitter:label1\" content=\"Est. reading time\" \/>\n\t<meta name=\"twitter:data1\" content=\"3 minutes\" \/>\n<script type=\"application\/ld+json\" class=\"yoast-schema-graph\">{\"@context\":\"https:\/\/schema.org\",\"@graph\":[{\"@type\":\"WebPage\",\"@id\":\"https:\/\/silvertree.ee\/en\/privacy-policy\/\",\"url\":\"https:\/\/silvertree.ee\/en\/privacy-policy\/\",\"name\":\"Privacy policy\",\"isPartOf\":{\"@id\":\"https:\/\/silvertree.ee\/#website\"},\"datePublished\":\"2023-07-17T10:12:20+00:00\",\"dateModified\":\"2025-10-05T12:13:21+00:00\",\"breadcrumb\":{\"@id\":\"https:\/\/silvertree.ee\/en\/privacy-policy\/#breadcrumb\"},\"inLanguage\":\"en-US\",\"potentialAction\":[{\"@type\":\"ReadAction\",\"target\":[\"https:\/\/silvertree.ee\/en\/privacy-policy\/\"]}]},{\"@type\":\"BreadcrumbList\",\"@id\":\"https:\/\/silvertree.ee\/en\/privacy-policy\/#breadcrumb\",\"itemListElement\":[{\"@type\":\"ListItem\",\"position\":1,\"name\":\"Home\",\"item\":\"https:\/\/silvertree.ee\/en\/\"},{\"@type\":\"ListItem\",\"position\":2,\"name\":\"Privacy policy\"}]},{\"@type\":\"WebSite\",\"@id\":\"https:\/\/silvertree.ee\/#website\",\"url\":\"https:\/\/silvertree.ee\/\",\"name\":\"silvertree.ee\",\"description\":\"Jaukiausioms 2023m. \u0161vent\u0117ms si\u016blome \u012fsigyti Premium kokyb\u0117s K\u0117n\u012f\u2611\ufe0farba gyv\u0105 lietuvi\u0161k\u0105 eglut\u0119\u2611\ufe0finternetu i\u0161\u23e9silvertree.ee. Pristatysime ir i\u0161ve\u0161ime NEMOKAMAI pas mus pirktas eglutes. Mes parduodame tik tikras Kal\u0117dines egles u\u017eaugintas ir nukirstas \u016bkiuose!\",\"potentialAction\":[{\"@type\":\"SearchAction\",\"target\":{\"@type\":\"EntryPoint\",\"urlTemplate\":\"https:\/\/silvertree.ee\/?s={search_term_string}\"},\"query-input\":{\"@type\":\"PropertyValueSpecification\",\"valueRequired\":true,\"valueName\":\"search_term_string\"}}],\"inLanguage\":\"en-US\"}]}<\/script>\n<!-- \/ Yoast SEO plugin. -->","yoast_head_json":{"title":"Privacy policy","robots":{"index":"noindex","follow":"nofollow"},"og_locale":"en_US","og_type":"article","og_title":"Privacy policy","og_description":"Privaatsuspoliitika (jaotis) Teie isikuandmete turvalisus on meie peamine prioriteet. Siin saate teada, milliseid isikuandmeid me kogume, kui k\u00fclastate veebisaiti Silvertree.ee, ja mida nende andmetega teeme. Me austame teie privaatsust, mist\u00f5ttu ei kogu me mingisuguseid tarbetuid andmeid, mis oleksid m\u00f5eldud kellegi muu jaoks peale kvaliteetse sirvimiskogemuse pakkumise Silvertree.ee veebisaidil ja teenuste pakkumise. Tagame, et k\u00f5iki teie [&hellip;]","og_url":"https:\/\/silvertree.ee\/en\/privacy-policy\/","og_site_name":"silvertree.ee","article_modified_time":"2025-10-05T12:13:21+00:00","twitter_card":"summary_large_image","twitter_misc":{"Est. reading time":"3 minutes"},"schema":{"@context":"https:\/\/schema.org","@graph":[{"@type":"WebPage","@id":"https:\/\/silvertree.ee\/en\/privacy-policy\/","url":"https:\/\/silvertree.ee\/en\/privacy-policy\/","name":"Privacy policy","isPartOf":{"@id":"https:\/\/silvertree.ee\/#website"},"datePublished":"2023-07-17T10:12:20+00:00","dateModified":"2025-10-05T12:13:21+00:00","breadcrumb":{"@id":"https:\/\/silvertree.ee\/en\/privacy-policy\/#breadcrumb"},"inLanguage":"en-US","potentialAction":[{"@type":"ReadAction","target":["https:\/\/silvertree.ee\/en\/privacy-policy\/"]}]},{"@type":"BreadcrumbList","@id":"https:\/\/silvertree.ee\/en\/privacy-policy\/#breadcrumb","itemListElement":[{"@type":"ListItem","position":1,"name":"Home","item":"https:\/\/silvertree.ee\/en\/"},{"@type":"ListItem","position":2,"name":"Privacy policy"}]},{"@type":"WebSite","@id":"https:\/\/silvertree.ee\/#website","url":"https:\/\/silvertree.ee\/","name":"silvertree.ee","description":"Jaukiausioms 2023m. \u0161vent\u0117ms si\u016blome \u012fsigyti Premium kokyb\u0117s K\u0117n\u012f\u2611\ufe0farba gyv\u0105 lietuvi\u0161k\u0105 eglut\u0119\u2611\ufe0finternetu i\u0161\u23e9silvertree.ee. Pristatysime ir i\u0161ve\u0161ime NEMOKAMAI pas mus pirktas eglutes. Mes parduodame tik tikras Kal\u0117dines egles u\u017eaugintas ir nukirstas \u016bkiuose!","potentialAction":[{"@type":"SearchAction","target":{"@type":"EntryPoint","urlTemplate":"https:\/\/silvertree.ee\/?s={search_term_string}"},"query-input":{"@type":"PropertyValueSpecification","valueRequired":true,"valueName":"search_term_string"}}],"inLanguage":"en-US"}]}},"_links":{"self":[{"href":"https:\/\/silvertree.ee\/en\/wp-json\/wp\/v2\/pages\/909","targetHints":{"allow":["GET"]}}],"collection":[{"href":"https:\/\/silvertree.ee\/en\/wp-json\/wp\/v2\/pages"}],"about":[{"href":"https:\/\/silvertree.ee\/en\/wp-json\/wp\/v2\/types\/page"}],"author":[{"embeddable":true,"href":"https:\/\/silvertree.ee\/en\/wp-json\/wp\/v2\/users\/1"}],"replies":[{"embeddable":true,"href":"https:\/\/silvertree.ee\/en\/wp-json\/wp\/v2\/comments?post=909"}],"version-history":[{"count":4,"href":"https:\/\/silvertree.ee\/en\/wp-json\/wp\/v2\/pages\/909\/revisions"}],"predecessor-version":[{"id":3469,"href":"https:\/\/silvertree.ee\/en\/wp-json\/wp\/v2\/pages\/909\/revisions\/3469"}],"wp:attachment":[{"href":"https:\/\/silvertree.ee\/en\/wp-json\/wp\/v2\/media?parent=909"}],"curies":[{"name":"wp","href":"https:\/\/api.w.org\/{rel}","templated":true}]}}