

{"id":1258,"date":"2023-08-09T12:07:50","date_gmt":"2023-08-09T12:07:50","guid":{"rendered":"https:\/\/silvertree.ee\/produktas\/eglutes-stovas\/"},"modified":"2025-10-05T11:58:39","modified_gmt":"2025-10-05T11:58:39","slug":"tree-stand","status":"publish","type":"product","link":"https:\/\/silvertree.ee\/en\/product\/tree-stand\/","title":{"rendered":"Christmas Tree Stand"},"content":{"rendered":"<div class=\"flex-1 overflow-hidden\">\n<div class=\"react-scroll-to-bottom--css-njmsy-79elbk h-full dark:bg-gray-800\">\n<div class=\"react-scroll-to-bottom--css-njmsy-1n7m0yu\">\n<div class=\"flex flex-col text-sm dark:bg-gray-800\">\n<div class=\"group w-full text-token-text-primary border-b border-black\/10 dark:border-gray-900\/50 bg-gray-50 dark:bg-[#444654]\" data-testid=\"conversation-turn-47\">\n<div class=\"p-4 justify-center text-base md:gap-6 md:py-6 m-auto\">\n<div class=\"flex flex-1 gap-4 text-base mx-auto md:gap-6 md:max-w-2xl lg:max-w-[38rem] xl:max-w-3xl }\">\n<div class=\"relative flex w-[calc(100%-50px)] flex-col gap-1 md:gap-3 lg:w-[calc(100%-115px)]\">\n<div class=\"flex flex-grow flex-col gap-3 max-w-full\">\n<div class=\"min-h-[20px] flex flex-col items-start gap-3 overflow-x-auto whitespace-pre-wrap break-words\">\n<div class=\"markdown prose w-full break-words dark:prose-invert light\">\n<p>Strong, stable, green-colored stand, suitable for every SilverTree Christmas tree. The water reservoir in the stand will prevent your tree from drying out quickly and succumbing to the warm home environment, thus keeping the tree fresh for a longer period of time.<\/p>\n<p>The simple and easy-to-use automatic fixation allows you to securely fasten the tree trunk to the stand with just a few movements.<\/p>\n<p>We ensure that the quality and reliability of the stand are of the highest level, which is why we offer a 5-year warranty for this Christmas tree stand.<\/p>\n<p>Don&#8217;t have a Christmas tree yet, but already thinking about how to set it up securely and conveniently? Every year, replacing a cheap Christmas tree stand disappoints as it breaks and topples over with the decorated Christmas tree.<\/p>\n<p>However, everything doesn&#8217;t have to be so complicated because now you can purchase a functional stand for your tree.<\/p>\n<p>Silvertree.ee, an online Christmas tree store, offers not only a variety of beautifully decorated trees but also suitable stands for them.<\/p>\n<p><strong>What makes Silvertree&#8217;s Christmas tree stand special?<\/strong><\/p>\n<p>The Christmas tree stand offered by silvertree.ee is sturdy, easy to use, and visually appealing. With just a few clicks, you can comfortably secure any Silvertree tree or trunk in it.<\/p>\n<p>But the most important advantage that makes the Silvertree Christmas tree stand unique and practical is the water reservoir and water level indicator it contains. A tree stand with water will keep your evergreen looking charming for much longer than one without such capacity.<\/p>\n<p><strong>Real Christmas tree stand online<\/strong><\/p>\n<p>Your Christmas preparations will be easier if you purchase a tree stand from Silvertree.ee, an online Christmas tree store. The Christmas tree stand&#8217;s price is low compared to the time you could spend with your family instead of searching for a sturdy and reliable Christmas tree stand in shopping centers.<\/p>\n<p>The Silvertree tree stand comes with a 5-year warranty, making it a long-term investment for a much more convenient preparation for the holiday season.<\/p>\n<p>Home delivery is free in Tallinn and Tartu, so get yours now!<\/p>\n<\/div>\n<\/div>\n<\/div>\n<\/div>\n<\/div>\n<\/div>\n<\/div>\n<\/div>\n<\/div>\n<\/div>\n<\/div>\n","protected":false},"excerpt":{"rendered":"<p><strong>German FHS StarMax<\/strong> Stand for cut trees <strong>up to 2.5 meters<\/strong><\/p>\n","protected":false},"featured_media":2862,"template":"","meta":{"_acf_changed":false,"inline_featured_image":false},"product_brand":[],"product_cat":[237,71,240,243,246,249,252,255,258,261,264,267,270,273,276,279,86,282],"product_tag":[],"class_list":{"0":"post-1258","1":"product","2":"type-product","3":"status-publish","4":"has-post-thumbnail","6":"product_cat-eesti-kuusk-ee","7":"product_cat-eglut-en","8":"product_cat-euroopa-nulg-ee","9":"product_cat-fraseri-nulg-ee","10":"product_cat-harilik-kuusk-ee","11":"product_cat-jaapani-nulg-ee","12":"product_cat-joulukuused-tallinnas-ee","13":"product_cat-joulukuused-tartus-ee","14":"product_cat-joulupuud-potis-ee","15":"product_cat-kanada-kuusk-ee","16":"product_cat-kaukaasia-nulg-ee","17":"product_cat-korea-nulg-ee","18":"product_cat-nulg-ee","19":"product_cat-palsami-nulg-ee","20":"product_cat-serbia-kuusk-ee","21":"product_cat-siberi-nulg-ee","22":"product_cat-stovai-en","23":"product_cat-torkav-kuusk-ee","25":"first","26":"instock","27":"taxable","28":"shipping-taxable","29":"purchasable","30":"product-type-simple"},"acf":[],"yoast_head":"<!-- This site is optimized with the Yoast SEO plugin v26.1.1 - https:\/\/yoast.com\/wordpress\/plugins\/seo\/ -->\n<title>Christmas Tree Stand - Silvertree<\/title>\n<meta name=\"robots\" content=\"noindex, nofollow\" \/>\n<meta property=\"og:locale\" content=\"en_US\" \/>\n<meta property=\"og:type\" content=\"article\" \/>\n<meta property=\"og:title\" content=\"Christmas Tree Stand - Silvertree\" \/>\n<meta property=\"og:description\" content=\"German FHS StarMax Stand for cut trees up to 2.5 meters\" \/>\n<meta property=\"og:url\" content=\"https:\/\/silvertree.ee\/en\/product\/tree-stand\/\" \/>\n<meta property=\"og:site_name\" content=\"silvertree.ee\" \/>\n<meta property=\"article:modified_time\" content=\"2025-10-05T11:58:39+00:00\" \/>\n<meta property=\"og:image\" content=\"https:\/\/silvertree.ee\/wp-content\/uploads\/sites\/5\/2023\/08\/new-stand.webp\" \/>\n\t<meta property=\"og:image:width\" content=\"829\" \/>\n\t<meta property=\"og:image:height\" content=\"1000\" \/>\n\t<meta property=\"og:image:type\" content=\"image\/webp\" \/>\n<meta name=\"twitter:card\" content=\"summary_large_image\" \/>\n<meta name=\"twitter:label1\" content=\"Est. reading time\" \/>\n\t<meta name=\"twitter:data1\" content=\"3 minutes\" \/>\n<script type=\"application\/ld+json\" class=\"yoast-schema-graph\">{\"@context\":\"https:\/\/schema.org\",\"@graph\":[{\"@type\":\"WebPage\",\"@id\":\"https:\/\/silvertree.ee\/en\/product\/tree-stand\/\",\"url\":\"https:\/\/silvertree.ee\/en\/product\/tree-stand\/\",\"name\":\"Christmas Tree Stand - Silvertree\",\"isPartOf\":{\"@id\":\"https:\/\/silvertree.ee\/#website\"},\"primaryImageOfPage\":{\"@id\":\"https:\/\/silvertree.ee\/en\/product\/tree-stand\/#primaryimage\"},\"image\":{\"@id\":\"https:\/\/silvertree.ee\/en\/product\/tree-stand\/#primaryimage\"},\"thumbnailUrl\":\"https:\/\/silvertree.ee\/wp-content\/uploads\/sites\/5\/2023\/08\/new-stand.webp\",\"datePublished\":\"2023-08-09T12:07:50+00:00\",\"dateModified\":\"2025-10-05T11:58:39+00:00\",\"breadcrumb\":{\"@id\":\"https:\/\/silvertree.ee\/en\/product\/tree-stand\/#breadcrumb\"},\"inLanguage\":\"en-US\",\"potentialAction\":[{\"@type\":\"ReadAction\",\"target\":[\"https:\/\/silvertree.ee\/en\/product\/tree-stand\/\"]}]},{\"@type\":\"ImageObject\",\"inLanguage\":\"en-US\",\"@id\":\"https:\/\/silvertree.ee\/en\/product\/tree-stand\/#primaryimage\",\"url\":\"https:\/\/silvertree.ee\/wp-content\/uploads\/sites\/5\/2023\/08\/new-stand.webp\",\"contentUrl\":\"https:\/\/silvertree.ee\/wp-content\/uploads\/sites\/5\/2023\/08\/new-stand.webp\",\"width\":829,\"height\":1000},{\"@type\":\"BreadcrumbList\",\"@id\":\"https:\/\/silvertree.ee\/en\/product\/tree-stand\/#breadcrumb\",\"itemListElement\":[{\"@type\":\"ListItem\",\"position\":1,\"name\":\"Home\",\"item\":\"https:\/\/silvertree.ee\/en\/\"},{\"@type\":\"ListItem\",\"position\":2,\"name\":\"Shop\",\"item\":\"https:\/\/silvertree.ee\/en\/shop\/\"},{\"@type\":\"ListItem\",\"position\":3,\"name\":\"Christmas Tree Stand\"}]},{\"@type\":\"WebSite\",\"@id\":\"https:\/\/silvertree.ee\/#website\",\"url\":\"https:\/\/silvertree.ee\/\",\"name\":\"silvertree.ee\",\"description\":\"Jaukiausioms 2023m. \u0161vent\u0117ms si\u016blome \u012fsigyti Premium kokyb\u0117s K\u0117n\u012f\u2611\ufe0farba gyv\u0105 lietuvi\u0161k\u0105 eglut\u0119\u2611\ufe0finternetu i\u0161\u23e9silvertree.ee. Pristatysime ir i\u0161ve\u0161ime NEMOKAMAI pas mus pirktas eglutes. Mes parduodame tik tikras Kal\u0117dines egles u\u017eaugintas ir nukirstas \u016bkiuose!\",\"potentialAction\":[{\"@type\":\"SearchAction\",\"target\":{\"@type\":\"EntryPoint\",\"urlTemplate\":\"https:\/\/silvertree.ee\/?s={search_term_string}\"},\"query-input\":{\"@type\":\"PropertyValueSpecification\",\"valueRequired\":true,\"valueName\":\"search_term_string\"}}],\"inLanguage\":\"en-US\"}]}<\/script>\n<!-- \/ Yoast SEO plugin. -->","yoast_head_json":{"title":"Christmas Tree Stand - Silvertree","robots":{"index":"noindex","follow":"nofollow"},"og_locale":"en_US","og_type":"article","og_title":"Christmas Tree Stand - Silvertree","og_description":"German FHS StarMax Stand for cut trees up to 2.5 meters","og_url":"https:\/\/silvertree.ee\/en\/product\/tree-stand\/","og_site_name":"silvertree.ee","article_modified_time":"2025-10-05T11:58:39+00:00","og_image":[{"width":829,"height":1000,"url":"https:\/\/silvertree.ee\/wp-content\/uploads\/sites\/5\/2023\/08\/new-stand.webp","type":"image\/webp"}],"twitter_card":"summary_large_image","twitter_misc":{"Est. reading time":"3 minutes"},"schema":{"@context":"https:\/\/schema.org","@graph":[{"@type":"WebPage","@id":"https:\/\/silvertree.ee\/en\/product\/tree-stand\/","url":"https:\/\/silvertree.ee\/en\/product\/tree-stand\/","name":"Christmas Tree Stand - Silvertree","isPartOf":{"@id":"https:\/\/silvertree.ee\/#website"},"primaryImageOfPage":{"@id":"https:\/\/silvertree.ee\/en\/product\/tree-stand\/#primaryimage"},"image":{"@id":"https:\/\/silvertree.ee\/en\/product\/tree-stand\/#primaryimage"},"thumbnailUrl":"https:\/\/silvertree.ee\/wp-content\/uploads\/sites\/5\/2023\/08\/new-stand.webp","datePublished":"2023-08-09T12:07:50+00:00","dateModified":"2025-10-05T11:58:39+00:00","breadcrumb":{"@id":"https:\/\/silvertree.ee\/en\/product\/tree-stand\/#breadcrumb"},"inLanguage":"en-US","potentialAction":[{"@type":"ReadAction","target":["https:\/\/silvertree.ee\/en\/product\/tree-stand\/"]}]},{"@type":"ImageObject","inLanguage":"en-US","@id":"https:\/\/silvertree.ee\/en\/product\/tree-stand\/#primaryimage","url":"https:\/\/silvertree.ee\/wp-content\/uploads\/sites\/5\/2023\/08\/new-stand.webp","contentUrl":"https:\/\/silvertree.ee\/wp-content\/uploads\/sites\/5\/2023\/08\/new-stand.webp","width":829,"height":1000},{"@type":"BreadcrumbList","@id":"https:\/\/silvertree.ee\/en\/product\/tree-stand\/#breadcrumb","itemListElement":[{"@type":"ListItem","position":1,"name":"Home","item":"https:\/\/silvertree.ee\/en\/"},{"@type":"ListItem","position":2,"name":"Shop","item":"https:\/\/silvertree.ee\/en\/shop\/"},{"@type":"ListItem","position":3,"name":"Christmas Tree Stand"}]},{"@type":"WebSite","@id":"https:\/\/silvertree.ee\/#website","url":"https:\/\/silvertree.ee\/","name":"silvertree.ee","description":"Jaukiausioms 2023m. \u0161vent\u0117ms si\u016blome \u012fsigyti Premium kokyb\u0117s K\u0117n\u012f\u2611\ufe0farba gyv\u0105 lietuvi\u0161k\u0105 eglut\u0119\u2611\ufe0finternetu i\u0161\u23e9silvertree.ee. Pristatysime ir i\u0161ve\u0161ime NEMOKAMAI pas mus pirktas eglutes. Mes parduodame tik tikras Kal\u0117dines egles u\u017eaugintas ir nukirstas \u016bkiuose!","potentialAction":[{"@type":"SearchAction","target":{"@type":"EntryPoint","urlTemplate":"https:\/\/silvertree.ee\/?s={search_term_string}"},"query-input":{"@type":"PropertyValueSpecification","valueRequired":true,"valueName":"search_term_string"}}],"inLanguage":"en-US"}]}},"_links":{"self":[{"href":"https:\/\/silvertree.ee\/en\/wp-json\/wp\/v2\/product\/1258","targetHints":{"allow":["GET"]}}],"collection":[{"href":"https:\/\/silvertree.ee\/en\/wp-json\/wp\/v2\/product"}],"about":[{"href":"https:\/\/silvertree.ee\/en\/wp-json\/wp\/v2\/types\/product"}],"wp:featuredmedia":[{"embeddable":true,"href":"https:\/\/silvertree.ee\/en\/wp-json\/wp\/v2\/media\/2862"}],"wp:attachment":[{"href":"https:\/\/silvertree.ee\/en\/wp-json\/wp\/v2\/media?parent=1258"}],"wp:term":[{"taxonomy":"product_brand","embeddable":true,"href":"https:\/\/silvertree.ee\/en\/wp-json\/wp\/v2\/product_brand?post=1258"},{"taxonomy":"product_cat","embeddable":true,"href":"https:\/\/silvertree.ee\/en\/wp-json\/wp\/v2\/product_cat?post=1258"},{"taxonomy":"product_tag","embeddable":true,"href":"https:\/\/silvertree.ee\/en\/wp-json\/wp\/v2\/product_tag?post=1258"}],"curies":[{"name":"wp","href":"https:\/\/api.w.org\/{rel}","templated":true}]}}