

{"id":1275,"date":"2023-08-09T10:09:33","date_gmt":"2023-08-09T10:09:33","guid":{"rendered":"https:\/\/silvertree.ee\/produktas\/premium-kenis-vazone-100-125\/"},"modified":"2025-10-05T11:50:27","modified_gmt":"2025-10-05T11:50:27","slug":"premium-potgrown-fir-100-125","status":"publish","type":"product","link":"https:\/\/silvertree.ee\/en\/product\/premium-potgrown-fir-100-125\/","title":{"rendered":"Premium Potgrown Fir"},"content":{"rendered":"<p>One of the most commonly purchased Christmas trees for European and Estonian families during the holiday season. This tree, due to its impeccable genetics, can deceive you at first glance! With perfectly formed, evenly spaced, and dense branches, large, soft, lush, and richly coloured needles, it can create the impression of an artificial tree. It is precisely because of such needles that the Danish fir is an excellent choice when there are little children or pets causing a commotion at home.<\/p>\n<p>The Danish fir remains fresh for a longer period than other trees and typically doesn&#8217;t shed needles when placed indoors, making it a perfect addition to your home or office throughout the holiday season.<\/p>\n<p>This fir is the perfect choice for people who have allergies to the strong scent of a traditional Christmas tree, as the spruce&#8217;s scent indoors is barely noticeable.<\/p>\n<p>The potted fir has a complete root system, making it an ideal option for those who wish to preserve it. After enjoying this spruce throughout the holiday season, you can transplant it into your own yard or garden, or alternatively, we will give it a second life by replanting it.<\/p>\n","protected":false},"excerpt":{"rendered":"<p><b>Danish\u00a0<\/b>or<b>\u00a0Caucasian fir\u00a0<\/b>(Latin: Abies nordmanniana)<\/p>\n","protected":false},"featured_media":5227,"template":"","meta":{"_acf_changed":false,"inline_featured_image":false},"product_brand":[],"product_cat":[67,240,243,249,252,255,258,261,264,267,270,273,276,279,282],"product_tag":[],"class_list":{"0":"post-1275","1":"product","2":"type-product","3":"status-publish","4":"has-post-thumbnail","6":"product_cat-eglutes-en","7":"product_cat-euroopa-nulg-ee","8":"product_cat-fraseri-nulg-ee","9":"product_cat-jaapani-nulg-ee","10":"product_cat-joulukuused-tallinnas-ee","11":"product_cat-joulukuused-tartus-ee","12":"product_cat-joulupuud-potis-ee","13":"product_cat-kanada-kuusk-ee","14":"product_cat-kaukaasia-nulg-ee","15":"product_cat-korea-nulg-ee","16":"product_cat-nulg-ee","17":"product_cat-palsami-nulg-ee","18":"product_cat-serbia-kuusk-ee","19":"product_cat-siberi-nulg-ee","20":"product_cat-torkav-kuusk-ee","22":"first","23":"outofstock","24":"taxable","25":"shipping-taxable","26":"purchasable","27":"product-type-simple"},"acf":[],"yoast_head":"<!-- This site is optimized with the Yoast SEO plugin v26.1.1 - https:\/\/yoast.com\/wordpress\/plugins\/seo\/ -->\n<title>Premium Potgrown Fir 100-125cm - Silvertree<\/title>\n<meta name=\"robots\" content=\"noindex, nofollow\" \/>\n<meta property=\"og:locale\" content=\"en_US\" \/>\n<meta property=\"og:type\" content=\"article\" \/>\n<meta property=\"og:title\" content=\"Premium Potgrown Fir 100-125cm - Silvertree\" \/>\n<meta property=\"og:description\" content=\"Danish\u00a0or\u00a0Caucasian fir\u00a0(Latin: Abies nordmanniana)\" \/>\n<meta property=\"og:url\" content=\"https:\/\/silvertree.ee\/en\/product\/premium-potgrown-fir-100-125\/\" \/>\n<meta property=\"og:site_name\" content=\"silvertree.ee\" \/>\n<meta property=\"article:modified_time\" content=\"2025-10-05T11:50:27+00:00\" \/>\n<meta property=\"og:image\" content=\"https:\/\/silvertree.ee\/wp-content\/uploads\/sites\/5\/2023\/08\/100pot.png\" \/>\n\t<meta property=\"og:image:width\" content=\"829\" \/>\n\t<meta property=\"og:image:height\" content=\"1000\" \/>\n\t<meta property=\"og:image:type\" content=\"image\/png\" \/>\n<meta name=\"twitter:card\" content=\"summary_large_image\" \/>\n<meta name=\"twitter:label1\" content=\"Est. reading time\" \/>\n\t<meta name=\"twitter:data1\" content=\"2 minutes\" \/>\n<script type=\"application\/ld+json\" class=\"yoast-schema-graph\">{\"@context\":\"https:\/\/schema.org\",\"@graph\":[{\"@type\":\"WebPage\",\"@id\":\"https:\/\/silvertree.ee\/en\/product\/premium-potgrown-fir-100-125\/\",\"url\":\"https:\/\/silvertree.ee\/en\/product\/premium-potgrown-fir-100-125\/\",\"name\":\"Premium Potgrown Fir 100-125cm - Silvertree\",\"isPartOf\":{\"@id\":\"https:\/\/silvertree.ee\/#website\"},\"primaryImageOfPage\":{\"@id\":\"https:\/\/silvertree.ee\/en\/product\/premium-potgrown-fir-100-125\/#primaryimage\"},\"image\":{\"@id\":\"https:\/\/silvertree.ee\/en\/product\/premium-potgrown-fir-100-125\/#primaryimage\"},\"thumbnailUrl\":\"https:\/\/silvertree.ee\/wp-content\/uploads\/sites\/5\/2023\/08\/371494260_858732196033000_5717217612033409575_n.jpg\",\"datePublished\":\"2023-08-09T10:09:33+00:00\",\"dateModified\":\"2025-10-05T11:50:27+00:00\",\"breadcrumb\":{\"@id\":\"https:\/\/silvertree.ee\/en\/product\/premium-potgrown-fir-100-125\/#breadcrumb\"},\"inLanguage\":\"en-US\",\"potentialAction\":[{\"@type\":\"ReadAction\",\"target\":[\"https:\/\/silvertree.ee\/en\/product\/premium-potgrown-fir-100-125\/\"]}]},{\"@type\":\"ImageObject\",\"inLanguage\":\"en-US\",\"@id\":\"https:\/\/silvertree.ee\/en\/product\/premium-potgrown-fir-100-125\/#primaryimage\",\"url\":\"https:\/\/silvertree.ee\/wp-content\/uploads\/sites\/5\/2023\/08\/371494260_858732196033000_5717217612033409575_n.jpg\",\"contentUrl\":\"https:\/\/silvertree.ee\/wp-content\/uploads\/sites\/5\/2023\/08\/371494260_858732196033000_5717217612033409575_n.jpg\",\"width\":504,\"height\":800},{\"@type\":\"BreadcrumbList\",\"@id\":\"https:\/\/silvertree.ee\/en\/product\/premium-potgrown-fir-100-125\/#breadcrumb\",\"itemListElement\":[{\"@type\":\"ListItem\",\"position\":1,\"name\":\"Home\",\"item\":\"https:\/\/silvertree.ee\/en\/\"},{\"@type\":\"ListItem\",\"position\":2,\"name\":\"Shop\",\"item\":\"https:\/\/silvertree.ee\/en\/shop\/\"},{\"@type\":\"ListItem\",\"position\":3,\"name\":\"Premium Potgrown Fir\"}]},{\"@type\":\"WebSite\",\"@id\":\"https:\/\/silvertree.ee\/#website\",\"url\":\"https:\/\/silvertree.ee\/\",\"name\":\"silvertree.ee\",\"description\":\"Jaukiausioms 2023m. \u0161vent\u0117ms si\u016blome \u012fsigyti Premium kokyb\u0117s K\u0117n\u012f\u2611\ufe0farba gyv\u0105 lietuvi\u0161k\u0105 eglut\u0119\u2611\ufe0finternetu i\u0161\u23e9silvertree.ee. Pristatysime ir i\u0161ve\u0161ime NEMOKAMAI pas mus pirktas eglutes. Mes parduodame tik tikras Kal\u0117dines egles u\u017eaugintas ir nukirstas \u016bkiuose!\",\"potentialAction\":[{\"@type\":\"SearchAction\",\"target\":{\"@type\":\"EntryPoint\",\"urlTemplate\":\"https:\/\/silvertree.ee\/?s={search_term_string}\"},\"query-input\":{\"@type\":\"PropertyValueSpecification\",\"valueRequired\":true,\"valueName\":\"search_term_string\"}}],\"inLanguage\":\"en-US\"}]}<\/script>\n<!-- \/ Yoast SEO plugin. -->","yoast_head_json":{"title":"Premium Potgrown Fir 100-125cm - Silvertree","robots":{"index":"noindex","follow":"nofollow"},"og_locale":"en_US","og_type":"article","og_title":"Premium Potgrown Fir 100-125cm - Silvertree","og_description":"Danish\u00a0or\u00a0Caucasian fir\u00a0(Latin: Abies nordmanniana)","og_url":"https:\/\/silvertree.ee\/en\/product\/premium-potgrown-fir-100-125\/","og_site_name":"silvertree.ee","article_modified_time":"2025-10-05T11:50:27+00:00","og_image":[{"width":829,"height":1000,"url":"https:\/\/silvertree.ee\/wp-content\/uploads\/sites\/5\/2023\/08\/100pot.png","type":"image\/png"}],"twitter_card":"summary_large_image","twitter_misc":{"Est. reading time":"2 minutes"},"schema":{"@context":"https:\/\/schema.org","@graph":[{"@type":"WebPage","@id":"https:\/\/silvertree.ee\/en\/product\/premium-potgrown-fir-100-125\/","url":"https:\/\/silvertree.ee\/en\/product\/premium-potgrown-fir-100-125\/","name":"Premium Potgrown Fir 100-125cm - Silvertree","isPartOf":{"@id":"https:\/\/silvertree.ee\/#website"},"primaryImageOfPage":{"@id":"https:\/\/silvertree.ee\/en\/product\/premium-potgrown-fir-100-125\/#primaryimage"},"image":{"@id":"https:\/\/silvertree.ee\/en\/product\/premium-potgrown-fir-100-125\/#primaryimage"},"thumbnailUrl":"https:\/\/silvertree.ee\/wp-content\/uploads\/sites\/5\/2023\/08\/371494260_858732196033000_5717217612033409575_n.jpg","datePublished":"2023-08-09T10:09:33+00:00","dateModified":"2025-10-05T11:50:27+00:00","breadcrumb":{"@id":"https:\/\/silvertree.ee\/en\/product\/premium-potgrown-fir-100-125\/#breadcrumb"},"inLanguage":"en-US","potentialAction":[{"@type":"ReadAction","target":["https:\/\/silvertree.ee\/en\/product\/premium-potgrown-fir-100-125\/"]}]},{"@type":"ImageObject","inLanguage":"en-US","@id":"https:\/\/silvertree.ee\/en\/product\/premium-potgrown-fir-100-125\/#primaryimage","url":"https:\/\/silvertree.ee\/wp-content\/uploads\/sites\/5\/2023\/08\/371494260_858732196033000_5717217612033409575_n.jpg","contentUrl":"https:\/\/silvertree.ee\/wp-content\/uploads\/sites\/5\/2023\/08\/371494260_858732196033000_5717217612033409575_n.jpg","width":504,"height":800},{"@type":"BreadcrumbList","@id":"https:\/\/silvertree.ee\/en\/product\/premium-potgrown-fir-100-125\/#breadcrumb","itemListElement":[{"@type":"ListItem","position":1,"name":"Home","item":"https:\/\/silvertree.ee\/en\/"},{"@type":"ListItem","position":2,"name":"Shop","item":"https:\/\/silvertree.ee\/en\/shop\/"},{"@type":"ListItem","position":3,"name":"Premium Potgrown Fir"}]},{"@type":"WebSite","@id":"https:\/\/silvertree.ee\/#website","url":"https:\/\/silvertree.ee\/","name":"silvertree.ee","description":"Jaukiausioms 2023m. \u0161vent\u0117ms si\u016blome \u012fsigyti Premium kokyb\u0117s K\u0117n\u012f\u2611\ufe0farba gyv\u0105 lietuvi\u0161k\u0105 eglut\u0119\u2611\ufe0finternetu i\u0161\u23e9silvertree.ee. Pristatysime ir i\u0161ve\u0161ime NEMOKAMAI pas mus pirktas eglutes. Mes parduodame tik tikras Kal\u0117dines egles u\u017eaugintas ir nukirstas \u016bkiuose!","potentialAction":[{"@type":"SearchAction","target":{"@type":"EntryPoint","urlTemplate":"https:\/\/silvertree.ee\/?s={search_term_string}"},"query-input":{"@type":"PropertyValueSpecification","valueRequired":true,"valueName":"search_term_string"}}],"inLanguage":"en-US"}]}},"_links":{"self":[{"href":"https:\/\/silvertree.ee\/en\/wp-json\/wp\/v2\/product\/1275","targetHints":{"allow":["GET"]}}],"collection":[{"href":"https:\/\/silvertree.ee\/en\/wp-json\/wp\/v2\/product"}],"about":[{"href":"https:\/\/silvertree.ee\/en\/wp-json\/wp\/v2\/types\/product"}],"wp:featuredmedia":[{"embeddable":true,"href":"https:\/\/silvertree.ee\/en\/wp-json\/wp\/v2\/media\/5227"}],"wp:attachment":[{"href":"https:\/\/silvertree.ee\/en\/wp-json\/wp\/v2\/media?parent=1275"}],"wp:term":[{"taxonomy":"product_brand","embeddable":true,"href":"https:\/\/silvertree.ee\/en\/wp-json\/wp\/v2\/product_brand?post=1275"},{"taxonomy":"product_cat","embeddable":true,"href":"https:\/\/silvertree.ee\/en\/wp-json\/wp\/v2\/product_cat?post=1275"},{"taxonomy":"product_tag","embeddable":true,"href":"https:\/\/silvertree.ee\/en\/wp-json\/wp\/v2\/product_tag?post=1275"}],"curies":[{"name":"wp","href":"https:\/\/api.w.org\/{rel}","templated":true}]}}