

{"id":167,"date":"2023-07-23T12:47:08","date_gmt":"2023-07-23T12:47:08","guid":{"rendered":"https:\/\/silvertree.ee\/?page_id=167"},"modified":"2025-10-03T16:20:34","modified_gmt":"2025-10-03T16:20:34","slug":"pristatymo-zonos","status":"publish","type":"page","link":"https:\/\/silvertree.ee\/lt\/pristatymo-zonos\/","title":{"rendered":"Pristatymo zonos"},"content":{"rendered":"\n<div style=\"height:50px\" aria-hidden=\"true\" class=\"wp-block-spacer\"><\/div>\n\n\n\n<p class=\"has-text-align-center\" style=\"font-size:30px\">Zonos, kur teikiame paslaugas ir zon\u0173 kainos<\/p>\n\n\n\n<style>\nul {\npadding: 20px 0;\n}\nul li::before {\n  content: attr(data-icon);\n  \/* Make slightly larger than the li font-size\n  but smaller than the li gap *\/\n  font-size: 1.25em;\n}\nli {\npadding: 5px 0;\n}\n\nlabel,input{\n  display:flex;\n  flex-direction:column;\n}\n<\/style>\n\n<br>\n\n<div style=\"max-width: 300px; margin: auto; padding: 30px 0;\">\n\n<select name=\"city\" id=\"city\">\n<option disabled selected value> &#8212; Pasirinkite miest\u0105 &#8212; <\/option>\n<option value=\"vilnius\">Vilnius<\/option>\n<option value=\"kaunas\">Kaunas<\/option>\n<option value=\"klaipeda\">Klaip\u0117da<\/option>\n<\/select>\n<\/div>\n<script>\nfunction hideAll() {\n  var els = document.getElementsByClassName('stree-map');\n\nArray.prototype.forEach.call(els, function(el) {\n    el.hidden = true;\n});\n}\nwindow.addEventListener('load', (event) => {\nhideAll();\n});\n\ndocument.getElementById('city').addEventListener('change', function() {\nhideAll();\nvar els = document.getElementsByClassName('map-' + this.value);\n\n\nArray.prototype.forEach.call(els, function(el) {\n    el.hidden = false;\n});\n});\n<\/script>\n\n\n\n<div class=\"wp-block-group map-vilnius stree-map\"><div class=\"wp-block-group__inner-container is-layout-constrained wp-block-group-is-layout-constrained\">\n<div class=\"wp-block-group\"><div class=\"wp-block-group__inner-container is-layout-constrained wp-block-group-is-layout-constrained\"><p>[szbd ids=&#8221;3132, 3156, 3159, 3164, 3208, 3219, 3220, 3229&#8243; color=&#8221;red, yellow, blue, cyan, purple, orange, green&#8221;]<\/p>\n<\/div><\/div>\n<\/div><\/div>\n\n\n\n<div class=\"wp-block-group map-kaunas stree-map\"><div class=\"wp-block-group__inner-container is-layout-constrained wp-block-group-is-layout-constrained\">\n<div class=\"wp-block-group\"><div class=\"wp-block-group__inner-container is-layout-constrained wp-block-group-is-layout-constrained\"><p>[szbd ids=&#8221;3278, 3281, 3282, 3285&#8243; color=&#8221;red, yellow, cyan, purple&#8221;]<\/p>\n<\/div><\/div>\n<\/div><\/div>\n\n\n\n<div class=\"wp-block-group map-klaipeda stree-map\"><div class=\"wp-block-group__inner-container is-layout-constrained wp-block-group-is-layout-constrained\"><p>[szbd ids=&#8221;3288, 3291&#8243; color=&#8221;red, yellow&#8221;]<\/p>\n<\/div><\/div>\n","protected":false},"excerpt":{"rendered":"<p>Zonos, kur teikiame paslaugas ir zon\u0173 kainos &#8212; Pasirinkite miest\u0105 &#8212; VilniusKaunasKlaip\u0117da<\/p>\n","protected":false},"author":1,"featured_media":0,"parent":0,"menu_order":0,"comment_status":"closed","ping_status":"closed","template":"page-simple.php","meta":{"_acf_changed":false,"inline_featured_image":false,"footnotes":""},"class_list":["post-167","page","type-page","status-publish","hentry"],"acf":[],"yoast_head":"<!-- This site is optimized with the Yoast SEO plugin v26.1.1 - https:\/\/yoast.com\/wordpress\/plugins\/seo\/ -->\n<title>Pristatymo zonos<\/title>\n<meta name=\"robots\" content=\"noindex, nofollow\" \/>\n<meta property=\"og:locale\" content=\"lt_LT\" \/>\n<meta property=\"og:type\" content=\"article\" \/>\n<meta property=\"og:title\" content=\"Pristatymo zonos\" \/>\n<meta property=\"og:description\" content=\"Zonos, kur teikiame paslaugas ir zon\u0173 kainos &#8212; Pasirinkite miest\u0105 &#8212; VilniusKaunasKlaip\u0117da\" \/>\n<meta property=\"og:url\" content=\"https:\/\/silvertree.ee\/lt\/pristatymo-zonos\/\" \/>\n<meta property=\"og:site_name\" content=\"silvertree.ee\" \/>\n<meta property=\"article:modified_time\" content=\"2025-10-03T16:20:34+00:00\" \/>\n<meta name=\"twitter:card\" content=\"summary_large_image\" \/>\n<meta name=\"twitter:label1\" content=\"Est. reading time\" \/>\n\t<meta name=\"twitter:data1\" content=\"1 minut\u0117\" \/>\n<script type=\"application\/ld+json\" class=\"yoast-schema-graph\">{\"@context\":\"https:\/\/schema.org\",\"@graph\":[{\"@type\":\"WebPage\",\"@id\":\"https:\/\/silvertree.ee\/lt\/pristatymo-zonos\/\",\"url\":\"https:\/\/silvertree.ee\/lt\/pristatymo-zonos\/\",\"name\":\"Pristatymo zonos\",\"isPartOf\":{\"@id\":\"https:\/\/silvertree.ee\/#website\"},\"datePublished\":\"2023-07-23T12:47:08+00:00\",\"dateModified\":\"2025-10-03T16:20:34+00:00\",\"breadcrumb\":{\"@id\":\"https:\/\/silvertree.ee\/lt\/pristatymo-zonos\/#breadcrumb\"},\"inLanguage\":\"lt-LT\",\"potentialAction\":[{\"@type\":\"ReadAction\",\"target\":[\"https:\/\/silvertree.ee\/lt\/pristatymo-zonos\/\"]}]},{\"@type\":\"BreadcrumbList\",\"@id\":\"https:\/\/silvertree.ee\/lt\/pristatymo-zonos\/#breadcrumb\",\"itemListElement\":[{\"@type\":\"ListItem\",\"position\":1,\"name\":\"Home\",\"item\":\"https:\/\/silvertree.ee\/lt\/\"},{\"@type\":\"ListItem\",\"position\":2,\"name\":\"Pristatymo zonos\"}]},{\"@type\":\"WebSite\",\"@id\":\"https:\/\/silvertree.ee\/#website\",\"url\":\"https:\/\/silvertree.ee\/\",\"name\":\"silvertree.ee\",\"description\":\"Jaukiausioms 2023m. \u0161vent\u0117ms si\u016blome \u012fsigyti Premium kokyb\u0117s K\u0117n\u012f\u2611\ufe0farba gyv\u0105 lietuvi\u0161k\u0105 eglut\u0119\u2611\ufe0finternetu i\u0161\u23e9silvertree.ee. Pristatysime ir i\u0161ve\u0161ime NEMOKAMAI pas mus pirktas eglutes. Mes parduodame tik tikras Kal\u0117dines egles u\u017eaugintas ir nukirstas \u016bkiuose!\",\"potentialAction\":[{\"@type\":\"SearchAction\",\"target\":{\"@type\":\"EntryPoint\",\"urlTemplate\":\"https:\/\/silvertree.ee\/?s={search_term_string}\"},\"query-input\":{\"@type\":\"PropertyValueSpecification\",\"valueRequired\":true,\"valueName\":\"search_term_string\"}}],\"inLanguage\":\"lt-LT\"}]}<\/script>\n<!-- \/ Yoast SEO plugin. -->","yoast_head_json":{"title":"Pristatymo zonos","robots":{"index":"noindex","follow":"nofollow"},"og_locale":"lt_LT","og_type":"article","og_title":"Pristatymo zonos","og_description":"Zonos, kur teikiame paslaugas ir zon\u0173 kainos &#8212; Pasirinkite miest\u0105 &#8212; VilniusKaunasKlaip\u0117da","og_url":"https:\/\/silvertree.ee\/lt\/pristatymo-zonos\/","og_site_name":"silvertree.ee","article_modified_time":"2025-10-03T16:20:34+00:00","twitter_card":"summary_large_image","twitter_misc":{"Est. reading time":"1 minut\u0117"},"schema":{"@context":"https:\/\/schema.org","@graph":[{"@type":"WebPage","@id":"https:\/\/silvertree.ee\/lt\/pristatymo-zonos\/","url":"https:\/\/silvertree.ee\/lt\/pristatymo-zonos\/","name":"Pristatymo zonos","isPartOf":{"@id":"https:\/\/silvertree.ee\/#website"},"datePublished":"2023-07-23T12:47:08+00:00","dateModified":"2025-10-03T16:20:34+00:00","breadcrumb":{"@id":"https:\/\/silvertree.ee\/lt\/pristatymo-zonos\/#breadcrumb"},"inLanguage":"lt-LT","potentialAction":[{"@type":"ReadAction","target":["https:\/\/silvertree.ee\/lt\/pristatymo-zonos\/"]}]},{"@type":"BreadcrumbList","@id":"https:\/\/silvertree.ee\/lt\/pristatymo-zonos\/#breadcrumb","itemListElement":[{"@type":"ListItem","position":1,"name":"Home","item":"https:\/\/silvertree.ee\/lt\/"},{"@type":"ListItem","position":2,"name":"Pristatymo zonos"}]},{"@type":"WebSite","@id":"https:\/\/silvertree.ee\/#website","url":"https:\/\/silvertree.ee\/","name":"silvertree.ee","description":"Jaukiausioms 2023m. \u0161vent\u0117ms si\u016blome \u012fsigyti Premium kokyb\u0117s K\u0117n\u012f\u2611\ufe0farba gyv\u0105 lietuvi\u0161k\u0105 eglut\u0119\u2611\ufe0finternetu i\u0161\u23e9silvertree.ee. Pristatysime ir i\u0161ve\u0161ime NEMOKAMAI pas mus pirktas eglutes. Mes parduodame tik tikras Kal\u0117dines egles u\u017eaugintas ir nukirstas \u016bkiuose!","potentialAction":[{"@type":"SearchAction","target":{"@type":"EntryPoint","urlTemplate":"https:\/\/silvertree.ee\/?s={search_term_string}"},"query-input":{"@type":"PropertyValueSpecification","valueRequired":true,"valueName":"search_term_string"}}],"inLanguage":"lt-LT"}]}},"_links":{"self":[{"href":"https:\/\/silvertree.ee\/lt\/wp-json\/wp\/v2\/pages\/167","targetHints":{"allow":["GET"]}}],"collection":[{"href":"https:\/\/silvertree.ee\/lt\/wp-json\/wp\/v2\/pages"}],"about":[{"href":"https:\/\/silvertree.ee\/lt\/wp-json\/wp\/v2\/types\/page"}],"author":[{"embeddable":true,"href":"https:\/\/silvertree.ee\/lt\/wp-json\/wp\/v2\/users\/1"}],"replies":[{"embeddable":true,"href":"https:\/\/silvertree.ee\/lt\/wp-json\/wp\/v2\/comments?post=167"}],"version-history":[{"count":79,"href":"https:\/\/silvertree.ee\/lt\/wp-json\/wp\/v2\/pages\/167\/revisions"}],"predecessor-version":[{"id":7820,"href":"https:\/\/silvertree.ee\/lt\/wp-json\/wp\/v2\/pages\/167\/revisions\/7820"}],"wp:attachment":[{"href":"https:\/\/silvertree.ee\/lt\/wp-json\/wp\/v2\/media?parent=167"}],"curies":[{"name":"wp","href":"https:\/\/api.w.org\/{rel}","templated":true}]}}