

{"id":274,"date":"2023-08-07T17:48:51","date_gmt":"2023-08-07T17:48:51","guid":{"rendered":"https:\/\/silvertree.ee\/?page_id=274"},"modified":"2025-10-03T16:19:23","modified_gmt":"2025-10-03T16:19:23","slug":"tvarumas","status":"publish","type":"page","link":"https:\/\/silvertree.ee\/lt\/tvarumas\/","title":{"rendered":"Tvarumas"},"content":{"rendered":"\n<p>\u0160iomis dienomis pasaulio verslai, kompanijos, kryptingai vykdydami savo veikl\u0105, \u017eingsnis po \u017eingsnio juda tvarumo link \u2013 harmonijos palaikymo visuomen\u0117s, gamtos ir \u017emoni\u0173 tarpusavio santykiuose, atsakingai kuriant nuolatin\u0119 vert\u0119.<\/p>\n\n\n\n<p>Tod\u0117l ir mes, SilverTree komanda, vadovaudamiesi tvirtomis vertyb\u0117mis, laisvai ir s\u0105moningai nusprend\u0117me elgtis atsakingai verslo kasdienyb\u0117je ir taip \u017eengti \u012f tvaraus verslo pasaul\u012f.<\/p>\n\n\n\n<h4 class=\"wp-block-heading\">Kal\u0117dini\u0173 eglu\u010di\u0173 auginimo koncepcija<\/h4>\n\n\n\n<p><\/p>\n\n\n\n<p>Vis\u0105 SilverTree tvarumu pagr\u012fst\u0105 veikl\u0105 patvirtina \u201eClimate Tree Certified\u201c \u2013 kal\u0117dini\u0173 eglu\u010di\u0173 auginimo koncepcija, kuri dalyvauja ir padeda spr\u0119sti bendrus klimato kaitos i\u0161\u0161\u016bkius, daugiausia d\u0117mesio skiriant anglies dioksido (CO2)&nbsp; i\u0161metimo problemai.<\/p>\n\n\n\n<p>Tokia spygliuo\u010di\u0173 plantacij\u0173 auginimo koncepcija reikalauja tur\u0117ti ne ma\u017eiau kaip 50% nuolatinio mi\u0161raus mi\u0161ko ir nat\u016braliai i\u0161sivys\u010diusios laukin\u0117s gamtos. Prie \u0161ios nat\u016bralios CO2 absorbcijos prisideda ir m\u016bs\u0173 eglu\u010di\u0173 auginimo plantacijos.<\/p>\n\n\n\n<p>Siekiant subalansuoti ir i\u0161laikyti medeli\u0173 auginimo plantacij\u0173 CO2 absorbcij\u0105 ir ekosistem\u0105, m\u016bs\u0173 verslas yra \u012fsipareigoj\u0119s atlikti teori\u0161kai ir prakti\u0161kai pagr\u012fstas dokumentacijas, kuriose yra pateikiama i\u0161sami informacija apie eglu\u010di\u0173 pirkim\u0105, sodinim\u0105 ir kirtim\u0105.<\/p>\n\n\n\n<p>Siekiant subalansuoti ir i\u0161laikyti medeli\u0173 auginimo plantacij\u0173 CO2 absorbcij\u0105 ir kuo nat\u016bralesn\u0119 ekosistem\u0105, \u012fsipareigojame kiekvienam nukirstam augalui pasodinti bent po vien\u0105 nauj\u0105. Taip prisidedame prie bendr\u0173 klimato i\u0161\u0161\u016bki\u0173 ma\u017einimo.<\/p>\n\n\n\n<p>Siekdami u\u017esiimti visuomen\u0117s edukacija &#8211; kvie\u010diame rinktis gyv\u0105 eglut\u0119. Taip sukursite naud\u0105 gamtai bei ma\u017einsite i\u0161metam\u0173j\u0173 duj\u0173 kiek\u012f lyginant su dirbtin\u0117s eglut\u0117s \u012fsigijimu. Pavyzd\u017eiui, vienos dirbtin\u0117s eglut\u0117s paliekamo anglies p\u0117dsako kiekis (i\u0161metam\u0173j\u0173 ir \u0161iltnamio efekt\u0105 sukelian\u010di\u0173 duj\u0173), pasak &#8222;British Carbon Trust&#8221;, siekia 40 kg CO2, o nat\u016bralios eglut\u0117s &#8211; tik 3,5kg CO2. Taip pat, gyv\u0173 eglu\u010di\u0173 auginimas naudingesnis gamtai d\u0117l CO2 absorbcijos ir deguonies i\u0161skyrimo (per metus vidutini\u0161kai absorbuojama 10ton\u0173\/ha CO2, be to gyv\u0173 eglu\u010di\u0173 plantacijose i\u0161skiriama apie 7 ton\u0173\/ha O2 (deguonies). O dirbtini\u0173 eglu\u010di\u0173 gaminimo metu CO2 yra i\u0161skiriamas \u012f aplink\u0105, kas lemia didesn\u0119 oro tar\u0161\u0105.&nbsp;<\/p>\n\n\n\n<p>Svarbu ir tai, kad visomis SilverTree \u012fsigytomis ir i\u0161 klient\u0173 surinktomis eglut\u0117mis atitinkamai kruop\u0161\u010diai pasir\u016bpiname. Vienos eglut\u0117s yra atsakingai perdirbamos, tampa \u017eem\u0117s tr\u0105\u0161a ar biokuru. Kitos, kurios buvo augintos ir \u012fsigytos vazone, yra atsodinamos antram gyvenimui, i\u0161 kuri\u0173 net 90% s\u0117kmingai prigyja ir \u017ealiuoja toliau, jei vis\u0105 \u0161ventin\u012f laikotarp\u012f buvo tinkamai pri\u017ei\u016brimos, remiantis m\u016bs\u0173 eglu\u010di\u0173 prie\u017ei\u016bros rekomendacijomis.<\/p>\n\n\n\n<h4 class=\"wp-block-heading\">Klimato kait\u0105 ma\u017einantys produktai<\/h4>\n\n\n\n<p><\/p>\n\n\n\n<p>Climate Tree sertifikatas u\u017etikrina, kad m\u016bs\u0173 parduodami kal\u0117diniai spygliuo\u010diai yra tvar\u016bs produktai, kuriais darome ma\u017eesn\u012f poveik\u012f klimato kaitai.<\/p>\n\n\n\n<p>Climate Tree nustatytais kriterijais, kurie apima ir produkt\u0173 transportavimo proceso klimato kaitos ma\u017einimo reikalavim\u0105, pri\u0117m\u0117me reik\u0161ming\u0105 sprendim\u0105 eglu\u010di\u0173 i\u0161ve\u017eimo politikoje. Siekdami ma\u017einti transporto priemoni\u0173 i\u0161metam\u0105 CO2 kiek\u012f, kal\u0117dini\u0173 medeli\u0173 i\u0161ve\u017eimui sudarome tvarkara\u0161\u010dius, suskirstytus mikrorajonais.<\/p>\n\n\n\n<p>Kaip gamta myli \u017ealiuojan\u010dius med\u017eius, taip ir m\u016bs\u0173 verslas siekia kuo labiau prisid\u0117ti prie tvaraus spygliuo\u010di\u0173 auginimo ir atsakingo tausojimo. Tod\u0117l gera vienu \u017eingsniu \u017eengti greta kit\u0173 tvarias id\u0117jas pl\u0117tojan\u010di\u0173 versl\u0173 ir kurti \u017emogaus bei gamtos santyk\u012f, paremt\u0105 tvarumu.<\/p>\n\n\n\n<p><\/p>\n\n\n\n<h4 class=\"wp-block-heading\"><\/h4>\n\n\n\n<h4 class=\"wp-block-heading\">Nuorodos \u012f sertifikatus<\/h4>\n\n\n\n<p><\/p>\n\n\n\n<ol class=\"wp-block-list\">\n<li><a href=\"\/wp-content\/uploads\/sites\/5\/2023\/08\/Climate-Tree-Certified-Introduction-1.pdf\">Tiek\u0117jo tvarumo sertifikatas<\/a><\/li>\n<\/ol>\n","protected":false},"excerpt":{"rendered":"<p>\u0160iomis dienomis pasaulio verslai, kompanijos, kryptingai vykdydami savo veikl\u0105, \u017eingsnis po \u017eingsnio juda tvarumo link \u2013 harmonijos palaikymo visuomen\u0117s, gamtos ir \u017emoni\u0173 tarpusavio santykiuose, atsakingai kuriant nuolatin\u0119 vert\u0119. Tod\u0117l ir mes, SilverTree komanda, vadovaudamiesi tvirtomis vertyb\u0117mis, laisvai ir s\u0105moningai nusprend\u0117me elgtis atsakingai verslo kasdienyb\u0117je ir taip \u017eengti \u012f tvaraus verslo pasaul\u012f. Kal\u0117dini\u0173 eglu\u010di\u0173 auginimo koncepcija [&hellip;]<\/p>\n","protected":false},"author":1,"featured_media":0,"parent":0,"menu_order":0,"comment_status":"closed","ping_status":"closed","template":"page-simple.php","meta":{"_acf_changed":false,"inline_featured_image":false,"footnotes":""},"class_list":["post-274","page","type-page","status-publish","hentry"],"acf":[],"yoast_head":"<!-- This site is optimized with the Yoast SEO plugin v26.1.1 - https:\/\/yoast.com\/wordpress\/plugins\/seo\/ -->\n<title>Tvarumas<\/title>\n<meta name=\"robots\" content=\"noindex, nofollow\" \/>\n<meta property=\"og:locale\" content=\"lt_LT\" \/>\n<meta property=\"og:type\" content=\"article\" \/>\n<meta property=\"og:title\" content=\"Tvarumas\" \/>\n<meta property=\"og:description\" content=\"\u0160iomis dienomis pasaulio verslai, kompanijos, kryptingai vykdydami savo veikl\u0105, \u017eingsnis po \u017eingsnio juda tvarumo link \u2013 harmonijos palaikymo visuomen\u0117s, gamtos ir \u017emoni\u0173 tarpusavio santykiuose, atsakingai kuriant nuolatin\u0119 vert\u0119. Tod\u0117l ir mes, SilverTree komanda, vadovaudamiesi tvirtomis vertyb\u0117mis, laisvai ir s\u0105moningai nusprend\u0117me elgtis atsakingai verslo kasdienyb\u0117je ir taip \u017eengti \u012f tvaraus verslo pasaul\u012f. Kal\u0117dini\u0173 eglu\u010di\u0173 auginimo koncepcija [&hellip;]\" \/>\n<meta property=\"og:url\" content=\"https:\/\/silvertree.ee\/lt\/tvarumas\/\" \/>\n<meta property=\"og:site_name\" content=\"silvertree.ee\" \/>\n<meta property=\"article:modified_time\" content=\"2025-10-03T16:19:23+00:00\" \/>\n<meta name=\"twitter:card\" content=\"summary_large_image\" \/>\n<meta name=\"twitter:label1\" content=\"Est. reading time\" \/>\n\t<meta name=\"twitter:data1\" content=\"3 minut\u0117s\" \/>\n<script type=\"application\/ld+json\" class=\"yoast-schema-graph\">{\"@context\":\"https:\/\/schema.org\",\"@graph\":[{\"@type\":\"WebPage\",\"@id\":\"https:\/\/silvertree.ee\/lt\/tvarumas\/\",\"url\":\"https:\/\/silvertree.ee\/lt\/tvarumas\/\",\"name\":\"Tvarumas\",\"isPartOf\":{\"@id\":\"https:\/\/silvertree.ee\/#website\"},\"datePublished\":\"2023-08-07T17:48:51+00:00\",\"dateModified\":\"2025-10-03T16:19:23+00:00\",\"breadcrumb\":{\"@id\":\"https:\/\/silvertree.ee\/lt\/tvarumas\/#breadcrumb\"},\"inLanguage\":\"lt-LT\",\"potentialAction\":[{\"@type\":\"ReadAction\",\"target\":[\"https:\/\/silvertree.ee\/lt\/tvarumas\/\"]}]},{\"@type\":\"BreadcrumbList\",\"@id\":\"https:\/\/silvertree.ee\/lt\/tvarumas\/#breadcrumb\",\"itemListElement\":[{\"@type\":\"ListItem\",\"position\":1,\"name\":\"Home\",\"item\":\"https:\/\/silvertree.ee\/lt\/\"},{\"@type\":\"ListItem\",\"position\":2,\"name\":\"Tvarumas\"}]},{\"@type\":\"WebSite\",\"@id\":\"https:\/\/silvertree.ee\/#website\",\"url\":\"https:\/\/silvertree.ee\/\",\"name\":\"silvertree.ee\",\"description\":\"Jaukiausioms 2023m. \u0161vent\u0117ms si\u016blome \u012fsigyti Premium kokyb\u0117s K\u0117n\u012f\u2611\ufe0farba gyv\u0105 lietuvi\u0161k\u0105 eglut\u0119\u2611\ufe0finternetu i\u0161\u23e9silvertree.ee. Pristatysime ir i\u0161ve\u0161ime NEMOKAMAI pas mus pirktas eglutes. Mes parduodame tik tikras Kal\u0117dines egles u\u017eaugintas ir nukirstas \u016bkiuose!\",\"potentialAction\":[{\"@type\":\"SearchAction\",\"target\":{\"@type\":\"EntryPoint\",\"urlTemplate\":\"https:\/\/silvertree.ee\/?s={search_term_string}\"},\"query-input\":{\"@type\":\"PropertyValueSpecification\",\"valueRequired\":true,\"valueName\":\"search_term_string\"}}],\"inLanguage\":\"lt-LT\"}]}<\/script>\n<!-- \/ Yoast SEO plugin. -->","yoast_head_json":{"title":"Tvarumas","robots":{"index":"noindex","follow":"nofollow"},"og_locale":"lt_LT","og_type":"article","og_title":"Tvarumas","og_description":"\u0160iomis dienomis pasaulio verslai, kompanijos, kryptingai vykdydami savo veikl\u0105, \u017eingsnis po \u017eingsnio juda tvarumo link \u2013 harmonijos palaikymo visuomen\u0117s, gamtos ir \u017emoni\u0173 tarpusavio santykiuose, atsakingai kuriant nuolatin\u0119 vert\u0119. Tod\u0117l ir mes, SilverTree komanda, vadovaudamiesi tvirtomis vertyb\u0117mis, laisvai ir s\u0105moningai nusprend\u0117me elgtis atsakingai verslo kasdienyb\u0117je ir taip \u017eengti \u012f tvaraus verslo pasaul\u012f. Kal\u0117dini\u0173 eglu\u010di\u0173 auginimo koncepcija [&hellip;]","og_url":"https:\/\/silvertree.ee\/lt\/tvarumas\/","og_site_name":"silvertree.ee","article_modified_time":"2025-10-03T16:19:23+00:00","twitter_card":"summary_large_image","twitter_misc":{"Est. reading time":"3 minut\u0117s"},"schema":{"@context":"https:\/\/schema.org","@graph":[{"@type":"WebPage","@id":"https:\/\/silvertree.ee\/lt\/tvarumas\/","url":"https:\/\/silvertree.ee\/lt\/tvarumas\/","name":"Tvarumas","isPartOf":{"@id":"https:\/\/silvertree.ee\/#website"},"datePublished":"2023-08-07T17:48:51+00:00","dateModified":"2025-10-03T16:19:23+00:00","breadcrumb":{"@id":"https:\/\/silvertree.ee\/lt\/tvarumas\/#breadcrumb"},"inLanguage":"lt-LT","potentialAction":[{"@type":"ReadAction","target":["https:\/\/silvertree.ee\/lt\/tvarumas\/"]}]},{"@type":"BreadcrumbList","@id":"https:\/\/silvertree.ee\/lt\/tvarumas\/#breadcrumb","itemListElement":[{"@type":"ListItem","position":1,"name":"Home","item":"https:\/\/silvertree.ee\/lt\/"},{"@type":"ListItem","position":2,"name":"Tvarumas"}]},{"@type":"WebSite","@id":"https:\/\/silvertree.ee\/#website","url":"https:\/\/silvertree.ee\/","name":"silvertree.ee","description":"Jaukiausioms 2023m. \u0161vent\u0117ms si\u016blome \u012fsigyti Premium kokyb\u0117s K\u0117n\u012f\u2611\ufe0farba gyv\u0105 lietuvi\u0161k\u0105 eglut\u0119\u2611\ufe0finternetu i\u0161\u23e9silvertree.ee. Pristatysime ir i\u0161ve\u0161ime NEMOKAMAI pas mus pirktas eglutes. Mes parduodame tik tikras Kal\u0117dines egles u\u017eaugintas ir nukirstas \u016bkiuose!","potentialAction":[{"@type":"SearchAction","target":{"@type":"EntryPoint","urlTemplate":"https:\/\/silvertree.ee\/?s={search_term_string}"},"query-input":{"@type":"PropertyValueSpecification","valueRequired":true,"valueName":"search_term_string"}}],"inLanguage":"lt-LT"}]}},"_links":{"self":[{"href":"https:\/\/silvertree.ee\/lt\/wp-json\/wp\/v2\/pages\/274","targetHints":{"allow":["GET"]}}],"collection":[{"href":"https:\/\/silvertree.ee\/lt\/wp-json\/wp\/v2\/pages"}],"about":[{"href":"https:\/\/silvertree.ee\/lt\/wp-json\/wp\/v2\/types\/page"}],"author":[{"embeddable":true,"href":"https:\/\/silvertree.ee\/lt\/wp-json\/wp\/v2\/users\/1"}],"replies":[{"embeddable":true,"href":"https:\/\/silvertree.ee\/lt\/wp-json\/wp\/v2\/comments?post=274"}],"version-history":[{"count":9,"href":"https:\/\/silvertree.ee\/lt\/wp-json\/wp\/v2\/pages\/274\/revisions"}],"predecessor-version":[{"id":7819,"href":"https:\/\/silvertree.ee\/lt\/wp-json\/wp\/v2\/pages\/274\/revisions\/7819"}],"wp:attachment":[{"href":"https:\/\/silvertree.ee\/lt\/wp-json\/wp\/v2\/media?parent=274"}],"curies":[{"name":"wp","href":"https:\/\/api.w.org\/{rel}","templated":true}]}}