

{"id":289,"date":"2023-08-07T17:52:01","date_gmt":"2023-08-07T17:52:01","guid":{"rendered":"https:\/\/silvertree.ee\/?page_id=289"},"modified":"2025-10-03T16:16:46","modified_gmt":"2025-10-03T16:16:46","slug":"apie-mus","status":"publish","type":"page","link":"https:\/\/silvertree.ee\/lt\/apie-mus\/","title":{"rendered":"Apie mus"},"content":{"rendered":"\r\n\r\n<section id=\"home-two-column-items-block_a2cbc71cc57994ccfdf9531e60a774bd\" class=\"home-two-column-items \">\r\n    <div class=\"container\">\r\n        <div class=\"home-two-column-wrapper\">\r\n            <div class=\"home-two-column-header\">\r\n\r\n                                    <h2 class=\"sectionheading\">Apie mus<\/h2>\r\n                                                    <p>\r\n\r\n\r\n\r\n<\/p>\r\n                            <\/div>\r\n            <div class=\"home-two-column-content\">\r\n                                    <div class=\"home-two-column-item home-two-column-item-0\">\r\n                        <div class=\"home-two-column-image\">\r\n                                                    <\/div>\r\n                        <div class=\"home-two-column-content\">\r\n                                                            <h3>Kod\u0117l susik\u016br\u0117me<\/h3>\r\n                                                                                        <p>Turb\u016bt kiekvienam i\u0161 m\u016bs\u0173 yra tek\u0119 susidurti su sunkumais persigabenant kal\u0117din\u0119 eglut\u0119 \u012f namus. Pradedant gra\u017eios eglut\u0117s paie\u0161komis, durian\u010dio medelio sutalpinimu automobilyje, jo u\u017ene\u0161imu laiptais \u2013 reikia gerokai paplu\u0161\u0117ti. O k\u0105 jau kalb\u0117ti apie byran\u010dios eglut\u0117s i\u0161ne\u0161im\u0105 pasibaigus \u0161vent\u0117ms? Reikia \u017einoti kur j\u0105 nugabenti, nes juk negalima eglut\u0117s palikti prie buitini\u0173 atliek\u0173 konteinerio ar bet kur kieme. <\/p>\r\n                            \r\n                                                    <\/div>\r\n                    <\/div>\r\n                                    <div class=\"home-two-column-item home-two-column-item-1\">\r\n                        <div class=\"home-two-column-image\">\r\n                                                    <\/div>\r\n                        <div class=\"home-two-column-content\">\r\n                                                            <h3>M\u016bs\u0173 misija<\/h3>\r\n                                                                                        <p>Palengvinti kal\u0117din\u0117s eglut\u0117s \u012fsigijim\u0105, kad did\u017eiausias J\u016bs\u0173 galvos\u016bkis susij\u0119s su eglute, b\u016bt\u0173 jos papuo\u0161imas. Mes nemokamai pristatome PREMIUM klas\u0117s eglutes \u012f klient\u0173 pasirinktas vietas norimu laiku, o pasibaigus \u0161vent\u0117ms jas i\u0161ve\u017eame perdirbimui ar atsodinimui.<\/p>\r\n                            \r\n                                                    <\/div>\r\n                    <\/div>\r\n                                    <div class=\"home-two-column-item home-two-column-item-2\">\r\n                        <div class=\"home-two-column-image\">\r\n                                                    <\/div>\r\n                        <div class=\"home-two-column-content\">\r\n                                                            <h3>Esame ambicinga komanda<\/h3>\r\n                                                                                        <p>Kuriai kiekvienas klientas yra pats svarbiausias. Jau septintus metus dirbame, kad suma\u017eintume kal\u0117dinius r\u016bpes\u010dius, atitiktume J\u016bs\u0173 poreikius ir \u0161eimos vertybes, suteiktume visas kokyb\u0117s garantijas ir skleistume tikr\u0105j\u012f kal\u0117din\u012f d\u017eiaugsm\u0105. <\/p>\r\n                            \r\n                                                    <\/div>\r\n                    <\/div>\r\n                            <\/div>\r\n\r\n        <\/div>\r\n    <\/div>\r\n\r\n\r\n\r\n\r\n<\/section>\r\n\r\n\n\n\r\n\r\n\r\n\r\n\r\n<section id=\"home-order-block_bb07d1674bfc41143f20ed2ed5308ab1\" class=\"home-order \">\r\n    <div class=\"container\">\r\n        <div class=\"home-order-in\">\r\n            <div class=\"home-order-texts\">\r\n                <h3>Eglut\u0117 be r\u016bpes\u010di\u0173!<\/h3>\r\n                <div class=\"home-order-texter\">\r\n                    <p>Lanks\u010diai prisitaikysime prie J\u016bs\u0173 poreiki\u0173<\/p>\r\n<p>Eglu\u010di\u0173 kiekis labai ribotas<\/p>                <\/div>\r\n                                    <a class=\"btnsilvervwhite\" href=\"\/parduotuve\/\" target=\"\">U\u017esisakyti<\/a>\r\n                            <\/div>\r\n        <\/div>\r\n    <\/div>\r\n    <style>\r\n        .home-order {\r\n            background: url(\"https:\/\/silvertree.ee\/wp-content\/uploads\/sites\/5\/2023\/07\/bg.jpg\") no-repeat center center;\r\n            background-size: cover;\r\n        }\r\n    <\/style>\r\n<\/section>\r\n\r\n","protected":false},"excerpt":{"rendered":"","protected":false},"author":1,"featured_media":0,"parent":0,"menu_order":0,"comment_status":"closed","ping_status":"closed","template":"","meta":{"_acf_changed":false,"inline_featured_image":false,"footnotes":""},"class_list":["post-289","page","type-page","status-publish","hentry"],"acf":[],"yoast_head":"<!-- This site is optimized with the Yoast SEO plugin v26.1.1 - https:\/\/yoast.com\/wordpress\/plugins\/seo\/ -->\n<title>Apie mus - silvertree.ee<\/title>\n<meta name=\"robots\" content=\"noindex, nofollow\" \/>\n<meta property=\"og:locale\" content=\"lt_LT\" \/>\n<meta property=\"og:type\" content=\"article\" \/>\n<meta property=\"og:title\" content=\"Apie mus - silvertree.ee\" \/>\n<meta property=\"og:url\" content=\"https:\/\/silvertree.ee\/lt\/apie-mus\/\" \/>\n<meta property=\"og:site_name\" content=\"silvertree.ee\" \/>\n<meta property=\"article:modified_time\" content=\"2025-10-03T16:16:46+00:00\" \/>\n<meta name=\"twitter:card\" content=\"summary_large_image\" \/>\n<script type=\"application\/ld+json\" class=\"yoast-schema-graph\">{\"@context\":\"https:\/\/schema.org\",\"@graph\":[{\"@type\":\"WebPage\",\"@id\":\"https:\/\/silvertree.ee\/lt\/apie-mus\/\",\"url\":\"https:\/\/silvertree.ee\/lt\/apie-mus\/\",\"name\":\"Apie mus - silvertree.ee\",\"isPartOf\":{\"@id\":\"https:\/\/silvertree.ee\/#website\"},\"datePublished\":\"2023-08-07T17:52:01+00:00\",\"dateModified\":\"2025-10-03T16:16:46+00:00\",\"breadcrumb\":{\"@id\":\"https:\/\/silvertree.ee\/lt\/apie-mus\/#breadcrumb\"},\"inLanguage\":\"lt-LT\",\"potentialAction\":[{\"@type\":\"ReadAction\",\"target\":[\"https:\/\/silvertree.ee\/lt\/apie-mus\/\"]}]},{\"@type\":\"BreadcrumbList\",\"@id\":\"https:\/\/silvertree.ee\/lt\/apie-mus\/#breadcrumb\",\"itemListElement\":[{\"@type\":\"ListItem\",\"position\":1,\"name\":\"Home\",\"item\":\"https:\/\/silvertree.ee\/lt\/\"},{\"@type\":\"ListItem\",\"position\":2,\"name\":\"Apie mus\"}]},{\"@type\":\"WebSite\",\"@id\":\"https:\/\/silvertree.ee\/#website\",\"url\":\"https:\/\/silvertree.ee\/\",\"name\":\"silvertree.ee\",\"description\":\"Jaukiausioms 2023m. \u0161vent\u0117ms si\u016blome \u012fsigyti Premium kokyb\u0117s K\u0117n\u012f\u2611\ufe0farba gyv\u0105 lietuvi\u0161k\u0105 eglut\u0119\u2611\ufe0finternetu i\u0161\u23e9silvertree.ee. Pristatysime ir i\u0161ve\u0161ime NEMOKAMAI pas mus pirktas eglutes. Mes parduodame tik tikras Kal\u0117dines egles u\u017eaugintas ir nukirstas \u016bkiuose!\",\"potentialAction\":[{\"@type\":\"SearchAction\",\"target\":{\"@type\":\"EntryPoint\",\"urlTemplate\":\"https:\/\/silvertree.ee\/?s={search_term_string}\"},\"query-input\":{\"@type\":\"PropertyValueSpecification\",\"valueRequired\":true,\"valueName\":\"search_term_string\"}}],\"inLanguage\":\"lt-LT\"}]}<\/script>\n<!-- \/ Yoast SEO plugin. -->","yoast_head_json":{"title":"Apie mus - silvertree.ee","robots":{"index":"noindex","follow":"nofollow"},"og_locale":"lt_LT","og_type":"article","og_title":"Apie mus - silvertree.ee","og_url":"https:\/\/silvertree.ee\/lt\/apie-mus\/","og_site_name":"silvertree.ee","article_modified_time":"2025-10-03T16:16:46+00:00","twitter_card":"summary_large_image","schema":{"@context":"https:\/\/schema.org","@graph":[{"@type":"WebPage","@id":"https:\/\/silvertree.ee\/lt\/apie-mus\/","url":"https:\/\/silvertree.ee\/lt\/apie-mus\/","name":"Apie mus - silvertree.ee","isPartOf":{"@id":"https:\/\/silvertree.ee\/#website"},"datePublished":"2023-08-07T17:52:01+00:00","dateModified":"2025-10-03T16:16:46+00:00","breadcrumb":{"@id":"https:\/\/silvertree.ee\/lt\/apie-mus\/#breadcrumb"},"inLanguage":"lt-LT","potentialAction":[{"@type":"ReadAction","target":["https:\/\/silvertree.ee\/lt\/apie-mus\/"]}]},{"@type":"BreadcrumbList","@id":"https:\/\/silvertree.ee\/lt\/apie-mus\/#breadcrumb","itemListElement":[{"@type":"ListItem","position":1,"name":"Home","item":"https:\/\/silvertree.ee\/lt\/"},{"@type":"ListItem","position":2,"name":"Apie mus"}]},{"@type":"WebSite","@id":"https:\/\/silvertree.ee\/#website","url":"https:\/\/silvertree.ee\/","name":"silvertree.ee","description":"Jaukiausioms 2023m. \u0161vent\u0117ms si\u016blome \u012fsigyti Premium kokyb\u0117s K\u0117n\u012f\u2611\ufe0farba gyv\u0105 lietuvi\u0161k\u0105 eglut\u0119\u2611\ufe0finternetu i\u0161\u23e9silvertree.ee. Pristatysime ir i\u0161ve\u0161ime NEMOKAMAI pas mus pirktas eglutes. Mes parduodame tik tikras Kal\u0117dines egles u\u017eaugintas ir nukirstas \u016bkiuose!","potentialAction":[{"@type":"SearchAction","target":{"@type":"EntryPoint","urlTemplate":"https:\/\/silvertree.ee\/?s={search_term_string}"},"query-input":{"@type":"PropertyValueSpecification","valueRequired":true,"valueName":"search_term_string"}}],"inLanguage":"lt-LT"}]}},"_links":{"self":[{"href":"https:\/\/silvertree.ee\/lt\/wp-json\/wp\/v2\/pages\/289","targetHints":{"allow":["GET"]}}],"collection":[{"href":"https:\/\/silvertree.ee\/lt\/wp-json\/wp\/v2\/pages"}],"about":[{"href":"https:\/\/silvertree.ee\/lt\/wp-json\/wp\/v2\/types\/page"}],"author":[{"embeddable":true,"href":"https:\/\/silvertree.ee\/lt\/wp-json\/wp\/v2\/users\/1"}],"replies":[{"embeddable":true,"href":"https:\/\/silvertree.ee\/lt\/wp-json\/wp\/v2\/comments?post=289"}],"version-history":[{"count":9,"href":"https:\/\/silvertree.ee\/lt\/wp-json\/wp\/v2\/pages\/289\/revisions"}],"predecessor-version":[{"id":7817,"href":"https:\/\/silvertree.ee\/lt\/wp-json\/wp\/v2\/pages\/289\/revisions\/7817"}],"wp:attachment":[{"href":"https:\/\/silvertree.ee\/lt\/wp-json\/wp\/v2\/media?parent=289"}],"curies":[{"name":"wp","href":"https:\/\/api.w.org\/{rel}","templated":true}]}}