

{"id":2819,"date":"2022-10-12T12:23:24","date_gmt":"2022-10-12T12:23:24","guid":{"rendered":"https:\/\/silvertree.ee\/produktas\/nestandartinio-dydzio-keniai\/"},"modified":"2025-10-03T16:37:42","modified_gmt":"2025-10-03T16:37:42","slug":"nestandartinio-dydzio-keniai","status":"publish","type":"product","link":"https:\/\/silvertree.ee\/lt\/product\/nestandartinio-dydzio-keniai\/","title":{"rendered":"Nestandartinio dyd\u017eio k\u0117niai"},"content":{"rendered":"<p>Nestandartinio dyd\u017eio k\u0117ni\u0173 u\u017esakymai yra grupuojami, tod\u0117l juos pristatome lapkri\u010dio 25 &#8211; gruod\u017eio 5 dienomis. Tokio auk\u0161\u010dio eglut\u0117s yra transportuojamos specialiu transportu ir pristatymo data bei laikas bus derinamai individualiai.<\/p>\n<p>Kiekviena eglut\u0117 yra \u012fstatoma \u012f tinkam\u0105 9 kilogram\u0173 sveriant\u012f stov\u0105, kuris turi 6.3 litr\u0173 vandens talp\u0105. Bendras stovo su vandeniu svoris &#8211; 15,3 kilogram\u0173. Jeigu eglut\u0119 statysite lauke, papildomai u\u017etikrinti eglut\u0117s stovo stabilum\u0105 prispausime stov\u0105 su smelio mai\u0161ais. Eglut\u0117s pastatymas ir stovo nuoma yra nemokami.<\/p>\n<p>\u0160io auk\u0161\u010dio u\u017esakymus priimame iki lapkri\u010dio 25 dienos.<\/p>\n<p>Jums pateikus u\u017esakym\u0105 susisieksime pabaigti sutarti pristatymo detales. Jei turite klausim\u0173, susisiekite: info@silvertree.ee arba <a href=\"http:\/\/+37063020555\">+37063020555<\/a><\/p>\n<p>&nbsp;<\/p>\n","protected":false},"excerpt":{"rendered":"<p><b><span lang=\"LT\">Dani\u0161kas<\/span><\/b><span lang=\"LT\">\u00a0arba dar kitaip\u00a0<b>kaukazinis k\u0117nis<\/b>\u00a0(lot. Abies nordmanniana)<\/span><\/p>\n","protected":false},"featured_media":838,"template":"","meta":{"_acf_changed":false,"inline_featured_image":false},"product_brand":[],"product_cat":[15,241,244,250,253,256,262,265,268,271,274,277,283],"product_tag":[],"class_list":{"0":"post-2819","1":"product","2":"type-product","3":"status-publish","4":"has-post-thumbnail","6":"product_cat-eglutes","7":"product_cat-euroopa-nulg-ee-lt","8":"product_cat-fraseri-nulg-ee-lt","9":"product_cat-jaapani-nulg-ee-lt","10":"product_cat-joulukuused-tallinnas-ee-lt","11":"product_cat-joulukuused-tartus-ee-lt","12":"product_cat-kanada-kuusk-ee-lt","13":"product_cat-kaukaasia-nulg-ee-lt","14":"product_cat-korea-nulg-ee-lt","15":"product_cat-nulg-ee-lt","16":"product_cat-palsami-nulg-ee-lt","17":"product_cat-serbia-kuusk-ee-lt","18":"product_cat-torkav-kuusk-ee-lt","20":"first","21":"instock","22":"taxable","23":"shipping-taxable","24":"purchasable","25":"product-type-variable"},"acf":[],"yoast_head":"<!-- This site is optimized with the Yoast SEO plugin v26.1.1 - https:\/\/yoast.com\/wordpress\/plugins\/seo\/ -->\n<title>Nestandartinio dyd\u017eio k\u0117niai - silvertree.ee<\/title>\n<meta name=\"robots\" content=\"noindex, nofollow\" \/>\n<meta property=\"og:locale\" content=\"lt_LT\" \/>\n<meta property=\"og:type\" content=\"article\" \/>\n<meta property=\"og:title\" content=\"Nestandartinio dyd\u017eio k\u0117niai - silvertree.ee\" \/>\n<meta property=\"og:description\" content=\"Dani\u0161kas\u00a0arba dar kitaip\u00a0kaukazinis k\u0117nis\u00a0(lot. Abies nordmanniana)\" \/>\n<meta property=\"og:url\" content=\"https:\/\/silvertree.ee\/lt\/product\/nestandartinio-dydzio-keniai\/\" \/>\n<meta property=\"og:site_name\" content=\"silvertree.ee\" \/>\n<meta property=\"article:modified_time\" content=\"2025-10-03T16:37:42+00:00\" \/>\n<meta property=\"og:image\" content=\"https:\/\/silvertree.ee\/wp-content\/uploads\/sites\/5\/2023\/08\/200fir.png\" \/>\n\t<meta property=\"og:image:width\" content=\"829\" \/>\n\t<meta property=\"og:image:height\" content=\"1000\" \/>\n\t<meta property=\"og:image:type\" content=\"image\/png\" \/>\n<meta name=\"twitter:card\" content=\"summary_large_image\" \/>\n<meta name=\"twitter:label1\" content=\"Est. reading time\" \/>\n\t<meta name=\"twitter:data1\" content=\"1 minut\u0117\" \/>\n<script type=\"application\/ld+json\" class=\"yoast-schema-graph\">{\"@context\":\"https:\/\/schema.org\",\"@graph\":[{\"@type\":\"WebPage\",\"@id\":\"https:\/\/silvertree.ee\/lt\/product\/nestandartinio-dydzio-keniai\/\",\"url\":\"https:\/\/silvertree.ee\/lt\/product\/nestandartinio-dydzio-keniai\/\",\"name\":\"Nestandartinio dyd\u017eio k\u0117niai - silvertree.ee\",\"isPartOf\":{\"@id\":\"https:\/\/silvertree.ee\/#website\"},\"primaryImageOfPage\":{\"@id\":\"https:\/\/silvertree.ee\/lt\/product\/nestandartinio-dydzio-keniai\/#primaryimage\"},\"image\":{\"@id\":\"https:\/\/silvertree.ee\/lt\/product\/nestandartinio-dydzio-keniai\/#primaryimage\"},\"thumbnailUrl\":\"https:\/\/silvertree.ee\/wp-content\/uploads\/sites\/5\/2023\/08\/200fir.png\",\"datePublished\":\"2022-10-12T12:23:24+00:00\",\"dateModified\":\"2025-10-03T16:37:42+00:00\",\"breadcrumb\":{\"@id\":\"https:\/\/silvertree.ee\/lt\/product\/nestandartinio-dydzio-keniai\/#breadcrumb\"},\"inLanguage\":\"lt-LT\",\"potentialAction\":[{\"@type\":\"ReadAction\",\"target\":[\"https:\/\/silvertree.ee\/lt\/product\/nestandartinio-dydzio-keniai\/\"]}]},{\"@type\":\"ImageObject\",\"inLanguage\":\"lt-LT\",\"@id\":\"https:\/\/silvertree.ee\/lt\/product\/nestandartinio-dydzio-keniai\/#primaryimage\",\"url\":\"https:\/\/silvertree.ee\/wp-content\/uploads\/sites\/5\/2023\/08\/200fir.png\",\"contentUrl\":\"https:\/\/silvertree.ee\/wp-content\/uploads\/sites\/5\/2023\/08\/200fir.png\",\"width\":829,\"height\":1000},{\"@type\":\"BreadcrumbList\",\"@id\":\"https:\/\/silvertree.ee\/lt\/product\/nestandartinio-dydzio-keniai\/#breadcrumb\",\"itemListElement\":[{\"@type\":\"ListItem\",\"position\":1,\"name\":\"Home\",\"item\":\"https:\/\/silvertree.ee\/lt\/\"},{\"@type\":\"ListItem\",\"position\":2,\"name\":\"Parduotuv\u0117\",\"item\":\"https:\/\/silvertree.ee\/lt\/parduotuve\/\"},{\"@type\":\"ListItem\",\"position\":3,\"name\":\"Nestandartinio dyd\u017eio k\u0117niai\"}]},{\"@type\":\"WebSite\",\"@id\":\"https:\/\/silvertree.ee\/#website\",\"url\":\"https:\/\/silvertree.ee\/\",\"name\":\"silvertree.ee\",\"description\":\"Jaukiausioms 2023m. \u0161vent\u0117ms si\u016blome \u012fsigyti Premium kokyb\u0117s K\u0117n\u012f\u2611\ufe0farba gyv\u0105 lietuvi\u0161k\u0105 eglut\u0119\u2611\ufe0finternetu i\u0161\u23e9silvertree.ee. Pristatysime ir i\u0161ve\u0161ime NEMOKAMAI pas mus pirktas eglutes. Mes parduodame tik tikras Kal\u0117dines egles u\u017eaugintas ir nukirstas \u016bkiuose!\",\"potentialAction\":[{\"@type\":\"SearchAction\",\"target\":{\"@type\":\"EntryPoint\",\"urlTemplate\":\"https:\/\/silvertree.ee\/?s={search_term_string}\"},\"query-input\":{\"@type\":\"PropertyValueSpecification\",\"valueRequired\":true,\"valueName\":\"search_term_string\"}}],\"inLanguage\":\"lt-LT\"}]}<\/script>\n<!-- \/ Yoast SEO plugin. -->","yoast_head_json":{"title":"Nestandartinio dyd\u017eio k\u0117niai - silvertree.ee","robots":{"index":"noindex","follow":"nofollow"},"og_locale":"lt_LT","og_type":"article","og_title":"Nestandartinio dyd\u017eio k\u0117niai - silvertree.ee","og_description":"Dani\u0161kas\u00a0arba dar kitaip\u00a0kaukazinis k\u0117nis\u00a0(lot. Abies nordmanniana)","og_url":"https:\/\/silvertree.ee\/lt\/product\/nestandartinio-dydzio-keniai\/","og_site_name":"silvertree.ee","article_modified_time":"2025-10-03T16:37:42+00:00","og_image":[{"width":829,"height":1000,"url":"https:\/\/silvertree.ee\/wp-content\/uploads\/sites\/5\/2023\/08\/200fir.png","type":"image\/png"}],"twitter_card":"summary_large_image","twitter_misc":{"Est. reading time":"1 minut\u0117"},"schema":{"@context":"https:\/\/schema.org","@graph":[{"@type":"WebPage","@id":"https:\/\/silvertree.ee\/lt\/product\/nestandartinio-dydzio-keniai\/","url":"https:\/\/silvertree.ee\/lt\/product\/nestandartinio-dydzio-keniai\/","name":"Nestandartinio dyd\u017eio k\u0117niai - silvertree.ee","isPartOf":{"@id":"https:\/\/silvertree.ee\/#website"},"primaryImageOfPage":{"@id":"https:\/\/silvertree.ee\/lt\/product\/nestandartinio-dydzio-keniai\/#primaryimage"},"image":{"@id":"https:\/\/silvertree.ee\/lt\/product\/nestandartinio-dydzio-keniai\/#primaryimage"},"thumbnailUrl":"https:\/\/silvertree.ee\/wp-content\/uploads\/sites\/5\/2023\/08\/200fir.png","datePublished":"2022-10-12T12:23:24+00:00","dateModified":"2025-10-03T16:37:42+00:00","breadcrumb":{"@id":"https:\/\/silvertree.ee\/lt\/product\/nestandartinio-dydzio-keniai\/#breadcrumb"},"inLanguage":"lt-LT","potentialAction":[{"@type":"ReadAction","target":["https:\/\/silvertree.ee\/lt\/product\/nestandartinio-dydzio-keniai\/"]}]},{"@type":"ImageObject","inLanguage":"lt-LT","@id":"https:\/\/silvertree.ee\/lt\/product\/nestandartinio-dydzio-keniai\/#primaryimage","url":"https:\/\/silvertree.ee\/wp-content\/uploads\/sites\/5\/2023\/08\/200fir.png","contentUrl":"https:\/\/silvertree.ee\/wp-content\/uploads\/sites\/5\/2023\/08\/200fir.png","width":829,"height":1000},{"@type":"BreadcrumbList","@id":"https:\/\/silvertree.ee\/lt\/product\/nestandartinio-dydzio-keniai\/#breadcrumb","itemListElement":[{"@type":"ListItem","position":1,"name":"Home","item":"https:\/\/silvertree.ee\/lt\/"},{"@type":"ListItem","position":2,"name":"Parduotuv\u0117","item":"https:\/\/silvertree.ee\/lt\/parduotuve\/"},{"@type":"ListItem","position":3,"name":"Nestandartinio dyd\u017eio k\u0117niai"}]},{"@type":"WebSite","@id":"https:\/\/silvertree.ee\/#website","url":"https:\/\/silvertree.ee\/","name":"silvertree.ee","description":"Jaukiausioms 2023m. \u0161vent\u0117ms si\u016blome \u012fsigyti Premium kokyb\u0117s K\u0117n\u012f\u2611\ufe0farba gyv\u0105 lietuvi\u0161k\u0105 eglut\u0119\u2611\ufe0finternetu i\u0161\u23e9silvertree.ee. Pristatysime ir i\u0161ve\u0161ime NEMOKAMAI pas mus pirktas eglutes. Mes parduodame tik tikras Kal\u0117dines egles u\u017eaugintas ir nukirstas \u016bkiuose!","potentialAction":[{"@type":"SearchAction","target":{"@type":"EntryPoint","urlTemplate":"https:\/\/silvertree.ee\/?s={search_term_string}"},"query-input":{"@type":"PropertyValueSpecification","valueRequired":true,"valueName":"search_term_string"}}],"inLanguage":"lt-LT"}]}},"_links":{"self":[{"href":"https:\/\/silvertree.ee\/lt\/wp-json\/wp\/v2\/product\/2819","targetHints":{"allow":["GET"]}}],"collection":[{"href":"https:\/\/silvertree.ee\/lt\/wp-json\/wp\/v2\/product"}],"about":[{"href":"https:\/\/silvertree.ee\/lt\/wp-json\/wp\/v2\/types\/product"}],"wp:featuredmedia":[{"embeddable":true,"href":"https:\/\/silvertree.ee\/lt\/wp-json\/wp\/v2\/media\/838"}],"wp:attachment":[{"href":"https:\/\/silvertree.ee\/lt\/wp-json\/wp\/v2\/media?parent=2819"}],"wp:term":[{"taxonomy":"product_brand","embeddable":true,"href":"https:\/\/silvertree.ee\/lt\/wp-json\/wp\/v2\/product_brand?post=2819"},{"taxonomy":"product_cat","embeddable":true,"href":"https:\/\/silvertree.ee\/lt\/wp-json\/wp\/v2\/product_cat?post=2819"},{"taxonomy":"product_tag","embeddable":true,"href":"https:\/\/silvertree.ee\/lt\/wp-json\/wp\/v2\/product_tag?post=2819"}],"curies":[{"name":"wp","href":"https:\/\/api.w.org\/{rel}","templated":true}]}}