

{"id":347,"date":"2023-08-09T10:09:33","date_gmt":"2023-08-09T10:09:33","guid":{"rendered":"https:\/\/silvertree.ee\/?post_type=product&#038;p=347"},"modified":"2025-12-04T12:05:46","modified_gmt":"2025-12-04T12:05:46","slug":"premium-kenis-vaz-125-150","status":"publish","type":"product","link":"https:\/\/silvertree.ee\/lt\/product\/premium-kenis-vaz-125-150\/","title":{"rendered":"Premium k\u0117nis vazone"},"content":{"rendered":"<div>\n<p><span lang=\"LT\">Viena i\u0161 da\u017eniausiai Europos bei Lietuvos \u0161eim\u0173 \u012fsigyjam\u0173 eglu\u010di\u0173 Kal\u0117doms. Tai medelis, kuris, d\u0117l savo nepriekai\u0161tingos genetikos, i\u0161 pirmo \u017evilgsnio gali Jus apgauti! Tobulai susiformavusi, i\u0161augusi taisyklinga ir tanki laja, dideli, mink\u0161ti, ve\u0161l\u016bs ir sodrios spalvos spygliai gali sudaryti dirbtinio medelio \u012fsp\u016bd\u012f. B\u016btent d\u0117l toki\u0173 spygli\u0173, k\u0117nis yra puikus pasirinkimas, kai namuose \u0161urmuliuoja ma\u017ei vaikai ar augintiniai.<\/span><\/p>\n<\/div>\n<div>\n<p><span lang=\"LT\">Dani\u0161kas k\u0117nis ilgesn\u012f laiko tarp\u0105 i\u0161lieka \u0161vie\u017eias nei kitos egl\u0117s, patalpoje prad\u0117j\u0119s d\u017ei\u016bti nemeta spygli\u0173, tod\u0117l \u0161is medelis gali tapti puikiu J\u016bs\u0173 nam\u0173 ar biuro atributu vis\u0105 \u0161ventin\u012f laikotarp\u012f.<\/span><\/p>\n<\/div>\n<div>\n<p><span lang=\"LT\">\u0160is k\u0117nis \u2013 tobulas pasirinkimas \u017emon\u0117ms, kurie turi alergij\u0105 stipriems tradicin\u0117s egl\u0117s kvapams, nes b\u016btent k\u0117nio kvapas patalpoje yra menkai juntamas.<\/span><\/p>\n<\/div>\n<div>\n<p><span lang=\"LT\">K\u0117nis, u\u017eaugintas vazone, turi piln\u0105 \u0161akn\u0173 sistem\u0105, tod\u0117l tai medelis tiems, kurie siekia j\u012f i\u0161saugoti. Pasid\u017eiaug\u0119 \u0161iuo k\u0117niu vis\u0105 \u0161ventin\u012f laikotarp\u012f, j\u012f gal\u0117site atsodinti savame kieme, sode, o kitu atveju \u2013 antram gyvenimui \u017ealiuoti atsodinsime mes.<\/span><\/p>\n<\/div>\n","protected":false},"excerpt":{"rendered":"<p><b><span lang=\"LT\">Dani\u0161kas<\/span><\/b><span lang=\"LT\">\u00a0arba dar kitaip\u00a0<b>kaukazinis vazone augintas k\u0117nis<\/b>\u00a0(lot. Abies nordmanniana)<\/span><\/p>\n","protected":false},"featured_media":5226,"template":"","meta":{"_acf_changed":false,"inline_featured_image":false},"product_brand":[],"product_cat":[15,23,24,108,109,107,241,26,244,250,253,256,259,262,265,27,28,40,268,29,35,31,271,274,277,280,283],"product_tag":[],"class_list":{"0":"post-347","1":"product","2":"type-product","3":"status-publish","4":"has-post-thumbnail","6":"product_cat-eglutes","7":"product_cat-daniski-keniai","8":"product_cat-dekoratyviniai-keniai","9":"product_cat-eglutes-kenis-kaune","10":"product_cat-eglutes-kenis-klaipedoje","11":"product_cat-eglutes-kenis-vilniuje","12":"product_cat-euroopa-nulg-ee-lt","13":"product_cat-europinis-kenis","14":"product_cat-fraseri-nulg-ee-lt","15":"product_cat-jaapani-nulg-ee-lt","16":"product_cat-joulukuused-tallinnas-ee-lt","17":"product_cat-joulukuused-tartus-ee-lt","18":"product_cat-joulupuud-potis-ee-lt","19":"product_cat-kanada-kuusk-ee-lt","20":"product_cat-kaukaasia-nulg-ee-lt","21":"product_cat-kaukazinis-kenis","22":"product_cat-keniai","23":"product_cat-kenio-eglutes-vazone","24":"product_cat-korea-nulg-ee-lt","25":"product_cat-korejinis-kenis","26":"product_cat-mazos-eglutes","27":"product_cat-normandinis-kenis","28":"product_cat-nulg-ee-lt","29":"product_cat-palsami-nulg-ee-lt","30":"product_cat-serbia-kuusk-ee-lt","31":"product_cat-siberi-nulg-ee-lt","32":"product_cat-torkav-kuusk-ee-lt","34":"first","35":"outofstock","36":"taxable","37":"shipping-taxable","38":"purchasable","39":"product-type-simple"},"acf":[],"yoast_head":"<!-- This site is optimized with the Yoast SEO plugin v26.1.1 - https:\/\/yoast.com\/wordpress\/plugins\/seo\/ -->\n<title>Premium k\u0117nis vazone 125-150cm - silvertree.ee<\/title>\n<meta name=\"robots\" content=\"noindex, nofollow\" \/>\n<meta property=\"og:locale\" content=\"lt_LT\" \/>\n<meta property=\"og:type\" content=\"article\" \/>\n<meta property=\"og:title\" content=\"Premium k\u0117nis vazone 125-150cm - silvertree.ee\" \/>\n<meta property=\"og:description\" content=\"Dani\u0161kas\u00a0arba dar kitaip\u00a0kaukazinis vazone augintas k\u0117nis\u00a0(lot. Abies nordmanniana)\" \/>\n<meta property=\"og:url\" content=\"https:\/\/silvertree.ee\/lt\/product\/premium-kenis-vaz-125-150\/\" \/>\n<meta property=\"og:site_name\" content=\"silvertree.ee\" \/>\n<meta property=\"article:modified_time\" content=\"2025-12-04T12:05:46+00:00\" \/>\n<meta property=\"og:image\" content=\"https:\/\/silvertree.ee\/wp-content\/uploads\/sites\/5\/2023\/08\/371494260_858732196033000_5717217612033409575_n.jpg\" \/>\n\t<meta property=\"og:image:width\" content=\"504\" \/>\n\t<meta property=\"og:image:height\" content=\"800\" \/>\n\t<meta property=\"og:image:type\" content=\"image\/jpeg\" \/>\n<meta name=\"twitter:card\" content=\"summary_large_image\" \/>\n<meta name=\"twitter:label1\" content=\"Est. reading time\" \/>\n\t<meta name=\"twitter:data1\" content=\"1 minut\u0117\" \/>\n<script type=\"application\/ld+json\" class=\"yoast-schema-graph\">{\"@context\":\"https:\/\/schema.org\",\"@graph\":[{\"@type\":\"WebPage\",\"@id\":\"https:\/\/silvertree.ee\/lt\/product\/premium-kenis-vaz-125-150\/\",\"url\":\"https:\/\/silvertree.ee\/lt\/product\/premium-kenis-vaz-125-150\/\",\"name\":\"Premium k\u0117nis vazone 125-150cm - silvertree.ee\",\"isPartOf\":{\"@id\":\"https:\/\/silvertree.ee\/#website\"},\"primaryImageOfPage\":{\"@id\":\"https:\/\/silvertree.ee\/lt\/product\/premium-kenis-vaz-125-150\/#primaryimage\"},\"image\":{\"@id\":\"https:\/\/silvertree.ee\/lt\/product\/premium-kenis-vaz-125-150\/#primaryimage\"},\"thumbnailUrl\":\"https:\/\/silvertree.ee\/wp-content\/uploads\/sites\/5\/2023\/08\/371494260_858732196033000_5717217612033409575_n.jpg\",\"datePublished\":\"2023-08-09T10:09:33+00:00\",\"dateModified\":\"2025-12-04T12:05:46+00:00\",\"breadcrumb\":{\"@id\":\"https:\/\/silvertree.ee\/lt\/product\/premium-kenis-vaz-125-150\/#breadcrumb\"},\"inLanguage\":\"lt-LT\",\"potentialAction\":[{\"@type\":\"ReadAction\",\"target\":[\"https:\/\/silvertree.ee\/lt\/product\/premium-kenis-vaz-125-150\/\"]}]},{\"@type\":\"ImageObject\",\"inLanguage\":\"lt-LT\",\"@id\":\"https:\/\/silvertree.ee\/lt\/product\/premium-kenis-vaz-125-150\/#primaryimage\",\"url\":\"https:\/\/silvertree.ee\/wp-content\/uploads\/sites\/5\/2023\/08\/371494260_858732196033000_5717217612033409575_n.jpg\",\"contentUrl\":\"https:\/\/silvertree.ee\/wp-content\/uploads\/sites\/5\/2023\/08\/371494260_858732196033000_5717217612033409575_n.jpg\",\"width\":504,\"height\":800},{\"@type\":\"BreadcrumbList\",\"@id\":\"https:\/\/silvertree.ee\/lt\/product\/premium-kenis-vaz-125-150\/#breadcrumb\",\"itemListElement\":[{\"@type\":\"ListItem\",\"position\":1,\"name\":\"Home\",\"item\":\"https:\/\/silvertree.ee\/lt\/\"},{\"@type\":\"ListItem\",\"position\":2,\"name\":\"Parduotuv\u0117\",\"item\":\"https:\/\/silvertree.ee\/lt\/parduotuve\/\"},{\"@type\":\"ListItem\",\"position\":3,\"name\":\"Premium k\u0117nis vazone\"}]},{\"@type\":\"WebSite\",\"@id\":\"https:\/\/silvertree.ee\/#website\",\"url\":\"https:\/\/silvertree.ee\/\",\"name\":\"silvertree.ee\",\"description\":\"Jaukiausioms 2023m. \u0161vent\u0117ms si\u016blome \u012fsigyti Premium kokyb\u0117s K\u0117n\u012f\u2611\ufe0farba gyv\u0105 lietuvi\u0161k\u0105 eglut\u0119\u2611\ufe0finternetu i\u0161\u23e9silvertree.ee. Pristatysime ir i\u0161ve\u0161ime NEMOKAMAI pas mus pirktas eglutes. Mes parduodame tik tikras Kal\u0117dines egles u\u017eaugintas ir nukirstas \u016bkiuose!\",\"potentialAction\":[{\"@type\":\"SearchAction\",\"target\":{\"@type\":\"EntryPoint\",\"urlTemplate\":\"https:\/\/silvertree.ee\/?s={search_term_string}\"},\"query-input\":{\"@type\":\"PropertyValueSpecification\",\"valueRequired\":true,\"valueName\":\"search_term_string\"}}],\"inLanguage\":\"lt-LT\"}]}<\/script>\n<!-- \/ Yoast SEO plugin. -->","yoast_head_json":{"title":"Premium k\u0117nis vazone 125-150cm - silvertree.ee","robots":{"index":"noindex","follow":"nofollow"},"og_locale":"lt_LT","og_type":"article","og_title":"Premium k\u0117nis vazone 125-150cm - silvertree.ee","og_description":"Dani\u0161kas\u00a0arba dar kitaip\u00a0kaukazinis vazone augintas k\u0117nis\u00a0(lot. Abies nordmanniana)","og_url":"https:\/\/silvertree.ee\/lt\/product\/premium-kenis-vaz-125-150\/","og_site_name":"silvertree.ee","article_modified_time":"2025-12-04T12:05:46+00:00","og_image":[{"width":504,"height":800,"url":"https:\/\/silvertree.ee\/wp-content\/uploads\/sites\/5\/2023\/08\/371494260_858732196033000_5717217612033409575_n.jpg","type":"image\/jpeg"}],"twitter_card":"summary_large_image","twitter_misc":{"Est. reading time":"1 minut\u0117"},"schema":{"@context":"https:\/\/schema.org","@graph":[{"@type":"WebPage","@id":"https:\/\/silvertree.ee\/lt\/product\/premium-kenis-vaz-125-150\/","url":"https:\/\/silvertree.ee\/lt\/product\/premium-kenis-vaz-125-150\/","name":"Premium k\u0117nis vazone 125-150cm - silvertree.ee","isPartOf":{"@id":"https:\/\/silvertree.ee\/#website"},"primaryImageOfPage":{"@id":"https:\/\/silvertree.ee\/lt\/product\/premium-kenis-vaz-125-150\/#primaryimage"},"image":{"@id":"https:\/\/silvertree.ee\/lt\/product\/premium-kenis-vaz-125-150\/#primaryimage"},"thumbnailUrl":"https:\/\/silvertree.ee\/wp-content\/uploads\/sites\/5\/2023\/08\/371494260_858732196033000_5717217612033409575_n.jpg","datePublished":"2023-08-09T10:09:33+00:00","dateModified":"2025-12-04T12:05:46+00:00","breadcrumb":{"@id":"https:\/\/silvertree.ee\/lt\/product\/premium-kenis-vaz-125-150\/#breadcrumb"},"inLanguage":"lt-LT","potentialAction":[{"@type":"ReadAction","target":["https:\/\/silvertree.ee\/lt\/product\/premium-kenis-vaz-125-150\/"]}]},{"@type":"ImageObject","inLanguage":"lt-LT","@id":"https:\/\/silvertree.ee\/lt\/product\/premium-kenis-vaz-125-150\/#primaryimage","url":"https:\/\/silvertree.ee\/wp-content\/uploads\/sites\/5\/2023\/08\/371494260_858732196033000_5717217612033409575_n.jpg","contentUrl":"https:\/\/silvertree.ee\/wp-content\/uploads\/sites\/5\/2023\/08\/371494260_858732196033000_5717217612033409575_n.jpg","width":504,"height":800},{"@type":"BreadcrumbList","@id":"https:\/\/silvertree.ee\/lt\/product\/premium-kenis-vaz-125-150\/#breadcrumb","itemListElement":[{"@type":"ListItem","position":1,"name":"Home","item":"https:\/\/silvertree.ee\/lt\/"},{"@type":"ListItem","position":2,"name":"Parduotuv\u0117","item":"https:\/\/silvertree.ee\/lt\/parduotuve\/"},{"@type":"ListItem","position":3,"name":"Premium k\u0117nis vazone"}]},{"@type":"WebSite","@id":"https:\/\/silvertree.ee\/#website","url":"https:\/\/silvertree.ee\/","name":"silvertree.ee","description":"Jaukiausioms 2023m. \u0161vent\u0117ms si\u016blome \u012fsigyti Premium kokyb\u0117s K\u0117n\u012f\u2611\ufe0farba gyv\u0105 lietuvi\u0161k\u0105 eglut\u0119\u2611\ufe0finternetu i\u0161\u23e9silvertree.ee. Pristatysime ir i\u0161ve\u0161ime NEMOKAMAI pas mus pirktas eglutes. Mes parduodame tik tikras Kal\u0117dines egles u\u017eaugintas ir nukirstas \u016bkiuose!","potentialAction":[{"@type":"SearchAction","target":{"@type":"EntryPoint","urlTemplate":"https:\/\/silvertree.ee\/?s={search_term_string}"},"query-input":{"@type":"PropertyValueSpecification","valueRequired":true,"valueName":"search_term_string"}}],"inLanguage":"lt-LT"}]}},"_links":{"self":[{"href":"https:\/\/silvertree.ee\/lt\/wp-json\/wp\/v2\/product\/347","targetHints":{"allow":["GET"]}}],"collection":[{"href":"https:\/\/silvertree.ee\/lt\/wp-json\/wp\/v2\/product"}],"about":[{"href":"https:\/\/silvertree.ee\/lt\/wp-json\/wp\/v2\/types\/product"}],"wp:featuredmedia":[{"embeddable":true,"href":"https:\/\/silvertree.ee\/lt\/wp-json\/wp\/v2\/media\/5226"}],"wp:attachment":[{"href":"https:\/\/silvertree.ee\/lt\/wp-json\/wp\/v2\/media?parent=347"}],"wp:term":[{"taxonomy":"product_brand","embeddable":true,"href":"https:\/\/silvertree.ee\/lt\/wp-json\/wp\/v2\/product_brand?post=347"},{"taxonomy":"product_cat","embeddable":true,"href":"https:\/\/silvertree.ee\/lt\/wp-json\/wp\/v2\/product_cat?post=347"},{"taxonomy":"product_tag","embeddable":true,"href":"https:\/\/silvertree.ee\/lt\/wp-json\/wp\/v2\/product_tag?post=347"}],"curies":[{"name":"wp","href":"https:\/\/api.w.org\/{rel}","templated":true}]}}