

{"id":357,"date":"2023-08-09T12:07:50","date_gmt":"2023-08-09T12:07:50","guid":{"rendered":"http:\/\/silvertree.ee\/?post_type=product&#038;p=357"},"modified":"2025-10-03T16:35:40","modified_gmt":"2025-10-03T16:35:40","slug":"eglutes-stovas","status":"publish","type":"product","link":"https:\/\/silvertree.ee\/lt\/product\/eglutes-stovas\/","title":{"rendered":"Eglut\u0117s stovas"},"content":{"rendered":"<p><span style=\"font-weight: 400;\">Tvirtas, stabilus, \u017ealios spalvos stovas, tinkantis kiekvienai SilverTree kal\u0117dinei eglutei. Stove esanti vandens talpa neleis J\u016bs\u0173 eglutei greitai d\u017ei\u016bti ir pasiduoti \u0161iltai nam\u0173 aplinkai, tokiu b\u016bdu eglut\u0117 ilgesn\u012f laiko tarp\u0105 i\u0161liks \u0161vie\u017eia.<\/span><\/p>\n<p><span style=\"font-weight: 400;\">Paprastai ir lengvai naudojama automatin\u0117 fiksacija leis keli\u0173 judesi\u0173 pagalba stabiliai \u012ftvirtinti eglut\u0117s kot\u0105 \u012f stov\u0105.<\/span><\/p>\n<p><span style=\"font-weight: 400;\">U\u017etikriname, kad kokyb\u0117 ir stovo patikimumas \u2013 auk\u0161\u010diausio lygio, tod\u0117l \u0161iam eglut\u0117s stovui suteikiame 5 met\u0173 garantij\u0105.<\/span><\/p>\n<p><span style=\"font-weight: 400;\">Dar neturite Kal\u0117din\u0117s eglut\u0117s, ta\u010diau jau galvojate, kaip j\u0105 pastatysite tvirtai ir patogiai? Kasmet kei\u010diamas pigus Kal\u0117d\u0173 eglut\u0117s stovas vis nuvilia sul\u016b\u017edamas ir kartu nuversdamas jau papuo\u0161t\u0105 Kal\u0117din\u012f med\u012f?\u00a0<\/span><\/p>\n<p><span style=\"font-weight: 400;\">Ta\u010diau viskas neturi b\u016bti taip sud\u0117tinga, nes dabar galite \u012fsigyti, savo funkcij\u0105 atliekant\u012f, stov\u0105 eglei.<\/span><\/p>\n<p><span style=\"font-weight: 400;\">silvertree.ee internetin\u0117 Kal\u0117dini\u0173 egli\u0173 parduotuv\u0117 si\u016blo ne tik galyb\u0119 nuostabaus gro\u017eio eglu\u010di\u0173, bet ir joms tinkamus stovus.<\/span><\/p>\n<h2><span style=\"font-weight: 400;\">Kuo ypatingas Silvertree Kal\u0117din\u0117s eglut\u0117s stovas?<\/span><\/h2>\n<p><span style=\"font-weight: 400;\">silvertree.ee si\u016blomas eglut\u0117s stovas yra tvirtas, lengvai naudojamas ir vizualiai gerai atrodantis. Vos keliais paspaudimais patogiai u\u017efiksuosite jame bet kuri\u0105 Silvertree eglut\u0119 ar k\u0117n\u012f.<\/span><\/p>\n<p><span style=\"font-weight: 400;\">Ta\u010diau svarbiausias prana\u0161umas, kuris Silvertree si\u016blom\u0105 egl\u0117s stov\u0105 daro i\u0161skirtiniu ir prakti\u0161ku &#8211; tai jame esanti vandens talpa ir vandens lygio indikatorius. Egl\u0117s stovas su vandeniu i\u0161laikys J\u016bs\u0173 \u017ealiaskar\u0119 \u017eavi\u0105 kur kas ilgiau nei tas, kuris tokios talpos neturi.<\/span><\/p>\n<h2><span style=\"font-weight: 400;\">Gyvos eglut\u0117s stovas internetu<\/span><\/h2>\n<p><span style=\"font-weight: 400;\">J\u016bs\u0173 pasiruo\u0161imas Kal\u0117doms palengv\u0117s, jei \u012fsigysite eglut\u0117s stov\u0105 i\u0161 silvertree.ee internetin\u0117s kal\u0117dini\u0173 egli\u0173 parduotuv\u0117s. Kal\u0117din\u0117s eglut\u0117s stovo kaina yra nedidel\u0117, palyginti su laiku, kur\u012f gal\u0117site skirti savo \u0161eimai, u\u017euot praleid\u0119 patvaraus ir patikimo kal\u0117din\u0117s eglut\u0117s stovo paie\u0161kose prekybos centruose.<\/span><\/p>\n<p><span style=\"font-weight: 400;\">Silvertree si\u016blomas egl\u0117s stovas parduodamas net su 5 met\u0173 garantija, tod\u0117l tai ilgalaik\u0117 investicija \u012f kur kas patogesn\u012f pasiruo\u0161im\u0105 \u0161v. Kal\u0117doms.<\/span><\/p>\n<p><span style=\"font-weight: 400;\">Pristatymas \u012f namus Vilniuje, Kaune bei Klaip\u0117doje nemokamas, tad \u012fsigykite jau dabar!<\/span><\/p>\n","protected":false},"excerpt":{"rendered":"<p>Voki\u0161kas FHS StarMax stovas kirstoms eglut\u0117ms iki 2.5 m<\/p>\n","protected":false},"featured_media":2859,"template":"","meta":{"_acf_changed":false,"inline_featured_image":false},"product_brand":[],"product_cat":[37,23,24,38,238,25,108,109,107,241,26,244,247,250,253,256,259,262,265,27,28,40,268,29,39,35,31,271,274,277,280,41,283],"product_tag":[],"class_list":{"0":"post-357","1":"product","2":"type-product","3":"status-publish","4":"has-post-thumbnail","6":"product_cat-baltoji-egle","7":"product_cat-daniski-keniai","8":"product_cat-dekoratyviniai-keniai","9":"product_cat-dygioji-egle","10":"product_cat-eesti-kuusk-ee-lt","11":"product_cat-eglut","12":"product_cat-eglutes-kenis-kaune","13":"product_cat-eglutes-kenis-klaipedoje","14":"product_cat-eglutes-kenis-vilniuje","15":"product_cat-euroopa-nulg-ee-lt","16":"product_cat-europinis-kenis","17":"product_cat-fraseri-nulg-ee-lt","18":"product_cat-harilik-kuusk-ee-lt","19":"product_cat-jaapani-nulg-ee-lt","20":"product_cat-joulukuused-tallinnas-ee-lt","21":"product_cat-joulukuused-tartus-ee-lt","22":"product_cat-joulupuud-potis-ee-lt","23":"product_cat-kanada-kuusk-ee-lt","24":"product_cat-kaukaasia-nulg-ee-lt","25":"product_cat-kaukazinis-kenis","26":"product_cat-keniai","27":"product_cat-kenio-eglutes-vazone","28":"product_cat-korea-nulg-ee-lt","29":"product_cat-korejinis-kenis","30":"product_cat-lietuviskos-eglutes","31":"product_cat-mazos-eglutes","32":"product_cat-normandinis-kenis","33":"product_cat-nulg-ee-lt","34":"product_cat-palsami-nulg-ee-lt","35":"product_cat-serbia-kuusk-ee-lt","36":"product_cat-siberi-nulg-ee-lt","37":"product_cat-stovai","38":"product_cat-torkav-kuusk-ee-lt","40":"first","41":"instock","42":"taxable","43":"shipping-taxable","44":"purchasable","45":"product-type-simple"},"acf":[],"yoast_head":"<!-- This site is optimized with the Yoast SEO plugin v26.1.1 - https:\/\/yoast.com\/wordpress\/plugins\/seo\/ -->\n<title>Kal\u0117din\u0117s eglut\u0117s stovas su vandeniu | Kaina, akcija - silvertree.ee<\/title>\n<meta name=\"description\" content=\"Jau turite gyv\u0105 Kal\u0117din\u0119 eglut\u0119 ta\u010diau neturite jai stovo? Nenusiminkite, nes apsilankius\u23e9silvertree.ee rasite kokybi\u0161kus egl\u0117s stovus su vandeniu ir ne tik!\" \/>\n<meta name=\"robots\" content=\"noindex, nofollow\" \/>\n<meta property=\"og:locale\" content=\"lt_LT\" \/>\n<meta property=\"og:type\" content=\"article\" \/>\n<meta property=\"og:title\" content=\"Kal\u0117din\u0117s eglut\u0117s stovas su vandeniu | Kaina, akcija - silvertree.ee\" \/>\n<meta property=\"og:description\" content=\"Jau turite gyv\u0105 Kal\u0117din\u0119 eglut\u0119 ta\u010diau neturite jai stovo? Nenusiminkite, nes apsilankius\u23e9silvertree.ee rasite kokybi\u0161kus egl\u0117s stovus su vandeniu ir ne tik!\" \/>\n<meta property=\"og:url\" content=\"https:\/\/silvertree.ee\/lt\/product\/eglutes-stovas\/\" \/>\n<meta property=\"og:site_name\" content=\"silvertree.ee\" \/>\n<meta property=\"article:modified_time\" content=\"2025-10-03T16:35:40+00:00\" \/>\n<meta property=\"og:image\" content=\"https:\/\/silvertree.ee\/wp-content\/uploads\/sites\/5\/2023\/08\/new-stand.webp\" \/>\n\t<meta property=\"og:image:width\" content=\"829\" \/>\n\t<meta property=\"og:image:height\" content=\"1000\" \/>\n\t<meta property=\"og:image:type\" content=\"image\/webp\" \/>\n<meta name=\"twitter:card\" content=\"summary_large_image\" \/>\n<meta name=\"twitter:label1\" content=\"Est. reading time\" \/>\n\t<meta name=\"twitter:data1\" content=\"2 minut\u0117s\" \/>\n<script type=\"application\/ld+json\" class=\"yoast-schema-graph\">{\"@context\":\"https:\/\/schema.org\",\"@graph\":[{\"@type\":\"WebPage\",\"@id\":\"https:\/\/silvertree.ee\/lt\/product\/eglutes-stovas\/\",\"url\":\"https:\/\/silvertree.ee\/lt\/product\/eglutes-stovas\/\",\"name\":\"Kal\u0117din\u0117s eglut\u0117s stovas su vandeniu | Kaina, akcija - silvertree.ee\",\"isPartOf\":{\"@id\":\"https:\/\/silvertree.ee\/#website\"},\"primaryImageOfPage\":{\"@id\":\"https:\/\/silvertree.ee\/lt\/product\/eglutes-stovas\/#primaryimage\"},\"image\":{\"@id\":\"https:\/\/silvertree.ee\/lt\/product\/eglutes-stovas\/#primaryimage\"},\"thumbnailUrl\":\"https:\/\/silvertree.ee\/wp-content\/uploads\/sites\/5\/2023\/08\/new-stand.webp\",\"datePublished\":\"2023-08-09T12:07:50+00:00\",\"dateModified\":\"2025-10-03T16:35:40+00:00\",\"description\":\"Jau turite gyv\u0105 Kal\u0117din\u0119 eglut\u0119 ta\u010diau neturite jai stovo? Nenusiminkite, nes apsilankius\u23e9silvertree.ee rasite kokybi\u0161kus egl\u0117s stovus su vandeniu ir ne tik!\",\"breadcrumb\":{\"@id\":\"https:\/\/silvertree.ee\/lt\/product\/eglutes-stovas\/#breadcrumb\"},\"inLanguage\":\"lt-LT\",\"potentialAction\":[{\"@type\":\"ReadAction\",\"target\":[\"https:\/\/silvertree.ee\/lt\/product\/eglutes-stovas\/\"]}]},{\"@type\":\"ImageObject\",\"inLanguage\":\"lt-LT\",\"@id\":\"https:\/\/silvertree.ee\/lt\/product\/eglutes-stovas\/#primaryimage\",\"url\":\"https:\/\/silvertree.ee\/wp-content\/uploads\/sites\/5\/2023\/08\/new-stand.webp\",\"contentUrl\":\"https:\/\/silvertree.ee\/wp-content\/uploads\/sites\/5\/2023\/08\/new-stand.webp\",\"width\":829,\"height\":1000},{\"@type\":\"BreadcrumbList\",\"@id\":\"https:\/\/silvertree.ee\/lt\/product\/eglutes-stovas\/#breadcrumb\",\"itemListElement\":[{\"@type\":\"ListItem\",\"position\":1,\"name\":\"Home\",\"item\":\"https:\/\/silvertree.ee\/lt\/\"},{\"@type\":\"ListItem\",\"position\":2,\"name\":\"Parduotuv\u0117\",\"item\":\"https:\/\/silvertree.ee\/lt\/parduotuve\/\"},{\"@type\":\"ListItem\",\"position\":3,\"name\":\"Eglut\u0117s stovas\"}]},{\"@type\":\"WebSite\",\"@id\":\"https:\/\/silvertree.ee\/#website\",\"url\":\"https:\/\/silvertree.ee\/\",\"name\":\"silvertree.ee\",\"description\":\"Jaukiausioms 2023m. \u0161vent\u0117ms si\u016blome \u012fsigyti Premium kokyb\u0117s K\u0117n\u012f\u2611\ufe0farba gyv\u0105 lietuvi\u0161k\u0105 eglut\u0119\u2611\ufe0finternetu i\u0161\u23e9silvertree.ee. Pristatysime ir i\u0161ve\u0161ime NEMOKAMAI pas mus pirktas eglutes. Mes parduodame tik tikras Kal\u0117dines egles u\u017eaugintas ir nukirstas \u016bkiuose!\",\"potentialAction\":[{\"@type\":\"SearchAction\",\"target\":{\"@type\":\"EntryPoint\",\"urlTemplate\":\"https:\/\/silvertree.ee\/?s={search_term_string}\"},\"query-input\":{\"@type\":\"PropertyValueSpecification\",\"valueRequired\":true,\"valueName\":\"search_term_string\"}}],\"inLanguage\":\"lt-LT\"}]}<\/script>\n<!-- \/ Yoast SEO plugin. -->","yoast_head_json":{"title":"Kal\u0117din\u0117s eglut\u0117s stovas su vandeniu | Kaina, akcija - silvertree.ee","description":"Jau turite gyv\u0105 Kal\u0117din\u0119 eglut\u0119 ta\u010diau neturite jai stovo? Nenusiminkite, nes apsilankius\u23e9silvertree.ee rasite kokybi\u0161kus egl\u0117s stovus su vandeniu ir ne tik!","robots":{"index":"noindex","follow":"nofollow"},"og_locale":"lt_LT","og_type":"article","og_title":"Kal\u0117din\u0117s eglut\u0117s stovas su vandeniu | Kaina, akcija - silvertree.ee","og_description":"Jau turite gyv\u0105 Kal\u0117din\u0119 eglut\u0119 ta\u010diau neturite jai stovo? Nenusiminkite, nes apsilankius\u23e9silvertree.ee rasite kokybi\u0161kus egl\u0117s stovus su vandeniu ir ne tik!","og_url":"https:\/\/silvertree.ee\/lt\/product\/eglutes-stovas\/","og_site_name":"silvertree.ee","article_modified_time":"2025-10-03T16:35:40+00:00","og_image":[{"width":829,"height":1000,"url":"https:\/\/silvertree.ee\/wp-content\/uploads\/sites\/5\/2023\/08\/new-stand.webp","type":"image\/webp"}],"twitter_card":"summary_large_image","twitter_misc":{"Est. reading time":"2 minut\u0117s"},"schema":{"@context":"https:\/\/schema.org","@graph":[{"@type":"WebPage","@id":"https:\/\/silvertree.ee\/lt\/product\/eglutes-stovas\/","url":"https:\/\/silvertree.ee\/lt\/product\/eglutes-stovas\/","name":"Kal\u0117din\u0117s eglut\u0117s stovas su vandeniu | Kaina, akcija - silvertree.ee","isPartOf":{"@id":"https:\/\/silvertree.ee\/#website"},"primaryImageOfPage":{"@id":"https:\/\/silvertree.ee\/lt\/product\/eglutes-stovas\/#primaryimage"},"image":{"@id":"https:\/\/silvertree.ee\/lt\/product\/eglutes-stovas\/#primaryimage"},"thumbnailUrl":"https:\/\/silvertree.ee\/wp-content\/uploads\/sites\/5\/2023\/08\/new-stand.webp","datePublished":"2023-08-09T12:07:50+00:00","dateModified":"2025-10-03T16:35:40+00:00","description":"Jau turite gyv\u0105 Kal\u0117din\u0119 eglut\u0119 ta\u010diau neturite jai stovo? Nenusiminkite, nes apsilankius\u23e9silvertree.ee rasite kokybi\u0161kus egl\u0117s stovus su vandeniu ir ne tik!","breadcrumb":{"@id":"https:\/\/silvertree.ee\/lt\/product\/eglutes-stovas\/#breadcrumb"},"inLanguage":"lt-LT","potentialAction":[{"@type":"ReadAction","target":["https:\/\/silvertree.ee\/lt\/product\/eglutes-stovas\/"]}]},{"@type":"ImageObject","inLanguage":"lt-LT","@id":"https:\/\/silvertree.ee\/lt\/product\/eglutes-stovas\/#primaryimage","url":"https:\/\/silvertree.ee\/wp-content\/uploads\/sites\/5\/2023\/08\/new-stand.webp","contentUrl":"https:\/\/silvertree.ee\/wp-content\/uploads\/sites\/5\/2023\/08\/new-stand.webp","width":829,"height":1000},{"@type":"BreadcrumbList","@id":"https:\/\/silvertree.ee\/lt\/product\/eglutes-stovas\/#breadcrumb","itemListElement":[{"@type":"ListItem","position":1,"name":"Home","item":"https:\/\/silvertree.ee\/lt\/"},{"@type":"ListItem","position":2,"name":"Parduotuv\u0117","item":"https:\/\/silvertree.ee\/lt\/parduotuve\/"},{"@type":"ListItem","position":3,"name":"Eglut\u0117s stovas"}]},{"@type":"WebSite","@id":"https:\/\/silvertree.ee\/#website","url":"https:\/\/silvertree.ee\/","name":"silvertree.ee","description":"Jaukiausioms 2023m. \u0161vent\u0117ms si\u016blome \u012fsigyti Premium kokyb\u0117s K\u0117n\u012f\u2611\ufe0farba gyv\u0105 lietuvi\u0161k\u0105 eglut\u0119\u2611\ufe0finternetu i\u0161\u23e9silvertree.ee. Pristatysime ir i\u0161ve\u0161ime NEMOKAMAI pas mus pirktas eglutes. Mes parduodame tik tikras Kal\u0117dines egles u\u017eaugintas ir nukirstas \u016bkiuose!","potentialAction":[{"@type":"SearchAction","target":{"@type":"EntryPoint","urlTemplate":"https:\/\/silvertree.ee\/?s={search_term_string}"},"query-input":{"@type":"PropertyValueSpecification","valueRequired":true,"valueName":"search_term_string"}}],"inLanguage":"lt-LT"}]}},"_links":{"self":[{"href":"https:\/\/silvertree.ee\/lt\/wp-json\/wp\/v2\/product\/357","targetHints":{"allow":["GET"]}}],"collection":[{"href":"https:\/\/silvertree.ee\/lt\/wp-json\/wp\/v2\/product"}],"about":[{"href":"https:\/\/silvertree.ee\/lt\/wp-json\/wp\/v2\/types\/product"}],"wp:featuredmedia":[{"embeddable":true,"href":"https:\/\/silvertree.ee\/lt\/wp-json\/wp\/v2\/media\/2859"}],"wp:attachment":[{"href":"https:\/\/silvertree.ee\/lt\/wp-json\/wp\/v2\/media?parent=357"}],"wp:term":[{"taxonomy":"product_brand","embeddable":true,"href":"https:\/\/silvertree.ee\/lt\/wp-json\/wp\/v2\/product_brand?post=357"},{"taxonomy":"product_cat","embeddable":true,"href":"https:\/\/silvertree.ee\/lt\/wp-json\/wp\/v2\/product_cat?post=357"},{"taxonomy":"product_tag","embeddable":true,"href":"https:\/\/silvertree.ee\/lt\/wp-json\/wp\/v2\/product_tag?post=357"}],"curies":[{"name":"wp","href":"https:\/\/api.w.org\/{rel}","templated":true}]}}