

{"id":362,"date":"2023-08-09T12:07:50","date_gmt":"2023-08-09T12:07:50","guid":{"rendered":"http:\/\/silvertree.ee\/?post_type=product&#038;p=362"},"modified":"2025-12-13T17:46:11","modified_gmt":"2025-12-13T17:46:11","slug":"lietuviska-eglute-160cm-180cm","status":"publish","type":"product","link":"https:\/\/silvertree.ee\/lt\/product\/lietuviska-eglute-160cm-180cm\/","title":{"rendered":"Lietuvi\u0161ka eglut\u0117"},"content":{"rendered":"<p>Populiariausia tradicin\u0117 \u017ealiaskar\u0117 eglut\u0117 Kal\u0117doms, skirta ilgametes \u0161eimos tradicijas t\u0119siantiems ir jauk\u0173 mi\u0161ko kvap\u0105 dievinantiems \u017emon\u0117ms.<\/p>\n<p>Tai Lietuvoje u\u017eauginta eglut\u0117, su taisyklingos formos \u0161akomis ir tankia, pla\u010dia laja. Lietuvi\u0161ka eglut\u0117 yra labiau linkusi \u012f spygli\u0173 metim\u0105 nei dani\u0161kas k\u0117nis. D\u0117l savo plon\u0173 \u0161akeli\u0173, spygliai taip lengvai ir ilgai nei\u0161silaiko, ta\u010diau nubyr\u0117j\u0119 ry\u0161kios \u017ealios spalvos spygliukai kai kam gali b\u016bti neatsiejama dalis nuo tikr\u0173j\u0173 Kal\u0117d\u0173 atmosferos.<\/p>\n<p>Lietuvi\u0161kos eglut\u0117s nerekomenduojame laikyti labai \u0161iltoje aplinkoje, tokiu atveju si\u016blome rinktis \u0161ilumai atsparesn\u012f augal\u0105 \u2013 SilverTree dani\u0161k\u0105 k\u0117n\u012f.<\/p>\n<p>\u012esp\u0117jame, kad sodrus lietuvi\u0161ko mi\u0161ko kvapas gali lengvai Jus u\u017eburti ir nukelti \u012f nostalgija apipint\u0105 vaikyst\u0119 t\u0105 \u017evarbi\u0105 Kal\u0117d\u0173 \u017eiem\u0105, kurios pusn\u0173 kiekvienas giliai \u0161irdy esame i\u0161siilg\u0119.<\/p>\n","protected":false},"excerpt":{"rendered":"<p><strong>Lietuvi\u0161ka egl\u0117 (lot.\u00a0<\/strong><em>Picea abies<\/em><strong>)<\/strong><\/p>\n","protected":false},"featured_media":5226,"template":"","meta":{"_acf_changed":false,"inline_featured_image":false},"product_brand":[],"product_cat":[37,38,238,25,108,109,107,247,253,256,39,283],"product_tag":[],"class_list":{"0":"post-362","1":"product","2":"type-product","3":"status-publish","4":"has-post-thumbnail","6":"product_cat-baltoji-egle","7":"product_cat-dygioji-egle","8":"product_cat-eesti-kuusk-ee-lt","9":"product_cat-eglut","10":"product_cat-eglutes-kenis-kaune","11":"product_cat-eglutes-kenis-klaipedoje","12":"product_cat-eglutes-kenis-vilniuje","13":"product_cat-harilik-kuusk-ee-lt","14":"product_cat-joulukuused-tallinnas-ee-lt","15":"product_cat-joulukuused-tartus-ee-lt","16":"product_cat-lietuviskos-eglutes","17":"product_cat-torkav-kuusk-ee-lt","19":"first","20":"outofstock","21":"taxable","22":"shipping-taxable","23":"purchasable","24":"product-type-simple"},"acf":[],"yoast_head":"<!-- This site is optimized with the Yoast SEO plugin v26.1.1 - https:\/\/yoast.com\/wordpress\/plugins\/seo\/ -->\n<title>Lietuvi\u0161ka eglut\u0117 160-180cm - silvertree.ee<\/title>\n<meta name=\"robots\" content=\"noindex, nofollow\" \/>\n<meta property=\"og:locale\" content=\"lt_LT\" \/>\n<meta property=\"og:type\" content=\"article\" \/>\n<meta property=\"og:title\" content=\"Lietuvi\u0161ka eglut\u0117 160-180cm - silvertree.ee\" \/>\n<meta property=\"og:description\" content=\"Lietuvi\u0161ka egl\u0117 (lot.\u00a0Picea abies)\" \/>\n<meta property=\"og:url\" content=\"https:\/\/silvertree.ee\/lt\/product\/lietuviska-eglute-160cm-180cm\/\" \/>\n<meta property=\"og:site_name\" content=\"silvertree.ee\" \/>\n<meta property=\"article:modified_time\" content=\"2025-12-13T17:46:11+00:00\" \/>\n<meta property=\"og:image\" content=\"https:\/\/silvertree.ee\/wp-content\/uploads\/sites\/5\/2023\/08\/371494260_858732196033000_5717217612033409575_n.jpg\" \/>\n\t<meta property=\"og:image:width\" content=\"504\" \/>\n\t<meta property=\"og:image:height\" content=\"800\" \/>\n\t<meta property=\"og:image:type\" content=\"image\/jpeg\" \/>\n<meta name=\"twitter:card\" content=\"summary_large_image\" \/>\n<meta name=\"twitter:label1\" content=\"Est. reading time\" \/>\n\t<meta name=\"twitter:data1\" content=\"1 minut\u0117\" \/>\n<script type=\"application\/ld+json\" class=\"yoast-schema-graph\">{\"@context\":\"https:\/\/schema.org\",\"@graph\":[{\"@type\":\"WebPage\",\"@id\":\"https:\/\/silvertree.ee\/lt\/product\/lietuviska-eglute-160cm-180cm\/\",\"url\":\"https:\/\/silvertree.ee\/lt\/product\/lietuviska-eglute-160cm-180cm\/\",\"name\":\"Lietuvi\u0161ka eglut\u0117 160-180cm - silvertree.ee\",\"isPartOf\":{\"@id\":\"https:\/\/silvertree.ee\/#website\"},\"primaryImageOfPage\":{\"@id\":\"https:\/\/silvertree.ee\/lt\/product\/lietuviska-eglute-160cm-180cm\/#primaryimage\"},\"image\":{\"@id\":\"https:\/\/silvertree.ee\/lt\/product\/lietuviska-eglute-160cm-180cm\/#primaryimage\"},\"thumbnailUrl\":\"https:\/\/silvertree.ee\/wp-content\/uploads\/sites\/5\/2023\/08\/371494260_858732196033000_5717217612033409575_n.jpg\",\"datePublished\":\"2023-08-09T12:07:50+00:00\",\"dateModified\":\"2025-12-13T17:46:11+00:00\",\"breadcrumb\":{\"@id\":\"https:\/\/silvertree.ee\/lt\/product\/lietuviska-eglute-160cm-180cm\/#breadcrumb\"},\"inLanguage\":\"lt-LT\",\"potentialAction\":[{\"@type\":\"ReadAction\",\"target\":[\"https:\/\/silvertree.ee\/lt\/product\/lietuviska-eglute-160cm-180cm\/\"]}]},{\"@type\":\"ImageObject\",\"inLanguage\":\"lt-LT\",\"@id\":\"https:\/\/silvertree.ee\/lt\/product\/lietuviska-eglute-160cm-180cm\/#primaryimage\",\"url\":\"https:\/\/silvertree.ee\/wp-content\/uploads\/sites\/5\/2023\/08\/371494260_858732196033000_5717217612033409575_n.jpg\",\"contentUrl\":\"https:\/\/silvertree.ee\/wp-content\/uploads\/sites\/5\/2023\/08\/371494260_858732196033000_5717217612033409575_n.jpg\",\"width\":504,\"height\":800},{\"@type\":\"BreadcrumbList\",\"@id\":\"https:\/\/silvertree.ee\/lt\/product\/lietuviska-eglute-160cm-180cm\/#breadcrumb\",\"itemListElement\":[{\"@type\":\"ListItem\",\"position\":1,\"name\":\"Home\",\"item\":\"https:\/\/silvertree.ee\/lt\/\"},{\"@type\":\"ListItem\",\"position\":2,\"name\":\"Parduotuv\u0117\",\"item\":\"https:\/\/silvertree.ee\/lt\/parduotuve\/\"},{\"@type\":\"ListItem\",\"position\":3,\"name\":\"Lietuvi\u0161ka eglut\u0117\"}]},{\"@type\":\"WebSite\",\"@id\":\"https:\/\/silvertree.ee\/#website\",\"url\":\"https:\/\/silvertree.ee\/\",\"name\":\"silvertree.ee\",\"description\":\"Jaukiausioms 2023m. \u0161vent\u0117ms si\u016blome \u012fsigyti Premium kokyb\u0117s K\u0117n\u012f\u2611\ufe0farba gyv\u0105 lietuvi\u0161k\u0105 eglut\u0119\u2611\ufe0finternetu i\u0161\u23e9silvertree.ee. Pristatysime ir i\u0161ve\u0161ime NEMOKAMAI pas mus pirktas eglutes. Mes parduodame tik tikras Kal\u0117dines egles u\u017eaugintas ir nukirstas \u016bkiuose!\",\"potentialAction\":[{\"@type\":\"SearchAction\",\"target\":{\"@type\":\"EntryPoint\",\"urlTemplate\":\"https:\/\/silvertree.ee\/?s={search_term_string}\"},\"query-input\":{\"@type\":\"PropertyValueSpecification\",\"valueRequired\":true,\"valueName\":\"search_term_string\"}}],\"inLanguage\":\"lt-LT\"}]}<\/script>\n<!-- \/ Yoast SEO plugin. -->","yoast_head_json":{"title":"Lietuvi\u0161ka eglut\u0117 160-180cm - silvertree.ee","robots":{"index":"noindex","follow":"nofollow"},"og_locale":"lt_LT","og_type":"article","og_title":"Lietuvi\u0161ka eglut\u0117 160-180cm - silvertree.ee","og_description":"Lietuvi\u0161ka egl\u0117 (lot.\u00a0Picea abies)","og_url":"https:\/\/silvertree.ee\/lt\/product\/lietuviska-eglute-160cm-180cm\/","og_site_name":"silvertree.ee","article_modified_time":"2025-12-13T17:46:11+00:00","og_image":[{"width":504,"height":800,"url":"https:\/\/silvertree.ee\/wp-content\/uploads\/sites\/5\/2023\/08\/371494260_858732196033000_5717217612033409575_n.jpg","type":"image\/jpeg"}],"twitter_card":"summary_large_image","twitter_misc":{"Est. reading time":"1 minut\u0117"},"schema":{"@context":"https:\/\/schema.org","@graph":[{"@type":"WebPage","@id":"https:\/\/silvertree.ee\/lt\/product\/lietuviska-eglute-160cm-180cm\/","url":"https:\/\/silvertree.ee\/lt\/product\/lietuviska-eglute-160cm-180cm\/","name":"Lietuvi\u0161ka eglut\u0117 160-180cm - silvertree.ee","isPartOf":{"@id":"https:\/\/silvertree.ee\/#website"},"primaryImageOfPage":{"@id":"https:\/\/silvertree.ee\/lt\/product\/lietuviska-eglute-160cm-180cm\/#primaryimage"},"image":{"@id":"https:\/\/silvertree.ee\/lt\/product\/lietuviska-eglute-160cm-180cm\/#primaryimage"},"thumbnailUrl":"https:\/\/silvertree.ee\/wp-content\/uploads\/sites\/5\/2023\/08\/371494260_858732196033000_5717217612033409575_n.jpg","datePublished":"2023-08-09T12:07:50+00:00","dateModified":"2025-12-13T17:46:11+00:00","breadcrumb":{"@id":"https:\/\/silvertree.ee\/lt\/product\/lietuviska-eglute-160cm-180cm\/#breadcrumb"},"inLanguage":"lt-LT","potentialAction":[{"@type":"ReadAction","target":["https:\/\/silvertree.ee\/lt\/product\/lietuviska-eglute-160cm-180cm\/"]}]},{"@type":"ImageObject","inLanguage":"lt-LT","@id":"https:\/\/silvertree.ee\/lt\/product\/lietuviska-eglute-160cm-180cm\/#primaryimage","url":"https:\/\/silvertree.ee\/wp-content\/uploads\/sites\/5\/2023\/08\/371494260_858732196033000_5717217612033409575_n.jpg","contentUrl":"https:\/\/silvertree.ee\/wp-content\/uploads\/sites\/5\/2023\/08\/371494260_858732196033000_5717217612033409575_n.jpg","width":504,"height":800},{"@type":"BreadcrumbList","@id":"https:\/\/silvertree.ee\/lt\/product\/lietuviska-eglute-160cm-180cm\/#breadcrumb","itemListElement":[{"@type":"ListItem","position":1,"name":"Home","item":"https:\/\/silvertree.ee\/lt\/"},{"@type":"ListItem","position":2,"name":"Parduotuv\u0117","item":"https:\/\/silvertree.ee\/lt\/parduotuve\/"},{"@type":"ListItem","position":3,"name":"Lietuvi\u0161ka eglut\u0117"}]},{"@type":"WebSite","@id":"https:\/\/silvertree.ee\/#website","url":"https:\/\/silvertree.ee\/","name":"silvertree.ee","description":"Jaukiausioms 2023m. \u0161vent\u0117ms si\u016blome \u012fsigyti Premium kokyb\u0117s K\u0117n\u012f\u2611\ufe0farba gyv\u0105 lietuvi\u0161k\u0105 eglut\u0119\u2611\ufe0finternetu i\u0161\u23e9silvertree.ee. Pristatysime ir i\u0161ve\u0161ime NEMOKAMAI pas mus pirktas eglutes. Mes parduodame tik tikras Kal\u0117dines egles u\u017eaugintas ir nukirstas \u016bkiuose!","potentialAction":[{"@type":"SearchAction","target":{"@type":"EntryPoint","urlTemplate":"https:\/\/silvertree.ee\/?s={search_term_string}"},"query-input":{"@type":"PropertyValueSpecification","valueRequired":true,"valueName":"search_term_string"}}],"inLanguage":"lt-LT"}]}},"_links":{"self":[{"href":"https:\/\/silvertree.ee\/lt\/wp-json\/wp\/v2\/product\/362","targetHints":{"allow":["GET"]}}],"collection":[{"href":"https:\/\/silvertree.ee\/lt\/wp-json\/wp\/v2\/product"}],"about":[{"href":"https:\/\/silvertree.ee\/lt\/wp-json\/wp\/v2\/types\/product"}],"wp:featuredmedia":[{"embeddable":true,"href":"https:\/\/silvertree.ee\/lt\/wp-json\/wp\/v2\/media\/5226"}],"wp:attachment":[{"href":"https:\/\/silvertree.ee\/lt\/wp-json\/wp\/v2\/media?parent=362"}],"wp:term":[{"taxonomy":"product_brand","embeddable":true,"href":"https:\/\/silvertree.ee\/lt\/wp-json\/wp\/v2\/product_brand?post=362"},{"taxonomy":"product_cat","embeddable":true,"href":"https:\/\/silvertree.ee\/lt\/wp-json\/wp\/v2\/product_cat?post=362"},{"taxonomy":"product_tag","embeddable":true,"href":"https:\/\/silvertree.ee\/lt\/wp-json\/wp\/v2\/product_tag?post=362"}],"curies":[{"name":"wp","href":"https:\/\/api.w.org\/{rel}","templated":true}]}}