

{"id":5512,"date":"2024-10-29T15:31:54","date_gmt":"2024-10-29T15:31:54","guid":{"rendered":"https:\/\/silvertree.ee\/?post_type=product&#038;p=5512"},"modified":"2025-10-03T16:30:09","modified_gmt":"2025-10-03T16:30:09","slug":"premium-nordmanni-nulg-kopija","status":"publish","type":"product","link":"https:\/\/silvertree.ee\/lt\/product\/premium-nordmanni-nulg-kopija\/","title":{"rendered":"Premium Nordmanni nulg (Kopija)"},"content":{"rendered":"<p>See on \u00fcks populaarsemaid valikuid j\u00f5uludeks Euroopa ja Eesti perede jaoks. See on puu, mis oma laitmatu geneetika t\u00f5ttu v\u00f5ib Teid esmapilgul petta! Veatult moodustatud korrap\u00e4rane tihe v\u00f5ra, suured, pehmed, lopsakad ja rikkalikud rohelised okkad v\u00f5ivad esmapilgul j\u00e4tta kunstpuu mulje. Selliste okaste t\u00f5ttu on nulg s\u00f5bralik v\u00e4ikelastele ja uudishimulikele lemmikloomadele.<\/p>\n<p>Taani nulg p\u00fcsib v\u00e4rskena palju kauem kui teised puud, see ei kipu kuivama hakates okkaid maha viskama, seet\u00f5ttu v\u00f5ib see puu olla suurep\u00e4rane just Teie koju v\u00f5i kontorisse j\u00f5uludeks.<\/p>\n<p>Taani nulg on ideaalne valik neile, kes on allergilised tugeva kuuse l\u00f5hna vastu, sest selle l\u00f5hn toas on \u00fcpris n\u00f5rk.<\/p>\n","protected":false},"excerpt":{"rendered":"<div><\/div>\n<div>\n<div class=\"customabout-left\">\n<p><strong>Taani kuusk<\/strong>\u00a0v\u00f5i alternatiiviks\u00a0<strong>Kaukaasia kuusk<\/strong>\u00a0(ladina keeles: Abies nordmanniana)<\/p>\n<\/div>\n<\/div>\n","protected":false},"featured_media":1903,"template":"","meta":{"_acf_changed":false,"inline_featured_image":false},"product_brand":[],"product_cat":[15],"product_tag":[],"class_list":{"0":"post-5512","1":"product","2":"type-product","3":"status-publish","4":"has-post-thumbnail","6":"product_cat-eglutes","8":"first","9":"outofstock","10":"taxable","11":"shipping-taxable","12":"purchasable","13":"product-type-simple"},"acf":[],"yoast_head":"<!-- This site is optimized with the Yoast SEO plugin v26.1.1 - https:\/\/yoast.com\/wordpress\/plugins\/seo\/ -->\n<title>Premium Nordmanni nulg 200-225cm - Silvertree<\/title>\n<meta name=\"robots\" content=\"noindex, nofollow\" \/>\n<meta property=\"og:locale\" content=\"lt_LT\" \/>\n<meta property=\"og:type\" content=\"article\" \/>\n<meta property=\"og:title\" content=\"Premium Nordmanni nulg 200-225cm - Silvertree\" \/>\n<meta property=\"og:description\" content=\"Taani kuusk\u00a0v\u00f5i alternatiiviks\u00a0Kaukaasia kuusk\u00a0(ladina keeles: Abies nordmanniana)\" \/>\n<meta property=\"og:url\" content=\"https:\/\/silvertree.ee\/lt\/product\/premium-nordmanni-nulg-kopija\/\" \/>\n<meta property=\"og:site_name\" content=\"silvertree.ee\" \/>\n<meta property=\"article:modified_time\" content=\"2025-10-03T16:30:09+00:00\" \/>\n<meta property=\"og:image\" content=\"https:\/\/silvertree.ee\/wp-content\/uploads\/sites\/5\/2023\/08\/200fir.png\" \/>\n\t<meta property=\"og:image:width\" content=\"829\" \/>\n\t<meta property=\"og:image:height\" content=\"1000\" \/>\n\t<meta property=\"og:image:type\" content=\"image\/png\" \/>\n<meta name=\"twitter:card\" content=\"summary_large_image\" \/>\n<meta name=\"twitter:label1\" content=\"Est. reading time\" \/>\n\t<meta name=\"twitter:data1\" content=\"1 minut\u0117\" \/>\n<script type=\"application\/ld+json\" class=\"yoast-schema-graph\">{\"@context\":\"https:\/\/schema.org\",\"@graph\":[{\"@type\":\"WebPage\",\"@id\":\"https:\/\/silvertree.ee\/lt\/product\/premium-nordmanni-nulg-kopija\/\",\"url\":\"https:\/\/silvertree.ee\/lt\/product\/premium-nordmanni-nulg-kopija\/\",\"name\":\"Premium Nordmanni nulg 200-225cm - Silvertree\",\"isPartOf\":{\"@id\":\"https:\/\/silvertree.ee\/#website\"},\"primaryImageOfPage\":{\"@id\":\"https:\/\/silvertree.ee\/lt\/product\/premium-nordmanni-nulg-kopija\/#primaryimage\"},\"image\":{\"@id\":\"https:\/\/silvertree.ee\/lt\/product\/premium-nordmanni-nulg-kopija\/#primaryimage\"},\"thumbnailUrl\":\"https:\/\/silvertree.ee\/wp-content\/uploads\/sites\/5\/2023\/08\/200fir.png\",\"datePublished\":\"2024-10-29T15:31:54+00:00\",\"dateModified\":\"2025-10-03T16:30:09+00:00\",\"breadcrumb\":{\"@id\":\"https:\/\/silvertree.ee\/lt\/product\/premium-nordmanni-nulg-kopija\/#breadcrumb\"},\"inLanguage\":\"lt-LT\",\"potentialAction\":[{\"@type\":\"ReadAction\",\"target\":[\"https:\/\/silvertree.ee\/lt\/product\/premium-nordmanni-nulg-kopija\/\"]}]},{\"@type\":\"ImageObject\",\"inLanguage\":\"lt-LT\",\"@id\":\"https:\/\/silvertree.ee\/lt\/product\/premium-nordmanni-nulg-kopija\/#primaryimage\",\"url\":\"https:\/\/silvertree.ee\/wp-content\/uploads\/sites\/5\/2023\/08\/200fir.png\",\"contentUrl\":\"https:\/\/silvertree.ee\/wp-content\/uploads\/sites\/5\/2023\/08\/200fir.png\",\"width\":829,\"height\":1000},{\"@type\":\"BreadcrumbList\",\"@id\":\"https:\/\/silvertree.ee\/lt\/product\/premium-nordmanni-nulg-kopija\/#breadcrumb\",\"itemListElement\":[{\"@type\":\"ListItem\",\"position\":1,\"name\":\"Home\",\"item\":\"https:\/\/silvertree.ee\/lt\/\"},{\"@type\":\"ListItem\",\"position\":2,\"name\":\"Parduotuv\u0117\",\"item\":\"https:\/\/silvertree.ee\/lt\/parduotuve\/\"},{\"@type\":\"ListItem\",\"position\":3,\"name\":\"Premium Nordmanni nulg (Kopija)\"}]},{\"@type\":\"WebSite\",\"@id\":\"https:\/\/silvertree.ee\/#website\",\"url\":\"https:\/\/silvertree.ee\/\",\"name\":\"silvertree.ee\",\"description\":\"Jaukiausioms 2023m. \u0161vent\u0117ms si\u016blome \u012fsigyti Premium kokyb\u0117s K\u0117n\u012f\u2611\ufe0farba gyv\u0105 lietuvi\u0161k\u0105 eglut\u0119\u2611\ufe0finternetu i\u0161\u23e9silvertree.ee. Pristatysime ir i\u0161ve\u0161ime NEMOKAMAI pas mus pirktas eglutes. Mes parduodame tik tikras Kal\u0117dines egles u\u017eaugintas ir nukirstas \u016bkiuose!\",\"potentialAction\":[{\"@type\":\"SearchAction\",\"target\":{\"@type\":\"EntryPoint\",\"urlTemplate\":\"https:\/\/silvertree.ee\/?s={search_term_string}\"},\"query-input\":{\"@type\":\"PropertyValueSpecification\",\"valueRequired\":true,\"valueName\":\"search_term_string\"}}],\"inLanguage\":\"lt-LT\"}]}<\/script>\n<!-- \/ Yoast SEO plugin. -->","yoast_head_json":{"title":"Premium Nordmanni nulg 200-225cm - Silvertree","robots":{"index":"noindex","follow":"nofollow"},"og_locale":"lt_LT","og_type":"article","og_title":"Premium Nordmanni nulg 200-225cm - Silvertree","og_description":"Taani kuusk\u00a0v\u00f5i alternatiiviks\u00a0Kaukaasia kuusk\u00a0(ladina keeles: Abies nordmanniana)","og_url":"https:\/\/silvertree.ee\/lt\/product\/premium-nordmanni-nulg-kopija\/","og_site_name":"silvertree.ee","article_modified_time":"2025-10-03T16:30:09+00:00","og_image":[{"width":829,"height":1000,"url":"https:\/\/silvertree.ee\/wp-content\/uploads\/sites\/5\/2023\/08\/200fir.png","type":"image\/png"}],"twitter_card":"summary_large_image","twitter_misc":{"Est. reading time":"1 minut\u0117"},"schema":{"@context":"https:\/\/schema.org","@graph":[{"@type":"WebPage","@id":"https:\/\/silvertree.ee\/lt\/product\/premium-nordmanni-nulg-kopija\/","url":"https:\/\/silvertree.ee\/lt\/product\/premium-nordmanni-nulg-kopija\/","name":"Premium Nordmanni nulg 200-225cm - Silvertree","isPartOf":{"@id":"https:\/\/silvertree.ee\/#website"},"primaryImageOfPage":{"@id":"https:\/\/silvertree.ee\/lt\/product\/premium-nordmanni-nulg-kopija\/#primaryimage"},"image":{"@id":"https:\/\/silvertree.ee\/lt\/product\/premium-nordmanni-nulg-kopija\/#primaryimage"},"thumbnailUrl":"https:\/\/silvertree.ee\/wp-content\/uploads\/sites\/5\/2023\/08\/200fir.png","datePublished":"2024-10-29T15:31:54+00:00","dateModified":"2025-10-03T16:30:09+00:00","breadcrumb":{"@id":"https:\/\/silvertree.ee\/lt\/product\/premium-nordmanni-nulg-kopija\/#breadcrumb"},"inLanguage":"lt-LT","potentialAction":[{"@type":"ReadAction","target":["https:\/\/silvertree.ee\/lt\/product\/premium-nordmanni-nulg-kopija\/"]}]},{"@type":"ImageObject","inLanguage":"lt-LT","@id":"https:\/\/silvertree.ee\/lt\/product\/premium-nordmanni-nulg-kopija\/#primaryimage","url":"https:\/\/silvertree.ee\/wp-content\/uploads\/sites\/5\/2023\/08\/200fir.png","contentUrl":"https:\/\/silvertree.ee\/wp-content\/uploads\/sites\/5\/2023\/08\/200fir.png","width":829,"height":1000},{"@type":"BreadcrumbList","@id":"https:\/\/silvertree.ee\/lt\/product\/premium-nordmanni-nulg-kopija\/#breadcrumb","itemListElement":[{"@type":"ListItem","position":1,"name":"Home","item":"https:\/\/silvertree.ee\/lt\/"},{"@type":"ListItem","position":2,"name":"Parduotuv\u0117","item":"https:\/\/silvertree.ee\/lt\/parduotuve\/"},{"@type":"ListItem","position":3,"name":"Premium Nordmanni nulg (Kopija)"}]},{"@type":"WebSite","@id":"https:\/\/silvertree.ee\/#website","url":"https:\/\/silvertree.ee\/","name":"silvertree.ee","description":"Jaukiausioms 2023m. \u0161vent\u0117ms si\u016blome \u012fsigyti Premium kokyb\u0117s K\u0117n\u012f\u2611\ufe0farba gyv\u0105 lietuvi\u0161k\u0105 eglut\u0119\u2611\ufe0finternetu i\u0161\u23e9silvertree.ee. Pristatysime ir i\u0161ve\u0161ime NEMOKAMAI pas mus pirktas eglutes. Mes parduodame tik tikras Kal\u0117dines egles u\u017eaugintas ir nukirstas \u016bkiuose!","potentialAction":[{"@type":"SearchAction","target":{"@type":"EntryPoint","urlTemplate":"https:\/\/silvertree.ee\/?s={search_term_string}"},"query-input":{"@type":"PropertyValueSpecification","valueRequired":true,"valueName":"search_term_string"}}],"inLanguage":"lt-LT"}]}},"_links":{"self":[{"href":"https:\/\/silvertree.ee\/lt\/wp-json\/wp\/v2\/product\/5512","targetHints":{"allow":["GET"]}}],"collection":[{"href":"https:\/\/silvertree.ee\/lt\/wp-json\/wp\/v2\/product"}],"about":[{"href":"https:\/\/silvertree.ee\/lt\/wp-json\/wp\/v2\/types\/product"}],"wp:featuredmedia":[{"embeddable":true,"href":"https:\/\/silvertree.ee\/lt\/wp-json\/wp\/v2\/media\/1903"}],"wp:attachment":[{"href":"https:\/\/silvertree.ee\/lt\/wp-json\/wp\/v2\/media?parent=5512"}],"wp:term":[{"taxonomy":"product_brand","embeddable":true,"href":"https:\/\/silvertree.ee\/lt\/wp-json\/wp\/v2\/product_brand?post=5512"},{"taxonomy":"product_cat","embeddable":true,"href":"https:\/\/silvertree.ee\/lt\/wp-json\/wp\/v2\/product_cat?post=5512"},{"taxonomy":"product_tag","embeddable":true,"href":"https:\/\/silvertree.ee\/lt\/wp-json\/wp\/v2\/product_tag?post=5512"}],"curies":[{"name":"wp","href":"https:\/\/api.w.org\/{rel}","templated":true}]}}