

{"id":660,"date":"2023-08-30T08:56:10","date_gmt":"2023-08-30T08:56:10","guid":{"rendered":"https:\/\/silvertree.ee\/?post_type=product&#038;p=660"},"modified":"2025-12-20T12:57:21","modified_gmt":"2025-12-20T12:57:21","slug":"premium-kenis-200cm-225cm","status":"publish","type":"product","link":"https:\/\/silvertree.ee\/lt\/product\/premium-kenis-200cm-225cm\/","title":{"rendered":"Premium k\u0117nis"},"content":{"rendered":"<p><span style=\"font-weight: 400;\">Visos Europos bei Lietuvos \u0161eim\u0173 labai mylimas, vertinamas medelis, da\u017enai puo\u0161iantis dideles erdves. Toks k\u0117nis, d\u0117l savo nepriekai\u0161tingos genetikos, i\u0161 pirmo \u017evilgsnio gali lengvai Jus apgauti! Taisyklingos formos tanki laja, dideli, mink\u0161ti, ve\u0161l\u016bs ir sodrios \u017ealios spalvos spygliai gali sudaryti dirbtinio medelio \u012fvaizd\u012f. Taip pat k\u0117nis puikiai sutaria su pa\u010diais smalsiausiais vaikais ar viskuo besidomin\u010diais augintiniais, kuriuos \u0161veln\u016bs spygliai gali tik pakutenti.\u00a0\u00a0<\/span><\/p>\n<p><span style=\"font-weight: 400;\">Dani\u0161kas k\u0117nis, lyginant su kitomis eglu\u010di\u0173 r\u016b\u0161imis, kur kas ilgesn\u012f laiko tarp\u0105 i\u0161lieka \u0161vie\u017eias. Patalpoje prad\u0117j\u0119s d\u017ei\u016bti, medelis \u012fprastai nemeta spygli\u0173, tod\u0117l tai gali tapti labai puikiu J\u016bs\u0173 nam\u0173 ar biuro atributu vis\u0105 \u0161ventin\u012f laikotarp\u012f.<\/span><\/p>\n<p><span style=\"font-weight: 400;\">Stipriems egl\u0117s kvapams alergij\u0105 turintiems \u017emon\u0117ms \u2013 dani\u0161kas k\u0117nis yra nepakei\u010diamas pasirinkimas \u0161ventinei nuotaikai sukurti, nes b\u016btent k\u0117nio kvapas patalpoje yra menkai juntamas.<\/span><\/p>\n","protected":false},"excerpt":{"rendered":"<div><\/div>\n<div>\n<p><b><span lang=\"LT\">Dani\u0161kas<\/span><\/b><span lang=\"LT\"> arba dar kitaip <b>kaukazinis k\u0117nis<\/b> (lot. Abies nordmanniana)<\/span><\/p>\n<\/div>\n","protected":false},"featured_media":838,"template":"","meta":{"_acf_changed":false,"inline_featured_image":false},"product_brand":[],"product_cat":[23,24,25,108,109,107,241,26,244,250,253,256,262,265,27,28,268,29,30,31,271,274,277,280,283],"product_tag":[],"class_list":{"0":"post-660","1":"product","2":"type-product","3":"status-publish","4":"has-post-thumbnail","6":"product_cat-daniski-keniai","7":"product_cat-dekoratyviniai-keniai","8":"product_cat-eglut","9":"product_cat-eglutes-kenis-kaune","10":"product_cat-eglutes-kenis-klaipedoje","11":"product_cat-eglutes-kenis-vilniuje","12":"product_cat-euroopa-nulg-ee-lt","13":"product_cat-europinis-kenis","14":"product_cat-fraseri-nulg-ee-lt","15":"product_cat-jaapani-nulg-ee-lt","16":"product_cat-joulukuused-tallinnas-ee-lt","17":"product_cat-joulukuused-tartus-ee-lt","18":"product_cat-kanada-kuusk-ee-lt","19":"product_cat-kaukaasia-nulg-ee-lt","20":"product_cat-kaukazinis-kenis","21":"product_cat-keniai","22":"product_cat-korea-nulg-ee-lt","23":"product_cat-korejinis-kenis","24":"product_cat-mostpopular","25":"product_cat-normandinis-kenis","26":"product_cat-nulg-ee-lt","27":"product_cat-palsami-nulg-ee-lt","28":"product_cat-serbia-kuusk-ee-lt","29":"product_cat-siberi-nulg-ee-lt","30":"product_cat-torkav-kuusk-ee-lt","32":"first","33":"instock","34":"taxable","35":"shipping-taxable","36":"purchasable","37":"product-type-simple"},"acf":[],"yoast_head":"<!-- This site is optimized with the Yoast SEO plugin v26.1.1 - https:\/\/yoast.com\/wordpress\/plugins\/seo\/ -->\n<title>Premium k\u0117nis - silvertree.ee<\/title>\n<meta name=\"robots\" content=\"noindex, nofollow\" \/>\n<meta property=\"og:locale\" content=\"lt_LT\" \/>\n<meta property=\"og:type\" content=\"article\" \/>\n<meta property=\"og:title\" content=\"Premium k\u0117nis - silvertree.ee\" \/>\n<meta property=\"og:description\" content=\"Dani\u0161kas arba dar kitaip kaukazinis k\u0117nis (lot. Abies nordmanniana)\" \/>\n<meta property=\"og:url\" content=\"https:\/\/silvertree.ee\/lt\/product\/premium-kenis-200cm-225cm\/\" \/>\n<meta property=\"og:site_name\" content=\"silvertree.ee\" \/>\n<meta property=\"article:modified_time\" content=\"2025-12-20T12:57:21+00:00\" \/>\n<meta property=\"og:image\" content=\"https:\/\/silvertree.ee\/wp-content\/uploads\/sites\/5\/2023\/08\/200fir.png\" \/>\n\t<meta property=\"og:image:width\" content=\"829\" \/>\n\t<meta property=\"og:image:height\" content=\"1000\" \/>\n\t<meta property=\"og:image:type\" content=\"image\/png\" \/>\n<meta name=\"twitter:card\" content=\"summary_large_image\" \/>\n<meta name=\"twitter:label1\" content=\"Est. reading time\" \/>\n\t<meta name=\"twitter:data1\" content=\"1 minut\u0117\" \/>\n<script type=\"application\/ld+json\" class=\"yoast-schema-graph\">{\"@context\":\"https:\/\/schema.org\",\"@graph\":[{\"@type\":\"WebPage\",\"@id\":\"https:\/\/silvertree.ee\/lt\/product\/premium-kenis-200cm-225cm\/\",\"url\":\"https:\/\/silvertree.ee\/lt\/product\/premium-kenis-200cm-225cm\/\",\"name\":\"Premium k\u0117nis - silvertree.ee\",\"isPartOf\":{\"@id\":\"https:\/\/silvertree.ee\/#website\"},\"primaryImageOfPage\":{\"@id\":\"https:\/\/silvertree.ee\/lt\/product\/premium-kenis-200cm-225cm\/#primaryimage\"},\"image\":{\"@id\":\"https:\/\/silvertree.ee\/lt\/product\/premium-kenis-200cm-225cm\/#primaryimage\"},\"thumbnailUrl\":\"https:\/\/silvertree.ee\/wp-content\/uploads\/sites\/5\/2023\/08\/200fir.png\",\"datePublished\":\"2023-08-30T08:56:10+00:00\",\"dateModified\":\"2025-12-20T12:57:21+00:00\",\"breadcrumb\":{\"@id\":\"https:\/\/silvertree.ee\/lt\/product\/premium-kenis-200cm-225cm\/#breadcrumb\"},\"inLanguage\":\"lt-LT\",\"potentialAction\":[{\"@type\":\"ReadAction\",\"target\":[\"https:\/\/silvertree.ee\/lt\/product\/premium-kenis-200cm-225cm\/\"]}]},{\"@type\":\"ImageObject\",\"inLanguage\":\"lt-LT\",\"@id\":\"https:\/\/silvertree.ee\/lt\/product\/premium-kenis-200cm-225cm\/#primaryimage\",\"url\":\"https:\/\/silvertree.ee\/wp-content\/uploads\/sites\/5\/2023\/08\/200fir.png\",\"contentUrl\":\"https:\/\/silvertree.ee\/wp-content\/uploads\/sites\/5\/2023\/08\/200fir.png\",\"width\":829,\"height\":1000},{\"@type\":\"BreadcrumbList\",\"@id\":\"https:\/\/silvertree.ee\/lt\/product\/premium-kenis-200cm-225cm\/#breadcrumb\",\"itemListElement\":[{\"@type\":\"ListItem\",\"position\":1,\"name\":\"Home\",\"item\":\"https:\/\/silvertree.ee\/lt\/\"},{\"@type\":\"ListItem\",\"position\":2,\"name\":\"Parduotuv\u0117\",\"item\":\"https:\/\/silvertree.ee\/lt\/parduotuve\/\"},{\"@type\":\"ListItem\",\"position\":3,\"name\":\"Premium k\u0117nis\"}]},{\"@type\":\"WebSite\",\"@id\":\"https:\/\/silvertree.ee\/#website\",\"url\":\"https:\/\/silvertree.ee\/\",\"name\":\"silvertree.ee\",\"description\":\"Jaukiausioms 2023m. \u0161vent\u0117ms si\u016blome \u012fsigyti Premium kokyb\u0117s K\u0117n\u012f\u2611\ufe0farba gyv\u0105 lietuvi\u0161k\u0105 eglut\u0119\u2611\ufe0finternetu i\u0161\u23e9silvertree.ee. Pristatysime ir i\u0161ve\u0161ime NEMOKAMAI pas mus pirktas eglutes. Mes parduodame tik tikras Kal\u0117dines egles u\u017eaugintas ir nukirstas \u016bkiuose!\",\"potentialAction\":[{\"@type\":\"SearchAction\",\"target\":{\"@type\":\"EntryPoint\",\"urlTemplate\":\"https:\/\/silvertree.ee\/?s={search_term_string}\"},\"query-input\":{\"@type\":\"PropertyValueSpecification\",\"valueRequired\":true,\"valueName\":\"search_term_string\"}}],\"inLanguage\":\"lt-LT\"}]}<\/script>\n<!-- \/ Yoast SEO plugin. -->","yoast_head_json":{"title":"Premium k\u0117nis - silvertree.ee","robots":{"index":"noindex","follow":"nofollow"},"og_locale":"lt_LT","og_type":"article","og_title":"Premium k\u0117nis - silvertree.ee","og_description":"Dani\u0161kas arba dar kitaip kaukazinis k\u0117nis (lot. Abies nordmanniana)","og_url":"https:\/\/silvertree.ee\/lt\/product\/premium-kenis-200cm-225cm\/","og_site_name":"silvertree.ee","article_modified_time":"2025-12-20T12:57:21+00:00","og_image":[{"width":829,"height":1000,"url":"https:\/\/silvertree.ee\/wp-content\/uploads\/sites\/5\/2023\/08\/200fir.png","type":"image\/png"}],"twitter_card":"summary_large_image","twitter_misc":{"Est. reading time":"1 minut\u0117"},"schema":{"@context":"https:\/\/schema.org","@graph":[{"@type":"WebPage","@id":"https:\/\/silvertree.ee\/lt\/product\/premium-kenis-200cm-225cm\/","url":"https:\/\/silvertree.ee\/lt\/product\/premium-kenis-200cm-225cm\/","name":"Premium k\u0117nis - silvertree.ee","isPartOf":{"@id":"https:\/\/silvertree.ee\/#website"},"primaryImageOfPage":{"@id":"https:\/\/silvertree.ee\/lt\/product\/premium-kenis-200cm-225cm\/#primaryimage"},"image":{"@id":"https:\/\/silvertree.ee\/lt\/product\/premium-kenis-200cm-225cm\/#primaryimage"},"thumbnailUrl":"https:\/\/silvertree.ee\/wp-content\/uploads\/sites\/5\/2023\/08\/200fir.png","datePublished":"2023-08-30T08:56:10+00:00","dateModified":"2025-12-20T12:57:21+00:00","breadcrumb":{"@id":"https:\/\/silvertree.ee\/lt\/product\/premium-kenis-200cm-225cm\/#breadcrumb"},"inLanguage":"lt-LT","potentialAction":[{"@type":"ReadAction","target":["https:\/\/silvertree.ee\/lt\/product\/premium-kenis-200cm-225cm\/"]}]},{"@type":"ImageObject","inLanguage":"lt-LT","@id":"https:\/\/silvertree.ee\/lt\/product\/premium-kenis-200cm-225cm\/#primaryimage","url":"https:\/\/silvertree.ee\/wp-content\/uploads\/sites\/5\/2023\/08\/200fir.png","contentUrl":"https:\/\/silvertree.ee\/wp-content\/uploads\/sites\/5\/2023\/08\/200fir.png","width":829,"height":1000},{"@type":"BreadcrumbList","@id":"https:\/\/silvertree.ee\/lt\/product\/premium-kenis-200cm-225cm\/#breadcrumb","itemListElement":[{"@type":"ListItem","position":1,"name":"Home","item":"https:\/\/silvertree.ee\/lt\/"},{"@type":"ListItem","position":2,"name":"Parduotuv\u0117","item":"https:\/\/silvertree.ee\/lt\/parduotuve\/"},{"@type":"ListItem","position":3,"name":"Premium k\u0117nis"}]},{"@type":"WebSite","@id":"https:\/\/silvertree.ee\/#website","url":"https:\/\/silvertree.ee\/","name":"silvertree.ee","description":"Jaukiausioms 2023m. \u0161vent\u0117ms si\u016blome \u012fsigyti Premium kokyb\u0117s K\u0117n\u012f\u2611\ufe0farba gyv\u0105 lietuvi\u0161k\u0105 eglut\u0119\u2611\ufe0finternetu i\u0161\u23e9silvertree.ee. Pristatysime ir i\u0161ve\u0161ime NEMOKAMAI pas mus pirktas eglutes. Mes parduodame tik tikras Kal\u0117dines egles u\u017eaugintas ir nukirstas \u016bkiuose!","potentialAction":[{"@type":"SearchAction","target":{"@type":"EntryPoint","urlTemplate":"https:\/\/silvertree.ee\/?s={search_term_string}"},"query-input":{"@type":"PropertyValueSpecification","valueRequired":true,"valueName":"search_term_string"}}],"inLanguage":"lt-LT"}]}},"_links":{"self":[{"href":"https:\/\/silvertree.ee\/lt\/wp-json\/wp\/v2\/product\/660","targetHints":{"allow":["GET"]}}],"collection":[{"href":"https:\/\/silvertree.ee\/lt\/wp-json\/wp\/v2\/product"}],"about":[{"href":"https:\/\/silvertree.ee\/lt\/wp-json\/wp\/v2\/types\/product"}],"wp:featuredmedia":[{"embeddable":true,"href":"https:\/\/silvertree.ee\/lt\/wp-json\/wp\/v2\/media\/838"}],"wp:attachment":[{"href":"https:\/\/silvertree.ee\/lt\/wp-json\/wp\/v2\/media?parent=660"}],"wp:term":[{"taxonomy":"product_brand","embeddable":true,"href":"https:\/\/silvertree.ee\/lt\/wp-json\/wp\/v2\/product_brand?post=660"},{"taxonomy":"product_cat","embeddable":true,"href":"https:\/\/silvertree.ee\/lt\/wp-json\/wp\/v2\/product_cat?post=660"},{"taxonomy":"product_tag","embeddable":true,"href":"https:\/\/silvertree.ee\/lt\/wp-json\/wp\/v2\/product_tag?post=660"}],"curies":[{"name":"wp","href":"https:\/\/api.w.org\/{rel}","templated":true}]}}