

{"id":945,"date":"2023-08-07T17:52:01","date_gmt":"2023-08-07T17:52:01","guid":{"rendered":"https:\/\/silvertree.ee\/?page_id=945"},"modified":"2025-10-05T12:19:55","modified_gmt":"2025-10-05T12:19:55","slug":"o-%d0%bd%d0%b0%d1%81","status":"publish","type":"page","link":"https:\/\/silvertree.ee\/ru\/o-%d0%bd%d0%b0%d1%81\/","title":{"rendered":"\u041e \u043d\u0430\u0441"},"content":{"rendered":"\r\n\r\n<section id=\"home-two-column-items-block_b4c2beb4d4e973cccb4abd3bb56a5dd0\" class=\"home-two-column-items \">\r\n    <div class=\"container\">\r\n        <div class=\"home-two-column-wrapper\">\r\n            <div class=\"home-two-column-header\">\r\n\r\n                                    <h2 class=\"sectionheading\">\u041e \u043d\u0430\u0441<\/h2>\r\n                                                    <p>\r\n\r\n<\/p>\r\n                            <\/div>\r\n            <div class=\"home-two-column-content\">\r\n                                    <div class=\"home-two-column-item home-two-column-item-0\">\r\n                        <div class=\"home-two-column-image\">\r\n                                                    <\/div>\r\n                        <div class=\"home-two-column-content\">\r\n                                                            <h3>\u041f\u043e\u0447\u0435\u043c\u0443 \u043c\u044b \u043d\u0430\u0447\u0430\u043b\u0438<\/h3>\r\n                                                                                        <p>\u041d\u0430\u0432\u0435\u0440\u043d\u043e\u0435, \u043a\u0430\u0436\u0434\u043e\u043c\u0443 \u0438\u0437 \u043d\u0430\u0441 \u043f\u0440\u0438\u0445\u043e\u0434\u0438\u043b\u043e\u0441\u044c \u0441\u0442\u043e\u043b\u043a\u043d\u0443\u0442\u044c\u0441\u044f \u0441 \u0442\u0440\u0443\u0434\u043d\u043e\u0441\u0442\u044f\u043c\u0438, \u0441\u0432\u044f\u0437\u0430\u043d\u043d\u044b\u043c\u0438 \u0441 \u043f\u0435\u0440\u0435\u0432\u043e\u0437\u043a\u043e\u0439 \u0440\u043e\u0436\u0434\u0435\u0441\u0442\u0432\u0435\u043d\u0441\u043a\u043e\u0439 \u0435\u043b\u0438 \u0434\u043e\u043c\u043e\u0439. \u041d\u0430\u0447\u0438\u043d\u0430\u044f \u0441 \u0442\u043e\u0433\u043e, \u043a\u0430\u043a \u043d\u0430\u0439\u0442\u0438 \u043a\u0440\u0430\u0441\u0438\u0432\u0443\u044e \u0435\u043b\u044c, \u043f\u043e\u043c\u0435\u0441\u0442\u0438\u0442\u044c \u0435\u0435 \u0432 \u0430\u0432\u0442\u043e\u043c\u043e\u0431\u0438\u043b\u044c \u0438 \u043f\u043e\u0434\u043d\u044f\u0442\u044c \u0435\u0435 \u043f\u043e \u043b\u0435\u0441\u0442\u043d\u0438\u0446\u0435. \u0410 \u0447\u0442\u043e \u0443\u0436\u0435 \u0433\u043e\u0432\u043e\u0440\u0438\u0442\u044c \u043e \u0442\u043e\u043c, \u043a\u0430\u043a \u0438\u0437\u0431\u0430\u0432\u0438\u0442\u044c\u0441\u044f \u043e\u0442 \u0451\u043b\u043a\u0438 \u043f\u043e\u0441\u043b\u0435 \u043f\u0440\u0430\u0437\u0434\u043d\u0438\u043a\u043e\u0432? \u041d\u0443\u0436\u043d\u043e \u0437\u043d\u0430\u0442\u044c \u043a\u0443\u0434\u0430 \u0435\u0435 \u043e\u0442\u043d\u0435\u0441\u0442\u0438, \u0432\u0435\u0434\u044c \u043d\u0435\u043b\u044c\u0437\u044f \u043e\u0441\u0442\u0430\u0432\u0438\u0442\u044c \u0451\u043b\u043a\u0443 \u0440\u044f\u0434\u043e\u043c \u0441 \u043c\u0443\u0441\u043e\u0440\u043d\u044b\u043c \u043a\u043e\u043d\u0442\u0435\u0439\u043d\u0435\u0440\u043e\u043c \u0438\u043b\u0438 \u0433\u0434\u0435-\u0442\u043e \u0432\u043e \u0434\u0432\u043e\u0440\u0435.<\/p>\r\n                            \r\n                                                    <\/div>\r\n                    <\/div>\r\n                                    <div class=\"home-two-column-item home-two-column-item-1\">\r\n                        <div class=\"home-two-column-image\">\r\n                                                    <\/div>\r\n                        <div class=\"home-two-column-content\">\r\n                                                            <h3>\u041d\u0430\u0448\u0430 \u043c\u0438\u0441\u0441\u0438\u044f<\/h3>\r\n                                                                                        <p>\u041e\u0431\u043b\u0435\u0433\u0447\u0438\u0442\u044c \u043f\u043e\u043a\u0443\u043f\u043a\u0443 \u043d\u043e\u0432\u043e\u0433\u043e\u0434\u043d\u0435\u0439 \u0435\u043b\u043a\u0438, \u0447\u0442\u043e\u0431\u044b \u0432\u0430\u0448\u0430 \u0433\u043b\u0430\u0432\u043d\u0430\u044f \u0437\u0430\u0431\u043e\u0442\u0430 \u0431\u044b\u043b\u0430 \u0441\u0432\u044f\u0437\u0430\u043d\u0430 \u0441 \u0435\u0435 \u0443\u043a\u0440\u0430\u0448\u0435\u043d\u0438\u0435\u043c. \u041c\u044b \u0431\u0435\u0441\u043f\u043b\u0430\u0442\u043d\u043e \u0434\u043e\u0441\u0442\u0430\u0432\u043b\u044f\u0435\u043c \u0435\u043b\u043a\u0438 \u043a\u043b\u0430\u0441\u0441\u0430 \u041f\u0420\u0415\u041c\u0418\u0423\u041c \u0432 \u0432\u044b\u0431\u0440\u0430\u043d\u043d\u043e\u0435 \u043a\u043b\u0438\u0435\u043d\u0442\u0430\u043c\u0438 \u043c\u0435\u0441\u0442\u043e \u0432 \u0443\u0434\u043e\u0431\u043d\u043e\u0435 \u0432\u0440\u0435\u043c\u044f \u0438 \u043f\u043e\u0441\u043b\u0435 \u043f\u0440\u0430\u0437\u0434\u043d\u0438\u043a\u043e\u0432 \u0443\u0442\u0438\u043b\u0438\u0437\u0438\u0440\u0443\u0435\u043c \u0438\u043b\u0438 \u043f\u0435\u0440\u0435\u0441\u0430\u0436\u0438\u0432\u0430\u0435\u043c \u0438\u0445.<\/p>\r\n                            \r\n                                                    <\/div>\r\n                    <\/div>\r\n                                    <div class=\"home-two-column-item home-two-column-item-2\">\r\n                        <div class=\"home-two-column-image\">\r\n                                                    <\/div>\r\n                        <div class=\"home-two-column-content\">\r\n                                                            <h3>\u041c\u044b \u0430\u043c\u0431\u0438\u0446\u0438\u043e\u0437\u043d\u0430\u044f \u043a\u043e\u043c\u0430\u043d\u0434\u0430<\/h3>\r\n                                                                                        <p>\u0412\u043e\u0442 \u0443\u0436\u0435 \u0441\u0435\u0434\u044c\u043c\u043e\u0439 \u0433\u043e\u0434 \u043c\u044b \u0440\u0430\u0431\u043e\u0442\u0430\u0435\u043c, \u0447\u0442\u043e\u0431\u044b \u0443\u043f\u0440\u043e\u0441\u0442\u0438\u0442\u044c \u043f\u0440\u0435\u0434\u043f\u0440\u0430\u0437\u043d\u0438\u0447\u043d\u044b\u0435 \u0445\u043b\u043e\u043f\u043e\u0442\u044b, \u0443\u0434\u043e\u0432\u043b\u0435\u0442\u0432\u043e\u0440\u0438\u0442\u044c \u0432\u0430\u0448\u0438 \u043f\u043e\u0442\u0440\u0435\u0431\u043d\u043e\u0441\u0442\u0438 \u0438 \u043f\u043e\u0437\u0430\u0431\u043e\u0442\u0438\u0442\u044c\u0441\u044f \u043e \u0441\u0435\u043c\u0435\u0439\u043d\u044b\u0445 \u0446\u0435\u043d\u043d\u043e\u0441\u0442\u044f\u0445, \u043f\u0440\u0435\u0434\u043e\u0441\u0442\u0430\u0432\u0438\u0442\u044c \u0432\u0441\u0435 \u0433\u0430\u0440\u0430\u043d\u0442\u0438\u0438 \u043a\u0430\u0447\u0435\u0441\u0442\u0432\u0430 \u0438 \u043f\u0440\u0438\u043d\u0435\u0441\u0442\u0438 \u043d\u0430\u0441\u0442\u043e\u044f\u0449\u0435\u0435 \u0440\u043e\u0436\u0434\u0435\u0441\u0442\u0432\u0435\u043d\u0441\u043a\u043e\u0435 \u0441\u0447\u0430\u0441\u0442\u044c\u0435.<\/p>\r\n                            \r\n                                                    <\/div>\r\n                    <\/div>\r\n                            <\/div>\r\n\r\n        <\/div>\r\n    <\/div>\r\n\r\n\r\n\r\n\r\n<\/section>\r\n\r\n\n\n\r\n\r\n\r\n\r\n\r\n<section id=\"home-order-block_4463f4d2d75835eaefcff2d64d0821bd\" class=\"home-order \">\r\n    <div class=\"container\">\r\n        <div class=\"home-order-in\">\r\n            <div class=\"home-order-texts\">\r\n                <h3>\u0415\u043b\u043a\u0430 \u0431\u0435\u0437 \u0437\u0430\u0431\u043e\u0442<\/h3>\r\n                <div class=\"home-order-texter\">\r\n                    <p>\u041c\u044b \u0433\u0438\u0431\u043a\u043e \u0430\u0434\u0430\u043f\u0442\u0438\u0440\u0443\u0435\u043c\u0441\u044f \u043f\u043e\u0434 \u0432\u0430\u0448\u0438 \u043f\u043e\u0442\u0440\u0435\u0431\u043d\u043e\u0441\u0442\u0438.<\/p>\r\n<p>\u041a\u043e\u043b\u0438\u0447\u0435\u0441\u0442\u0432\u043e \u0435\u043b\u043e\u0447\u0435\u043a \u043e\u0447\u0435\u043d\u044c \u043e\u0433\u0440\u0430\u043d\u0438\u0447\u0435\u043d\u043e.\/p&gt;                <\/div>\r\n                                    <a class=\"btnsilvervwhite\" href=\"\/parduotuve\/\" target=\"\">\u041a\u0443\u043f\u0438\u0442\u044c<\/a>\r\n                            <\/div>\r\n        <\/div>\r\n    <\/div>\r\n    <style>\r\n        .home-order {\r\n            background: url(\"https:\/\/silvertree.ee\/wp-content\/uploads\/sites\/5\/2023\/07\/bg.jpg\") no-repeat center center;\r\n            background-size: cover;\r\n        }\r\n    <\/style>\r\n<\/section>\r\n\r\n","protected":false},"excerpt":{"rendered":"","protected":false},"author":1,"featured_media":0,"parent":0,"menu_order":0,"comment_status":"closed","ping_status":"closed","template":"","meta":{"_acf_changed":false,"inline_featured_image":false,"footnotes":""},"class_list":["post-945","page","type-page","status-publish","hentry"],"acf":[],"yoast_head":"<!-- This site is optimized with the Yoast SEO plugin v26.1.1 - https:\/\/yoast.com\/wordpress\/plugins\/seo\/ -->\n<title>\u041e \u043d\u0430\u0441 - silvertree.ee<\/title>\n<meta name=\"robots\" content=\"noindex, follow\" \/>\n<meta property=\"og:locale\" content=\"ru_RU\" \/>\n<meta property=\"og:type\" content=\"article\" \/>\n<meta property=\"og:title\" content=\"\u041e \u043d\u0430\u0441 - silvertree.ee\" \/>\n<meta property=\"og:url\" content=\"https:\/\/silvertree.ee\/ru\/o-\u043d\u0430\u0441\/\" \/>\n<meta property=\"og:site_name\" content=\"silvertree.ee\" \/>\n<meta property=\"article:modified_time\" content=\"2025-10-05T12:19:55+00:00\" \/>\n<meta name=\"twitter:card\" content=\"summary_large_image\" \/>\n<script type=\"application\/ld+json\" class=\"yoast-schema-graph\">{\"@context\":\"https:\/\/schema.org\",\"@graph\":[{\"@type\":\"WebPage\",\"@id\":\"https:\/\/silvertree.ee\/ru\/o-%d0%bd%d0%b0%d1%81\/\",\"url\":\"https:\/\/silvertree.ee\/ru\/o-%d0%bd%d0%b0%d1%81\/\",\"name\":\"\u041e \u043d\u0430\u0441 - silvertree.ee\",\"isPartOf\":{\"@id\":\"https:\/\/silvertree.ee\/#website\"},\"datePublished\":\"2023-08-07T17:52:01+00:00\",\"dateModified\":\"2025-10-05T12:19:55+00:00\",\"breadcrumb\":{\"@id\":\"https:\/\/silvertree.ee\/ru\/o-%d0%bd%d0%b0%d1%81\/#breadcrumb\"},\"inLanguage\":\"ru-RU\",\"potentialAction\":[{\"@type\":\"ReadAction\",\"target\":[\"https:\/\/silvertree.ee\/ru\/o-%d0%bd%d0%b0%d1%81\/\"]}]},{\"@type\":\"BreadcrumbList\",\"@id\":\"https:\/\/silvertree.ee\/ru\/o-%d0%bd%d0%b0%d1%81\/#breadcrumb\",\"itemListElement\":[{\"@type\":\"ListItem\",\"position\":1,\"name\":\"Home\",\"item\":\"https:\/\/silvertree.ee\/ru\/\"},{\"@type\":\"ListItem\",\"position\":2,\"name\":\"\u041e \u043d\u0430\u0441\"}]},{\"@type\":\"WebSite\",\"@id\":\"https:\/\/silvertree.ee\/#website\",\"url\":\"https:\/\/silvertree.ee\/\",\"name\":\"silvertree.ee\",\"description\":\"Jaukiausioms 2023m. \u0161vent\u0117ms si\u016blome \u012fsigyti Premium kokyb\u0117s K\u0117n\u012f\u2611\ufe0farba gyv\u0105 lietuvi\u0161k\u0105 eglut\u0119\u2611\ufe0finternetu i\u0161\u23e9silvertree.ee. Pristatysime ir i\u0161ve\u0161ime NEMOKAMAI pas mus pirktas eglutes. Mes parduodame tik tikras Kal\u0117dines egles u\u017eaugintas ir nukirstas \u016bkiuose!\",\"potentialAction\":[{\"@type\":\"SearchAction\",\"target\":{\"@type\":\"EntryPoint\",\"urlTemplate\":\"https:\/\/silvertree.ee\/?s={search_term_string}\"},\"query-input\":{\"@type\":\"PropertyValueSpecification\",\"valueRequired\":true,\"valueName\":\"search_term_string\"}}],\"inLanguage\":\"ru-RU\"}]}<\/script>\n<!-- \/ Yoast SEO plugin. -->","yoast_head_json":{"title":"\u041e \u043d\u0430\u0441 - silvertree.ee","robots":{"index":"noindex","follow":"follow"},"og_locale":"ru_RU","og_type":"article","og_title":"\u041e \u043d\u0430\u0441 - silvertree.ee","og_url":"https:\/\/silvertree.ee\/ru\/o-\u043d\u0430\u0441\/","og_site_name":"silvertree.ee","article_modified_time":"2025-10-05T12:19:55+00:00","twitter_card":"summary_large_image","schema":{"@context":"https:\/\/schema.org","@graph":[{"@type":"WebPage","@id":"https:\/\/silvertree.ee\/ru\/o-%d0%bd%d0%b0%d1%81\/","url":"https:\/\/silvertree.ee\/ru\/o-%d0%bd%d0%b0%d1%81\/","name":"\u041e \u043d\u0430\u0441 - silvertree.ee","isPartOf":{"@id":"https:\/\/silvertree.ee\/#website"},"datePublished":"2023-08-07T17:52:01+00:00","dateModified":"2025-10-05T12:19:55+00:00","breadcrumb":{"@id":"https:\/\/silvertree.ee\/ru\/o-%d0%bd%d0%b0%d1%81\/#breadcrumb"},"inLanguage":"ru-RU","potentialAction":[{"@type":"ReadAction","target":["https:\/\/silvertree.ee\/ru\/o-%d0%bd%d0%b0%d1%81\/"]}]},{"@type":"BreadcrumbList","@id":"https:\/\/silvertree.ee\/ru\/o-%d0%bd%d0%b0%d1%81\/#breadcrumb","itemListElement":[{"@type":"ListItem","position":1,"name":"Home","item":"https:\/\/silvertree.ee\/ru\/"},{"@type":"ListItem","position":2,"name":"\u041e \u043d\u0430\u0441"}]},{"@type":"WebSite","@id":"https:\/\/silvertree.ee\/#website","url":"https:\/\/silvertree.ee\/","name":"silvertree.ee","description":"Jaukiausioms 2023m. \u0161vent\u0117ms si\u016blome \u012fsigyti Premium kokyb\u0117s K\u0117n\u012f\u2611\ufe0farba gyv\u0105 lietuvi\u0161k\u0105 eglut\u0119\u2611\ufe0finternetu i\u0161\u23e9silvertree.ee. Pristatysime ir i\u0161ve\u0161ime NEMOKAMAI pas mus pirktas eglutes. Mes parduodame tik tikras Kal\u0117dines egles u\u017eaugintas ir nukirstas \u016bkiuose!","potentialAction":[{"@type":"SearchAction","target":{"@type":"EntryPoint","urlTemplate":"https:\/\/silvertree.ee\/?s={search_term_string}"},"query-input":{"@type":"PropertyValueSpecification","valueRequired":true,"valueName":"search_term_string"}}],"inLanguage":"ru-RU"}]}},"_links":{"self":[{"href":"https:\/\/silvertree.ee\/ru\/wp-json\/wp\/v2\/pages\/945","targetHints":{"allow":["GET"]}}],"collection":[{"href":"https:\/\/silvertree.ee\/ru\/wp-json\/wp\/v2\/pages"}],"about":[{"href":"https:\/\/silvertree.ee\/ru\/wp-json\/wp\/v2\/types\/page"}],"author":[{"embeddable":true,"href":"https:\/\/silvertree.ee\/ru\/wp-json\/wp\/v2\/users\/1"}],"replies":[{"embeddable":true,"href":"https:\/\/silvertree.ee\/ru\/wp-json\/wp\/v2\/comments?post=945"}],"version-history":[{"count":6,"href":"https:\/\/silvertree.ee\/ru\/wp-json\/wp\/v2\/pages\/945\/revisions"}],"predecessor-version":[{"id":7826,"href":"https:\/\/silvertree.ee\/ru\/wp-json\/wp\/v2\/pages\/945\/revisions\/7826"}],"wp:attachment":[{"href":"https:\/\/silvertree.ee\/ru\/wp-json\/wp\/v2\/media?parent=945"}],"curies":[{"name":"wp","href":"https:\/\/api.w.org\/{rel}","templated":true}]}}