

{"id":954,"date":"2023-08-07T17:49:51","date_gmt":"2023-08-07T17:49:51","guid":{"rendered":"https:\/\/silvertree.ee\/?page_id=954"},"modified":"2025-11-14T12:57:12","modified_gmt":"2025-11-14T12:57:12","slug":"%d0%ba%d0%be%d0%bd%d1%82%d0%b0%d0%ba%d1%82%d1%8b","status":"publish","type":"page","link":"https:\/\/silvertree.ee\/ru\/%d0%ba%d0%be%d0%bd%d1%82%d0%b0%d0%ba%d1%82%d1%8b\/","title":{"rendered":"\u041a\u043e\u043d\u0442\u0430\u043a\u0442\u044b"},"content":{"rendered":"\r\n<section id=\"contact-us-block_728b4400ab5c1d1f7ac73fcfdf0c8af4\" class=\"contact-us web-section\">\r\n\t<div class=\"container\">\r\n\t  <div class=\"contact-us-in\">\r\n          <h1 class=\"sectionheading\">\u041a\u043e\u043d\u0442\u0430\u043a\u0442\u043d\u0430\u044f \u0438\u043d\u0444\u043e\u0440\u043c\u0430\u0446\u0438\u044f<\/h1>\r\n          <div class=\"contact-us-column-wrapper rte\">\r\n              <div class=\"contact-us-column contact-us-column-1\">\r\n                  <p>Silvertree.ee \u043e\u0431\u0441\u043b\u0443\u0436\u0438\u0432\u0430\u043d\u0438\u0435 \u043a\u043b\u0438\u0435\u043d\u0442\u043e\u0432<\/p>\n<p>\u0427\u0430\u0441\u0442\u043e \u0437\u0430\u0434\u0430\u0432\u0430\u0435\u043c\u044b\u0435 \u0432\u043e\u043f\u0440\u043e\u0441\u044b \u043c\u043e\u0436\u043d\u043e \u043d\u0430\u0439\u0442\u0438 <a href=\"https:\/\/silvertree.ee\/ru\/%d1%87%d0%b0%d0%b2%d0%be\/\">\u0437\u0434\u0435\u0441\u044c.<\/a><\/p>\n<p>\u041d\u0435 \u043d\u0430\u0448\u043b\u0438 \u043d\u0443\u0436\u043d\u043e\u0433\u043e \u043e\u0442\u0432\u0435\u0442\u0430 \u0432 \u0440\u0430\u0437\u0434\u0435\u043b\u0435 <a href=\"https:\/\/silvertree.ee\/ru\/%d1%87%d0%b0%d0%b2%d0%be\/\">\u0427\u0430\u0441\u0442\u043e \u0437\u0430\u0434\u0430\u0432\u0430\u0435\u043c\u044b\u0435 \u0432\u043e\u043f\u0440\u043e\u0441\u044b<\/a>?<\/p>\n<p>\u0421\u0432\u044f\u0436\u0438\u0442\u0435\u0441\u044c \u043f\u043e \u044d\u043b\u0435\u043a\u0442\u0440\u043e\u043d\u043d\u043e\u0439 \u043f\u043e\u0447\u0442\u0435: <a href=\"mailto:info@silvertree.ee\" target=\"_new\">info@silvertree.ee<\/a><\/p>\n<p>+37255655169<\/p>\n              <\/div>\r\n              <div class=\"contact-us-column contact-us-column-2\">\r\n                  <p>\u0420\u0435\u043a\u0432\u0438\u0437\u0438\u0442\u044b:<\/p>\n<p>J\u00f5uluteenus O\u00dc<\/p>\n<div class=\"page\" title=\"Page 1\">\n<div class=\"layoutArea\">\n<div class=\"column\">\n<p>Registrikood: 17345298<br \/>\nKMKR number: EE102924110<br \/>\nLHV: EE817700771012249612<\/p>\n<\/div>\n<\/div>\n<\/div>\n<p><a href=\"mailto:info@silvertree.ee\" target=\"_new\">info@silvertree.ee<\/a><\/p>\n<p>+37255655169<\/p>\n              <\/div>\r\n          <\/div>\r\n\t  <\/div>\r\n\t<\/div>\r\n<\/section>\r\n","protected":false},"excerpt":{"rendered":"","protected":false},"author":1,"featured_media":0,"parent":0,"menu_order":0,"comment_status":"closed","ping_status":"closed","template":"","meta":{"_acf_changed":false,"inline_featured_image":false,"footnotes":""},"class_list":["post-954","page","type-page","status-publish","hentry"],"acf":[],"yoast_head":"<!-- This site is optimized with the Yoast SEO plugin v26.1.1 - https:\/\/yoast.com\/wordpress\/plugins\/seo\/ -->\n<title>\u041a\u043e\u043d\u0442\u0430\u043a\u0442\u044b - silvertree.ee<\/title>\n<meta name=\"robots\" content=\"noindex, nofollow\" \/>\n<meta property=\"og:locale\" content=\"ru_RU\" \/>\n<meta property=\"og:type\" content=\"article\" \/>\n<meta property=\"og:title\" content=\"\u041a\u043e\u043d\u0442\u0430\u043a\u0442\u044b - silvertree.ee\" \/>\n<meta property=\"og:url\" content=\"https:\/\/silvertree.ee\/ru\/\u043a\u043e\u043d\u0442\u0430\u043a\u0442\u044b\/\" \/>\n<meta property=\"og:site_name\" content=\"silvertree.ee\" \/>\n<meta property=\"article:modified_time\" content=\"2025-11-14T12:57:12+00:00\" \/>\n<meta name=\"twitter:card\" content=\"summary_large_image\" \/>\n<script type=\"application\/ld+json\" class=\"yoast-schema-graph\">{\"@context\":\"https:\/\/schema.org\",\"@graph\":[{\"@type\":\"WebPage\",\"@id\":\"https:\/\/silvertree.ee\/ru\/%d0%ba%d0%be%d0%bd%d1%82%d0%b0%d0%ba%d1%82%d1%8b\/\",\"url\":\"https:\/\/silvertree.ee\/ru\/%d0%ba%d0%be%d0%bd%d1%82%d0%b0%d0%ba%d1%82%d1%8b\/\",\"name\":\"\u041a\u043e\u043d\u0442\u0430\u043a\u0442\u044b - silvertree.ee\",\"isPartOf\":{\"@id\":\"https:\/\/silvertree.ee\/#website\"},\"datePublished\":\"2023-08-07T17:49:51+00:00\",\"dateModified\":\"2025-11-14T12:57:12+00:00\",\"breadcrumb\":{\"@id\":\"https:\/\/silvertree.ee\/ru\/%d0%ba%d0%be%d0%bd%d1%82%d0%b0%d0%ba%d1%82%d1%8b\/#breadcrumb\"},\"inLanguage\":\"ru-RU\",\"potentialAction\":[{\"@type\":\"ReadAction\",\"target\":[\"https:\/\/silvertree.ee\/ru\/%d0%ba%d0%be%d0%bd%d1%82%d0%b0%d0%ba%d1%82%d1%8b\/\"]}]},{\"@type\":\"BreadcrumbList\",\"@id\":\"https:\/\/silvertree.ee\/ru\/%d0%ba%d0%be%d0%bd%d1%82%d0%b0%d0%ba%d1%82%d1%8b\/#breadcrumb\",\"itemListElement\":[{\"@type\":\"ListItem\",\"position\":1,\"name\":\"Home\",\"item\":\"https:\/\/silvertree.ee\/ru\/\"},{\"@type\":\"ListItem\",\"position\":2,\"name\":\"\u041a\u043e\u043d\u0442\u0430\u043a\u0442\u044b\"}]},{\"@type\":\"WebSite\",\"@id\":\"https:\/\/silvertree.ee\/#website\",\"url\":\"https:\/\/silvertree.ee\/\",\"name\":\"silvertree.ee\",\"description\":\"Jaukiausioms 2023m. \u0161vent\u0117ms si\u016blome \u012fsigyti Premium kokyb\u0117s K\u0117n\u012f\u2611\ufe0farba gyv\u0105 lietuvi\u0161k\u0105 eglut\u0119\u2611\ufe0finternetu i\u0161\u23e9silvertree.ee. Pristatysime ir i\u0161ve\u0161ime NEMOKAMAI pas mus pirktas eglutes. Mes parduodame tik tikras Kal\u0117dines egles u\u017eaugintas ir nukirstas \u016bkiuose!\",\"potentialAction\":[{\"@type\":\"SearchAction\",\"target\":{\"@type\":\"EntryPoint\",\"urlTemplate\":\"https:\/\/silvertree.ee\/?s={search_term_string}\"},\"query-input\":{\"@type\":\"PropertyValueSpecification\",\"valueRequired\":true,\"valueName\":\"search_term_string\"}}],\"inLanguage\":\"ru-RU\"}]}<\/script>\n<!-- \/ Yoast SEO plugin. -->","yoast_head_json":{"title":"\u041a\u043e\u043d\u0442\u0430\u043a\u0442\u044b - silvertree.ee","robots":{"index":"noindex","follow":"nofollow"},"og_locale":"ru_RU","og_type":"article","og_title":"\u041a\u043e\u043d\u0442\u0430\u043a\u0442\u044b - silvertree.ee","og_url":"https:\/\/silvertree.ee\/ru\/\u043a\u043e\u043d\u0442\u0430\u043a\u0442\u044b\/","og_site_name":"silvertree.ee","article_modified_time":"2025-11-14T12:57:12+00:00","twitter_card":"summary_large_image","schema":{"@context":"https:\/\/schema.org","@graph":[{"@type":"WebPage","@id":"https:\/\/silvertree.ee\/ru\/%d0%ba%d0%be%d0%bd%d1%82%d0%b0%d0%ba%d1%82%d1%8b\/","url":"https:\/\/silvertree.ee\/ru\/%d0%ba%d0%be%d0%bd%d1%82%d0%b0%d0%ba%d1%82%d1%8b\/","name":"\u041a\u043e\u043d\u0442\u0430\u043a\u0442\u044b - silvertree.ee","isPartOf":{"@id":"https:\/\/silvertree.ee\/#website"},"datePublished":"2023-08-07T17:49:51+00:00","dateModified":"2025-11-14T12:57:12+00:00","breadcrumb":{"@id":"https:\/\/silvertree.ee\/ru\/%d0%ba%d0%be%d0%bd%d1%82%d0%b0%d0%ba%d1%82%d1%8b\/#breadcrumb"},"inLanguage":"ru-RU","potentialAction":[{"@type":"ReadAction","target":["https:\/\/silvertree.ee\/ru\/%d0%ba%d0%be%d0%bd%d1%82%d0%b0%d0%ba%d1%82%d1%8b\/"]}]},{"@type":"BreadcrumbList","@id":"https:\/\/silvertree.ee\/ru\/%d0%ba%d0%be%d0%bd%d1%82%d0%b0%d0%ba%d1%82%d1%8b\/#breadcrumb","itemListElement":[{"@type":"ListItem","position":1,"name":"Home","item":"https:\/\/silvertree.ee\/ru\/"},{"@type":"ListItem","position":2,"name":"\u041a\u043e\u043d\u0442\u0430\u043a\u0442\u044b"}]},{"@type":"WebSite","@id":"https:\/\/silvertree.ee\/#website","url":"https:\/\/silvertree.ee\/","name":"silvertree.ee","description":"Jaukiausioms 2023m. \u0161vent\u0117ms si\u016blome \u012fsigyti Premium kokyb\u0117s K\u0117n\u012f\u2611\ufe0farba gyv\u0105 lietuvi\u0161k\u0105 eglut\u0119\u2611\ufe0finternetu i\u0161\u23e9silvertree.ee. Pristatysime ir i\u0161ve\u0161ime NEMOKAMAI pas mus pirktas eglutes. Mes parduodame tik tikras Kal\u0117dines egles u\u017eaugintas ir nukirstas \u016bkiuose!","potentialAction":[{"@type":"SearchAction","target":{"@type":"EntryPoint","urlTemplate":"https:\/\/silvertree.ee\/?s={search_term_string}"},"query-input":{"@type":"PropertyValueSpecification","valueRequired":true,"valueName":"search_term_string"}}],"inLanguage":"ru-RU"}]}},"_links":{"self":[{"href":"https:\/\/silvertree.ee\/ru\/wp-json\/wp\/v2\/pages\/954","targetHints":{"allow":["GET"]}}],"collection":[{"href":"https:\/\/silvertree.ee\/ru\/wp-json\/wp\/v2\/pages"}],"about":[{"href":"https:\/\/silvertree.ee\/ru\/wp-json\/wp\/v2\/types\/page"}],"author":[{"embeddable":true,"href":"https:\/\/silvertree.ee\/ru\/wp-json\/wp\/v2\/users\/1"}],"replies":[{"embeddable":true,"href":"https:\/\/silvertree.ee\/ru\/wp-json\/wp\/v2\/comments?post=954"}],"version-history":[{"count":20,"href":"https:\/\/silvertree.ee\/ru\/wp-json\/wp\/v2\/pages\/954\/revisions"}],"predecessor-version":[{"id":8788,"href":"https:\/\/silvertree.ee\/ru\/wp-json\/wp\/v2\/pages\/954\/revisions\/8788"}],"wp:attachment":[{"href":"https:\/\/silvertree.ee\/ru\/wp-json\/wp\/v2\/media?parent=954"}],"curies":[{"name":"wp","href":"https:\/\/api.w.org\/{rel}","templated":true}]}}