

{"id":1295,"date":"2023-08-30T08:56:10","date_gmt":"2023-08-30T08:56:10","guid":{"rendered":"https:\/\/silvertree.ee\/produktas\/premium-kenis-200-225\/"},"modified":"2023-11-04T18:44:05","modified_gmt":"2023-11-04T18:44:05","slug":"premium-%d0%bd%d0%be%d1%80%d0%b4%d0%bc%d0%b0%d0%bd%d1%81%d0%ba%d0%b0%d1%8f-200-225","status":"publish","type":"product","link":"https:\/\/silvertree.ee\/ru\/product\/premium-%d0%bd%d0%be%d1%80%d0%b4%d0%bc%d0%b0%d0%bd%d1%81%d0%ba%d0%b0%d1%8f-200-225\/","title":{"rendered":"\u041f\u0440\u0435\u043c\u0438\u0443\u043c \u041d\u043e\u0440\u0434\u043c\u0430\u043d\u0441\u043a\u0430\u044f E\u043b\u044c"},"content":{"rendered":"<p><span style=\"font-weight: 400;\">\u042d\u0442\u0443 \u0435\u043b\u044c \u043b\u044e\u0431\u044f\u0442 \u0438 \u0446\u0435\u043d\u044f\u0442 \u0435\u0432\u0440\u043e\u043f\u0435\u0439\u0441\u043a\u0438\u0435 \u0438 \u044d\u0441\u0442\u043e\u043d\u0441\u043a\u0438\u0435 \u0441\u0435\u043c\u044c\u0438. \u041e\u043d\u0430 \u0447\u0430\u0441\u0442\u043e \u0441\u0442\u0430\u043d\u043e\u0432\u0438\u0442\u0441\u044f \u0443\u043a\u0440\u0430\u0448\u0435\u043d\u0438\u0435\u043c \u0431\u043e\u043b\u044c\u0448\u0438\u0445 \u043f\u043e\u043c\u0435\u0448\u0435\u043d\u0438\u0439<\/span><span style=\"font-weight: 400;\">. \u042d\u0442\u043e \u0434\u0435\u0440\u0435\u0432\u043e, \u043a\u043e\u0442\u043e\u0440\u043e\u0435, \u0431\u043b\u0430\u0433\u043e\u0434\u0430\u0440\u044f \u0441\u0432\u043e\u0435\u0439 <\/span><span style=\"font-weight: 400;\">\u0431\u0435\u0437\u0443\u043f\u0440\u0435\u0447\u043d\u043e\u0439<\/span><span style=\"font-weight: 400;\"> \u0433\u0435\u043d\u0435\u0442\u0438\u043a\u0435, \u043c\u043e\u0436\u0435\u0442 \u043e\u0431\u043c\u0430\u043d\u0443\u0442\u044c \u0432\u0430\u0441 \u0441 \u043f\u0435\u0440\u0432\u043e\u0433\u043e \u0432\u0437\u0433\u043b\u044f\u0434\u0430! <\/span><span style=\"font-weight: 400;\">\u0411\u043b\u0430\u0433\u043e\u0434\u0430\u0440\u044f \u0435\u0451 \u0431\u0435\u0437\u0443\u043f\u0440\u0435\u0447\u043d\u043e \u043e\u0444\u043e\u0440\u043c\u043b\u0435\u043d\u043d\u043e\u0439, \u0441\u0438\u043c\u043c\u0435\u0442\u0440\u0438\u0447\u043d\u043e\u0439, \u043f\u043b\u043e\u0442\u043d\u043e\u0439 \u043a\u0440\u043e\u043d\u0435,<\/span><span style=\"font-weight: 400;\"> \u043a\u0440\u0443\u043f\u043d\u044b\u043c, \u043c\u044f\u0433\u043a\u0438\u043c, <\/span><span style=\"font-weight: 400;\">\u043f\u044b\u0448\u043d\u044b\u043c \u0432\u0435\u0442\u0432\u044f\u043c, \u044f\u0440\u043a\u043e-\u0437\u0435\u043b\u0435\u043d\u043e\u0433\u043e \u0446\u0432\u0435\u0442\u0430<\/span><span style=\"font-weight: 400;\">, \u0435\u0451 \u043c\u043e\u0436\u043d\u043e \u043f\u0440\u0438\u043d\u044f\u0442\u044c \u0437\u0430 \u0438\u0441\u043a\u0443\u0441\u0441\u0442\u0432\u0435\u043d\u043d\u0443\u044e \u0435\u043b\u044c. \u0415\u043b\u044c \u043b\u0430\u0434\u0438\u0442 \u0434\u0430\u0436\u0435 \u0441 \u0441\u0430\u043c\u044b\u043c\u0438 \u043b\u044e\u0431\u043e\u0437\u043d\u0430\u0442\u0435\u043b\u044c\u043d\u044b\u043c\u0438 \u0434\u0435\u0442\u044c\u043c\u0438 \u0438 \u0434\u043e\u043c\u0430\u0448\u043d\u0438\u043c\u0438 \u0436\u0438\u0432\u043e\u0442\u043d\u044b\u043c\u0438, <\/span><span style=\"font-weight: 400;\">\u043a\u043e\u0442\u043e\u0440\u044b\u0445 \u0435\u0451 \u0438\u0433\u043e\u043b\u043a\u0438 \u043c\u043e\u0433\u0443\u0442 \u0440\u0430\u0437\u0432\u0435 \u0447\u0442\u043e \u043f\u043e\u0449\u0435\u043a\u043e\u0442\u0430\u0442\u044c.<\/span><\/p>\n<p><span style=\"font-weight: 400;\">\u0414\u0430\u0442\u0441\u043a\u0430\u044f \u043f\u0438\u0445\u0442\u0430, \u043f\u043e \u0441\u0440\u0430\u0432\u043d\u0435\u043d\u0438\u044e \u0441 \u0434\u0440\u0443\u0433\u0438\u043c\u0438 \u0432\u0438\u0434\u0430\u043c\u0438 \u0435\u043b\u0435\u0439, \u043e\u0441\u0442\u0430\u0435\u0442\u0441\u044f \u0441\u0432\u0435\u0436\u0435\u0439 <\/span><span style=\"font-weight: 400;\">\u043d\u0430\u043c\u043d\u043e\u0433\u043e \u0434\u043e\u043b\u044c\u0448\u0435<\/span><span style=\"font-weight: 400;\">. <\/span><span style=\"font-weight: 400;\">\u0418\u0433\u043e\u043b\u043a\u0438 \u043d\u0435 \u043e\u043f\u0430\u0434\u0430\u044e\u0442 \u0434\u0430\u0436\u0435 \u043a\u043e\u0433\u0434\u0430 \u0434\u0435\u0440\u0435\u0432\u043e \u043d\u0430\u0447\u0438\u043d\u0430\u0435\u0442 \u043f\u043e\u0434\u0441\u044b\u0445\u0430\u0442\u044c<\/span><span style=\"font-weight: 400;\">, \u043f\u043e\u044d\u0442\u043e\u043c\u0443 \u043e\u043d\u043e \u043c\u043e\u0436\u0435\u0442 \u0441\u0442\u0430\u0442\u044c \u043e\u0442\u043b\u0438\u0447\u043d\u044b\u043c \u0430\u0442\u0440\u0438\u0431\u0443\u0442\u043e\u043c \u0432\u0430\u0448\u0435\u0433\u043e \u0434\u043e\u043c\u0430 \u0438\u043b\u0438 \u043e\u0444\u0438\u0441\u0430 \u0432 \u043f\u0440\u0430\u0437\u0434\u043d\u0438\u0447\u043d\u044b\u0439 \u043f\u0435\u0440\u0438\u043e\u0434.<\/span><\/p>\n<p><span style=\"font-weight: 400;\">\u0414\u0430\u0442\u0441\u043a\u0430\u044f \u043f\u0438\u0445\u0442\u0430 &#8212; \u043d\u0435\u0437\u0430\u043c\u0435\u043d\u0438\u043c\u044b\u0439 \u0432\u044b\u0431\u043e\u0440 \u0434\u043b\u044f \u0441\u043e\u0437\u0434\u0430\u043d\u0438\u044f \u043f\u0440\u0430\u0437\u0434\u043d\u0438\u0447\u043d\u043e\u0433\u043e \u043d\u0430\u0441\u0442\u0440\u043e\u0435\u043d\u0438\u044f \u0443 \u043b\u044e\u0434\u0435\u0439 \u0441 \u0430\u043b\u043b\u0435\u0440\u0433\u0438\u0435\u0439 \u043d\u0430 \u0441\u0438\u043b\u044c\u043d\u044b\u0435 \u0437\u0430\u043f\u0430\u0445\u0438 \u0435\u043b\u0435\u0439, \u043f\u043e\u0442\u043e\u043c\u0443 \u0447\u0442\u043e \u0437\u0430\u043f\u0430\u0445 \u043f\u0438\u0445\u0442\u044b <\/span><span style=\"font-weight: 400;\">\u043f\u043e\u0447\u0442\u0438 \u043d\u0435 \u043e\u0449\u0443\u0449\u0430\u0435\u0442\u0441\u044f<\/span><span style=\"font-weight: 400;\"> \u0432 \u043f\u043e\u043c\u0435\u0449\u0435\u043d\u0438\u0438.&#187;<\/span><\/p>\n","protected":false},"excerpt":{"rendered":"<p><span style=\"font-weight: 400;\"><strong>\u0414\u0430\u0442\u0441\u043a\u0430\u044f \u0438\u043b\u0438 \u043a\u0430\u0432\u043a\u0430\u0437\u0441\u043a\u0430\u044f \u0435\u043b\u044c<\/strong> (\u043b\u0430\u0442\u0438\u043d\u0441\u043a\u043e\u0435 \u043d\u0430\u0437\u0432\u0430\u043d\u0438\u0435: Abies nordmanniana)<\/span><\/p>\n","protected":false},"featured_media":1297,"template":"","meta":{"_acf_changed":false,"inline_featured_image":false},"product_brand":[],"product_cat":[87,88,89,242,90,245,251,254,257,263,266,91,92,269,93,94,95,272,275,278,281,284],"product_tag":[],"class_list":{"0":"post-1295","1":"product","2":"type-product","3":"status-publish","4":"has-post-thumbnail","6":"product_cat-daniski-keniai-ru","7":"product_cat-dekoratyviniai-keniai-ru","8":"product_cat-eglut-ru","9":"product_cat-euroopa-nulg-ee-ru","10":"product_cat-europinis-kenis-ru","11":"product_cat-fraseri-nulg-ee-ru","12":"product_cat-jaapani-nulg-ee-ru","13":"product_cat-joulukuused-tallinnas-ee-ru","14":"product_cat-joulukuused-tartus-ee-ru","15":"product_cat-kanada-kuusk-ee-ru","16":"product_cat-kaukaasia-nulg-ee-ru","17":"product_cat-kaukazinis-kenis-ru","18":"product_cat-keniai-ru","19":"product_cat-korea-nulg-ee-ru","20":"product_cat-korejinis-kenis-ru","21":"product_cat-mostpopular-ru","22":"product_cat-normandinis-kenis-ru","23":"product_cat-nulg-ee-ru","24":"product_cat-palsami-nulg-ee-ru","25":"product_cat-serbia-kuusk-ee-ru","26":"product_cat-siberi-nulg-ee-ru","27":"product_cat-torkav-kuusk-ee-ru","29":"first","30":"instock","31":"taxable","32":"shipping-taxable","33":"purchasable","34":"product-type-simple"},"acf":[],"yoast_head":"<!-- This site is optimized with the Yoast SEO plugin v26.1.1 - https:\/\/yoast.com\/wordpress\/plugins\/seo\/ -->\n<title>\u041f\u0440\u0435\u043c\u0438\u0443\u043c \u041d\u043e\u0440\u0434\u043c\u0430\u043d\u0441\u043a\u0430\u044f E\u043b\u044c - silvertree.ee<\/title>\n<meta name=\"robots\" content=\"noindex, nofollow\" \/>\n<meta property=\"og:locale\" content=\"ru_RU\" \/>\n<meta property=\"og:type\" content=\"article\" \/>\n<meta property=\"og:title\" content=\"\u041f\u0440\u0435\u043c\u0438\u0443\u043c \u041d\u043e\u0440\u0434\u043c\u0430\u043d\u0441\u043a\u0430\u044f E\u043b\u044c - silvertree.ee\" \/>\n<meta property=\"og:description\" content=\"\u0414\u0430\u0442\u0441\u043a\u0430\u044f \u0438\u043b\u0438 \u043a\u0430\u0432\u043a\u0430\u0437\u0441\u043a\u0430\u044f \u0435\u043b\u044c (\u043b\u0430\u0442\u0438\u043d\u0441\u043a\u043e\u0435 \u043d\u0430\u0437\u0432\u0430\u043d\u0438\u0435: Abies nordmanniana)\" \/>\n<meta property=\"og:url\" content=\"https:\/\/silvertree.ee\/ru\/product\/premium-\u043d\u043e\u0440\u0434\u043c\u0430\u043d\u0441\u043a\u0430\u044f-200-225\/\" \/>\n<meta property=\"og:site_name\" content=\"silvertree.ee\" \/>\n<meta property=\"article:modified_time\" content=\"2023-11-04T18:44:05+00:00\" \/>\n<meta property=\"og:image\" content=\"https:\/\/silvertree.ee\/wp-content\/uploads\/sites\/5\/2023\/08\/200fir.png\" \/>\n\t<meta property=\"og:image:width\" content=\"829\" \/>\n\t<meta property=\"og:image:height\" content=\"1000\" \/>\n\t<meta property=\"og:image:type\" content=\"image\/png\" \/>\n<meta name=\"twitter:card\" content=\"summary_large_image\" \/>\n<meta name=\"twitter:label1\" content=\"\u041f\u0440\u0438\u043c\u0435\u0440\u043d\u043e\u0435 \u0432\u0440\u0435\u043c\u044f \u0434\u043b\u044f \u0447\u0442\u0435\u043d\u0438\u044f\" \/>\n\t<meta name=\"twitter:data1\" content=\"1 \u043c\u0438\u043d\u0443\u0442\u0430\" \/>\n<script type=\"application\/ld+json\" class=\"yoast-schema-graph\">{\"@context\":\"https:\/\/schema.org\",\"@graph\":[{\"@type\":\"WebPage\",\"@id\":\"https:\/\/silvertree.ee\/ru\/product\/premium-%d0%bd%d0%be%d1%80%d0%b4%d0%bc%d0%b0%d0%bd%d1%81%d0%ba%d0%b0%d1%8f-200-225\/\",\"url\":\"https:\/\/silvertree.ee\/ru\/product\/premium-%d0%bd%d0%be%d1%80%d0%b4%d0%bc%d0%b0%d0%bd%d1%81%d0%ba%d0%b0%d1%8f-200-225\/\",\"name\":\"\u041f\u0440\u0435\u043c\u0438\u0443\u043c \u041d\u043e\u0440\u0434\u043c\u0430\u043d\u0441\u043a\u0430\u044f E\u043b\u044c - silvertree.ee\",\"isPartOf\":{\"@id\":\"https:\/\/silvertree.ee\/#website\"},\"primaryImageOfPage\":{\"@id\":\"https:\/\/silvertree.ee\/ru\/product\/premium-%d0%bd%d0%be%d1%80%d0%b4%d0%bc%d0%b0%d0%bd%d1%81%d0%ba%d0%b0%d1%8f-200-225\/#primaryimage\"},\"image\":{\"@id\":\"https:\/\/silvertree.ee\/ru\/product\/premium-%d0%bd%d0%be%d1%80%d0%b4%d0%bc%d0%b0%d0%bd%d1%81%d0%ba%d0%b0%d1%8f-200-225\/#primaryimage\"},\"thumbnailUrl\":\"https:\/\/silvertree.ee\/wp-content\/uploads\/sites\/5\/2023\/08\/200fir.png\",\"datePublished\":\"2023-08-30T08:56:10+00:00\",\"dateModified\":\"2023-11-04T18:44:05+00:00\",\"breadcrumb\":{\"@id\":\"https:\/\/silvertree.ee\/ru\/product\/premium-%d0%bd%d0%be%d1%80%d0%b4%d0%bc%d0%b0%d0%bd%d1%81%d0%ba%d0%b0%d1%8f-200-225\/#breadcrumb\"},\"inLanguage\":\"ru-RU\",\"potentialAction\":[{\"@type\":\"ReadAction\",\"target\":[\"https:\/\/silvertree.ee\/ru\/product\/premium-%d0%bd%d0%be%d1%80%d0%b4%d0%bc%d0%b0%d0%bd%d1%81%d0%ba%d0%b0%d1%8f-200-225\/\"]}]},{\"@type\":\"ImageObject\",\"inLanguage\":\"ru-RU\",\"@id\":\"https:\/\/silvertree.ee\/ru\/product\/premium-%d0%bd%d0%be%d1%80%d0%b4%d0%bc%d0%b0%d0%bd%d1%81%d0%ba%d0%b0%d1%8f-200-225\/#primaryimage\",\"url\":\"https:\/\/silvertree.ee\/wp-content\/uploads\/sites\/5\/2023\/08\/200fir.png\",\"contentUrl\":\"https:\/\/silvertree.ee\/wp-content\/uploads\/sites\/5\/2023\/08\/200fir.png\",\"width\":829,\"height\":1000},{\"@type\":\"BreadcrumbList\",\"@id\":\"https:\/\/silvertree.ee\/ru\/product\/premium-%d0%bd%d0%be%d1%80%d0%b4%d0%bc%d0%b0%d0%bd%d1%81%d0%ba%d0%b0%d1%8f-200-225\/#breadcrumb\",\"itemListElement\":[{\"@type\":\"ListItem\",\"position\":1,\"name\":\"Home\",\"item\":\"https:\/\/silvertree.ee\/ru\/\"},{\"@type\":\"ListItem\",\"position\":2,\"name\":\"\u041c\u0430\u0433\u0430\u0437\u0438\u043d\",\"item\":\"https:\/\/silvertree.ee\/ru\/%d0%bc%d0%b0%d0%b3%d0%b0%d0%b7%d0%b8%d0%bd\/\"},{\"@type\":\"ListItem\",\"position\":3,\"name\":\"\u041f\u0440\u0435\u043c\u0438\u0443\u043c \u041d\u043e\u0440\u0434\u043c\u0430\u043d\u0441\u043a\u0430\u044f E\u043b\u044c\"}]},{\"@type\":\"WebSite\",\"@id\":\"https:\/\/silvertree.ee\/#website\",\"url\":\"https:\/\/silvertree.ee\/\",\"name\":\"silvertree.ee\",\"description\":\"Jaukiausioms 2023m. \u0161vent\u0117ms si\u016blome \u012fsigyti Premium kokyb\u0117s K\u0117n\u012f\u2611\ufe0farba gyv\u0105 lietuvi\u0161k\u0105 eglut\u0119\u2611\ufe0finternetu i\u0161\u23e9silvertree.ee. Pristatysime ir i\u0161ve\u0161ime NEMOKAMAI pas mus pirktas eglutes. Mes parduodame tik tikras Kal\u0117dines egles u\u017eaugintas ir nukirstas \u016bkiuose!\",\"potentialAction\":[{\"@type\":\"SearchAction\",\"target\":{\"@type\":\"EntryPoint\",\"urlTemplate\":\"https:\/\/silvertree.ee\/?s={search_term_string}\"},\"query-input\":{\"@type\":\"PropertyValueSpecification\",\"valueRequired\":true,\"valueName\":\"search_term_string\"}}],\"inLanguage\":\"ru-RU\"}]}<\/script>\n<!-- \/ Yoast SEO plugin. -->","yoast_head_json":{"title":"\u041f\u0440\u0435\u043c\u0438\u0443\u043c \u041d\u043e\u0440\u0434\u043c\u0430\u043d\u0441\u043a\u0430\u044f E\u043b\u044c - silvertree.ee","robots":{"index":"noindex","follow":"nofollow"},"og_locale":"ru_RU","og_type":"article","og_title":"\u041f\u0440\u0435\u043c\u0438\u0443\u043c \u041d\u043e\u0440\u0434\u043c\u0430\u043d\u0441\u043a\u0430\u044f E\u043b\u044c - silvertree.ee","og_description":"\u0414\u0430\u0442\u0441\u043a\u0430\u044f \u0438\u043b\u0438 \u043a\u0430\u0432\u043a\u0430\u0437\u0441\u043a\u0430\u044f \u0435\u043b\u044c (\u043b\u0430\u0442\u0438\u043d\u0441\u043a\u043e\u0435 \u043d\u0430\u0437\u0432\u0430\u043d\u0438\u0435: Abies nordmanniana)","og_url":"https:\/\/silvertree.ee\/ru\/product\/premium-\u043d\u043e\u0440\u0434\u043c\u0430\u043d\u0441\u043a\u0430\u044f-200-225\/","og_site_name":"silvertree.ee","article_modified_time":"2023-11-04T18:44:05+00:00","og_image":[{"width":829,"height":1000,"url":"https:\/\/silvertree.ee\/wp-content\/uploads\/sites\/5\/2023\/08\/200fir.png","type":"image\/png"}],"twitter_card":"summary_large_image","twitter_misc":{"\u041f\u0440\u0438\u043c\u0435\u0440\u043d\u043e\u0435 \u0432\u0440\u0435\u043c\u044f \u0434\u043b\u044f \u0447\u0442\u0435\u043d\u0438\u044f":"1 \u043c\u0438\u043d\u0443\u0442\u0430"},"schema":{"@context":"https:\/\/schema.org","@graph":[{"@type":"WebPage","@id":"https:\/\/silvertree.ee\/ru\/product\/premium-%d0%bd%d0%be%d1%80%d0%b4%d0%bc%d0%b0%d0%bd%d1%81%d0%ba%d0%b0%d1%8f-200-225\/","url":"https:\/\/silvertree.ee\/ru\/product\/premium-%d0%bd%d0%be%d1%80%d0%b4%d0%bc%d0%b0%d0%bd%d1%81%d0%ba%d0%b0%d1%8f-200-225\/","name":"\u041f\u0440\u0435\u043c\u0438\u0443\u043c \u041d\u043e\u0440\u0434\u043c\u0430\u043d\u0441\u043a\u0430\u044f E\u043b\u044c - silvertree.ee","isPartOf":{"@id":"https:\/\/silvertree.ee\/#website"},"primaryImageOfPage":{"@id":"https:\/\/silvertree.ee\/ru\/product\/premium-%d0%bd%d0%be%d1%80%d0%b4%d0%bc%d0%b0%d0%bd%d1%81%d0%ba%d0%b0%d1%8f-200-225\/#primaryimage"},"image":{"@id":"https:\/\/silvertree.ee\/ru\/product\/premium-%d0%bd%d0%be%d1%80%d0%b4%d0%bc%d0%b0%d0%bd%d1%81%d0%ba%d0%b0%d1%8f-200-225\/#primaryimage"},"thumbnailUrl":"https:\/\/silvertree.ee\/wp-content\/uploads\/sites\/5\/2023\/08\/200fir.png","datePublished":"2023-08-30T08:56:10+00:00","dateModified":"2023-11-04T18:44:05+00:00","breadcrumb":{"@id":"https:\/\/silvertree.ee\/ru\/product\/premium-%d0%bd%d0%be%d1%80%d0%b4%d0%bc%d0%b0%d0%bd%d1%81%d0%ba%d0%b0%d1%8f-200-225\/#breadcrumb"},"inLanguage":"ru-RU","potentialAction":[{"@type":"ReadAction","target":["https:\/\/silvertree.ee\/ru\/product\/premium-%d0%bd%d0%be%d1%80%d0%b4%d0%bc%d0%b0%d0%bd%d1%81%d0%ba%d0%b0%d1%8f-200-225\/"]}]},{"@type":"ImageObject","inLanguage":"ru-RU","@id":"https:\/\/silvertree.ee\/ru\/product\/premium-%d0%bd%d0%be%d1%80%d0%b4%d0%bc%d0%b0%d0%bd%d1%81%d0%ba%d0%b0%d1%8f-200-225\/#primaryimage","url":"https:\/\/silvertree.ee\/wp-content\/uploads\/sites\/5\/2023\/08\/200fir.png","contentUrl":"https:\/\/silvertree.ee\/wp-content\/uploads\/sites\/5\/2023\/08\/200fir.png","width":829,"height":1000},{"@type":"BreadcrumbList","@id":"https:\/\/silvertree.ee\/ru\/product\/premium-%d0%bd%d0%be%d1%80%d0%b4%d0%bc%d0%b0%d0%bd%d1%81%d0%ba%d0%b0%d1%8f-200-225\/#breadcrumb","itemListElement":[{"@type":"ListItem","position":1,"name":"Home","item":"https:\/\/silvertree.ee\/ru\/"},{"@type":"ListItem","position":2,"name":"\u041c\u0430\u0433\u0430\u0437\u0438\u043d","item":"https:\/\/silvertree.ee\/ru\/%d0%bc%d0%b0%d0%b3%d0%b0%d0%b7%d0%b8%d0%bd\/"},{"@type":"ListItem","position":3,"name":"\u041f\u0440\u0435\u043c\u0438\u0443\u043c \u041d\u043e\u0440\u0434\u043c\u0430\u043d\u0441\u043a\u0430\u044f E\u043b\u044c"}]},{"@type":"WebSite","@id":"https:\/\/silvertree.ee\/#website","url":"https:\/\/silvertree.ee\/","name":"silvertree.ee","description":"Jaukiausioms 2023m. \u0161vent\u0117ms si\u016blome \u012fsigyti Premium kokyb\u0117s K\u0117n\u012f\u2611\ufe0farba gyv\u0105 lietuvi\u0161k\u0105 eglut\u0119\u2611\ufe0finternetu i\u0161\u23e9silvertree.ee. Pristatysime ir i\u0161ve\u0161ime NEMOKAMAI pas mus pirktas eglutes. Mes parduodame tik tikras Kal\u0117dines egles u\u017eaugintas ir nukirstas \u016bkiuose!","potentialAction":[{"@type":"SearchAction","target":{"@type":"EntryPoint","urlTemplate":"https:\/\/silvertree.ee\/?s={search_term_string}"},"query-input":{"@type":"PropertyValueSpecification","valueRequired":true,"valueName":"search_term_string"}}],"inLanguage":"ru-RU"}]}},"_links":{"self":[{"href":"https:\/\/silvertree.ee\/ru\/wp-json\/wp\/v2\/product\/1295","targetHints":{"allow":["GET"]}}],"collection":[{"href":"https:\/\/silvertree.ee\/ru\/wp-json\/wp\/v2\/product"}],"about":[{"href":"https:\/\/silvertree.ee\/ru\/wp-json\/wp\/v2\/types\/product"}],"wp:featuredmedia":[{"embeddable":true,"href":"https:\/\/silvertree.ee\/ru\/wp-json\/wp\/v2\/media\/1297"}],"wp:attachment":[{"href":"https:\/\/silvertree.ee\/ru\/wp-json\/wp\/v2\/media?parent=1295"}],"wp:term":[{"taxonomy":"product_brand","embeddable":true,"href":"https:\/\/silvertree.ee\/ru\/wp-json\/wp\/v2\/product_brand?post=1295"},{"taxonomy":"product_cat","embeddable":true,"href":"https:\/\/silvertree.ee\/ru\/wp-json\/wp\/v2\/product_cat?post=1295"},{"taxonomy":"product_tag","embeddable":true,"href":"https:\/\/silvertree.ee\/ru\/wp-json\/wp\/v2\/product_tag?post=1295"}],"curies":[{"name":"wp","href":"https:\/\/api.w.org\/{rel}","templated":true}]}}