

{"id":1312,"date":"2023-08-09T12:07:50","date_gmt":"2023-08-09T12:07:50","guid":{"rendered":"https:\/\/silvertree.ee\/produktas\/premium-kenis-160-180cm\/"},"modified":"2023-12-27T10:13:35","modified_gmt":"2023-12-27T10:13:35","slug":"premium-%d0%bd%d0%be%d1%80%d0%b4%d0%bc%d0%b0%d0%bd%d1%81%d0%ba%d0%b0%d1%8f-160-180cm","status":"publish","type":"product","link":"https:\/\/silvertree.ee\/ru\/product\/premium-%d0%bd%d0%be%d1%80%d0%b4%d0%bc%d0%b0%d0%bd%d1%81%d0%ba%d0%b0%d1%8f-160-180cm\/","title":{"rendered":"\u041f\u0440\u0435\u043c\u0438\u0443\u043c \u041d\u043e\u0440\u0434\u043c\u0430\u043d\u0441\u043a\u0430\u044f E\u043b\u044c"},"content":{"rendered":"<p><span style=\"vertical-align: inherit;\"><span style=\"vertical-align: inherit;\">Vienas m\u0117gstamiausi\u0173 pasirinkim\u0173 Europos ir Estijos \u0161eimoms Kal\u0117d\u0173 laikotarpiu. <\/span><span style=\"vertical-align: inherit;\">\u0160is medis d\u0117l savo nepriekai\u0161tingos genetikos gali jus apgauti i\u0161 pirmo \u017evilgsnio! <\/span><span style=\"vertical-align: inherit;\">Idealios formos, lygi\u0173 ir tanki\u0173 \u0161ak\u0173, dideli\u0173, mink\u0161t\u0173, ve\u0161li\u0173 ir sodriai \u017eali\u0173 spygli\u0173 lengva supainioti su dirbtine egle. <\/span><span style=\"vertical-align: inherit;\">B\u016btent \u0161i\u0173 spygli\u0173 d\u0117ka \u0161i egl\u0117 puikiai tinka \u0161eimoms su vaikais ir yra pasiruo\u0161usi sutikti net pa\u010dius smalsiausius J\u016bs\u0173 augintinius.<\/span><\/span><\/p>\n<p><span style=\"font-weight: 400;\"><span style=\"vertical-align: inherit;\"><span style=\"vertical-align: inherit;\">Danijos egl\u0117 i\u0161lieka \u0161vie\u017eia <\/span><\/span><\/span><span style=\"font-weight: 400;\"><span style=\"vertical-align: inherit;\"><span style=\"vertical-align: inherit;\">ilgiau <\/span><\/span><\/span><span style=\"font-weight: 400;\"><span style=\"vertical-align: inherit;\"><span style=\"vertical-align: inherit;\">nei kiti med\u017eiai ir da\u017eniausiai <\/span><\/span><\/span><span style=\"font-weight: 400;\"><span style=\"vertical-align: inherit;\"><span style=\"vertical-align: inherit;\">i\u0161laiko savo spyglius <\/span><\/span><\/span><span style=\"font-weight: 400;\"><span style=\"vertical-align: inherit;\"><span style=\"vertical-align: inherit;\">patalpoje <\/span><\/span><\/span><span style=\"vertical-align: inherit;\"><span style=\"font-weight: 400;\"><span style=\"vertical-align: inherit;\">, tod\u0117l ji puikiai <\/span><\/span><span style=\"font-weight: 400;\"><span style=\"vertical-align: inherit;\">papildys j\u016bs\u0173 namus ar biur\u0105 per vis\u0105 <\/span><\/span><span style=\"font-weight: 400;\"><span style=\"vertical-align: inherit;\">atostog\u0173 sezon\u0105 <\/span><\/span><\/span><span style=\"font-weight: 400;\"><span style=\"vertical-align: inherit;\"><span style=\"vertical-align: inherit;\">.<\/span><\/span><\/span><\/p>\n<p><span style=\"font-weight: 400;\"><span style=\"vertical-align: inherit;\"><span style=\"vertical-align: inherit;\">Dani\u0161ka egl\u0117 gali b\u016bti idealus pasirinkimas tiems, kurie ken\u010dia nuo alergijos stipriam tradicini\u0173 eglu\u010di\u0173 kvapui, nes patalpose \u0161ios egl\u0117s kvapas vos juntamas.<\/span><\/span><\/span><\/p>\n","protected":false},"excerpt":{"rendered":"<p><strong><span style=\"vertical-align: inherit;\"><span style=\"vertical-align: inherit;\">Danijos arba Kaukazo egl\u0117 <\/span><\/span><\/strong><span style=\"font-weight: 400;\"><span style=\"vertical-align: inherit;\"><span style=\"vertical-align: inherit;\">(lotyni\u0161kas pavadinimas: Abies nordmanniana)<\/span><\/span><\/span><\/p>\n","protected":false},"featured_media":1314,"template":"","meta":{"_acf_changed":false,"inline_featured_image":false},"product_brand":[],"product_cat":[87,88,89,242,90,245,251,254,257,263,266,91,92,269,93,94,95,272,275,278,281,284],"product_tag":[],"class_list":{"0":"post-1312","1":"product","2":"type-product","3":"status-publish","4":"has-post-thumbnail","6":"product_cat-daniski-keniai-ru","7":"product_cat-dekoratyviniai-keniai-ru","8":"product_cat-eglut-ru","9":"product_cat-euroopa-nulg-ee-ru","10":"product_cat-europinis-kenis-ru","11":"product_cat-fraseri-nulg-ee-ru","12":"product_cat-jaapani-nulg-ee-ru","13":"product_cat-joulukuused-tallinnas-ee-ru","14":"product_cat-joulukuused-tartus-ee-ru","15":"product_cat-kanada-kuusk-ee-ru","16":"product_cat-kaukaasia-nulg-ee-ru","17":"product_cat-kaukazinis-kenis-ru","18":"product_cat-keniai-ru","19":"product_cat-korea-nulg-ee-ru","20":"product_cat-korejinis-kenis-ru","21":"product_cat-mostpopular-ru","22":"product_cat-normandinis-kenis-ru","23":"product_cat-nulg-ee-ru","24":"product_cat-palsami-nulg-ee-ru","25":"product_cat-serbia-kuusk-ee-ru","26":"product_cat-siberi-nulg-ee-ru","27":"product_cat-torkav-kuusk-ee-ru","29":"first","30":"instock","31":"taxable","32":"shipping-taxable","33":"purchasable","34":"product-type-simple"},"acf":[],"yoast_head":"<!-- This site is optimized with the Yoast SEO plugin v26.1.1 - https:\/\/yoast.com\/wordpress\/plugins\/seo\/ -->\n<title>\u041f\u0440\u0435\u043c\u0438\u0443\u043c \u041d\u043e\u0440\u0434\u043c\u0430\u043d\u0441\u043a\u0430\u044f E\u043b\u044c - silvertree.ee<\/title>\n<meta name=\"robots\" content=\"noindex, nofollow\" \/>\n<meta property=\"og:locale\" content=\"ru_RU\" \/>\n<meta property=\"og:type\" content=\"article\" \/>\n<meta property=\"og:title\" content=\"\u041f\u0440\u0435\u043c\u0438\u0443\u043c \u041d\u043e\u0440\u0434\u043c\u0430\u043d\u0441\u043a\u0430\u044f E\u043b\u044c - silvertree.ee\" \/>\n<meta property=\"og:description\" content=\"Danijos arba Kaukazo egl\u0117 (lotyni\u0161kas pavadinimas: Abies nordmanniana)\" \/>\n<meta property=\"og:url\" content=\"https:\/\/silvertree.ee\/ru\/product\/premium-\u043d\u043e\u0440\u0434\u043c\u0430\u043d\u0441\u043a\u0430\u044f-160-180cm\/\" \/>\n<meta property=\"og:site_name\" content=\"silvertree.ee\" \/>\n<meta property=\"article:modified_time\" content=\"2023-12-27T10:13:35+00:00\" \/>\n<meta property=\"og:image\" content=\"https:\/\/silvertree.ee\/wp-content\/uploads\/sites\/5\/2023\/08\/160fir.png\" \/>\n\t<meta property=\"og:image:width\" content=\"829\" \/>\n\t<meta property=\"og:image:height\" content=\"1000\" \/>\n\t<meta property=\"og:image:type\" content=\"image\/png\" \/>\n<meta name=\"twitter:card\" content=\"summary_large_image\" \/>\n<meta name=\"twitter:label1\" content=\"\u041f\u0440\u0438\u043c\u0435\u0440\u043d\u043e\u0435 \u0432\u0440\u0435\u043c\u044f \u0434\u043b\u044f \u0447\u0442\u0435\u043d\u0438\u044f\" \/>\n\t<meta name=\"twitter:data1\" content=\"1 \u043c\u0438\u043d\u0443\u0442\u0430\" \/>\n<script type=\"application\/ld+json\" class=\"yoast-schema-graph\">{\"@context\":\"https:\/\/schema.org\",\"@graph\":[{\"@type\":\"WebPage\",\"@id\":\"https:\/\/silvertree.ee\/ru\/product\/premium-%d0%bd%d0%be%d1%80%d0%b4%d0%bc%d0%b0%d0%bd%d1%81%d0%ba%d0%b0%d1%8f-160-180cm\/\",\"url\":\"https:\/\/silvertree.ee\/ru\/product\/premium-%d0%bd%d0%be%d1%80%d0%b4%d0%bc%d0%b0%d0%bd%d1%81%d0%ba%d0%b0%d1%8f-160-180cm\/\",\"name\":\"\u041f\u0440\u0435\u043c\u0438\u0443\u043c \u041d\u043e\u0440\u0434\u043c\u0430\u043d\u0441\u043a\u0430\u044f E\u043b\u044c - silvertree.ee\",\"isPartOf\":{\"@id\":\"https:\/\/silvertree.ee\/#website\"},\"primaryImageOfPage\":{\"@id\":\"https:\/\/silvertree.ee\/ru\/product\/premium-%d0%bd%d0%be%d1%80%d0%b4%d0%bc%d0%b0%d0%bd%d1%81%d0%ba%d0%b0%d1%8f-160-180cm\/#primaryimage\"},\"image\":{\"@id\":\"https:\/\/silvertree.ee\/ru\/product\/premium-%d0%bd%d0%be%d1%80%d0%b4%d0%bc%d0%b0%d0%bd%d1%81%d0%ba%d0%b0%d1%8f-160-180cm\/#primaryimage\"},\"thumbnailUrl\":\"https:\/\/silvertree.ee\/wp-content\/uploads\/sites\/5\/2023\/08\/160fir.png\",\"datePublished\":\"2023-08-09T12:07:50+00:00\",\"dateModified\":\"2023-12-27T10:13:35+00:00\",\"breadcrumb\":{\"@id\":\"https:\/\/silvertree.ee\/ru\/product\/premium-%d0%bd%d0%be%d1%80%d0%b4%d0%bc%d0%b0%d0%bd%d1%81%d0%ba%d0%b0%d1%8f-160-180cm\/#breadcrumb\"},\"inLanguage\":\"ru-RU\",\"potentialAction\":[{\"@type\":\"ReadAction\",\"target\":[\"https:\/\/silvertree.ee\/ru\/product\/premium-%d0%bd%d0%be%d1%80%d0%b4%d0%bc%d0%b0%d0%bd%d1%81%d0%ba%d0%b0%d1%8f-160-180cm\/\"]}]},{\"@type\":\"ImageObject\",\"inLanguage\":\"ru-RU\",\"@id\":\"https:\/\/silvertree.ee\/ru\/product\/premium-%d0%bd%d0%be%d1%80%d0%b4%d0%bc%d0%b0%d0%bd%d1%81%d0%ba%d0%b0%d1%8f-160-180cm\/#primaryimage\",\"url\":\"https:\/\/silvertree.ee\/wp-content\/uploads\/sites\/5\/2023\/08\/160fir.png\",\"contentUrl\":\"https:\/\/silvertree.ee\/wp-content\/uploads\/sites\/5\/2023\/08\/160fir.png\",\"width\":829,\"height\":1000},{\"@type\":\"BreadcrumbList\",\"@id\":\"https:\/\/silvertree.ee\/ru\/product\/premium-%d0%bd%d0%be%d1%80%d0%b4%d0%bc%d0%b0%d0%bd%d1%81%d0%ba%d0%b0%d1%8f-160-180cm\/#breadcrumb\",\"itemListElement\":[{\"@type\":\"ListItem\",\"position\":1,\"name\":\"Home\",\"item\":\"https:\/\/silvertree.ee\/ru\/\"},{\"@type\":\"ListItem\",\"position\":2,\"name\":\"\u041c\u0430\u0433\u0430\u0437\u0438\u043d\",\"item\":\"https:\/\/silvertree.ee\/ru\/%d0%bc%d0%b0%d0%b3%d0%b0%d0%b7%d0%b8%d0%bd\/\"},{\"@type\":\"ListItem\",\"position\":3,\"name\":\"\u041f\u0440\u0435\u043c\u0438\u0443\u043c \u041d\u043e\u0440\u0434\u043c\u0430\u043d\u0441\u043a\u0430\u044f E\u043b\u044c\"}]},{\"@type\":\"WebSite\",\"@id\":\"https:\/\/silvertree.ee\/#website\",\"url\":\"https:\/\/silvertree.ee\/\",\"name\":\"silvertree.ee\",\"description\":\"Jaukiausioms 2023m. \u0161vent\u0117ms si\u016blome \u012fsigyti Premium kokyb\u0117s K\u0117n\u012f\u2611\ufe0farba gyv\u0105 lietuvi\u0161k\u0105 eglut\u0119\u2611\ufe0finternetu i\u0161\u23e9silvertree.ee. Pristatysime ir i\u0161ve\u0161ime NEMOKAMAI pas mus pirktas eglutes. Mes parduodame tik tikras Kal\u0117dines egles u\u017eaugintas ir nukirstas \u016bkiuose!\",\"potentialAction\":[{\"@type\":\"SearchAction\",\"target\":{\"@type\":\"EntryPoint\",\"urlTemplate\":\"https:\/\/silvertree.ee\/?s={search_term_string}\"},\"query-input\":{\"@type\":\"PropertyValueSpecification\",\"valueRequired\":true,\"valueName\":\"search_term_string\"}}],\"inLanguage\":\"ru-RU\"}]}<\/script>\n<!-- \/ Yoast SEO plugin. -->","yoast_head_json":{"title":"\u041f\u0440\u0435\u043c\u0438\u0443\u043c \u041d\u043e\u0440\u0434\u043c\u0430\u043d\u0441\u043a\u0430\u044f E\u043b\u044c - silvertree.ee","robots":{"index":"noindex","follow":"nofollow"},"og_locale":"ru_RU","og_type":"article","og_title":"\u041f\u0440\u0435\u043c\u0438\u0443\u043c \u041d\u043e\u0440\u0434\u043c\u0430\u043d\u0441\u043a\u0430\u044f E\u043b\u044c - silvertree.ee","og_description":"Danijos arba Kaukazo egl\u0117 (lotyni\u0161kas pavadinimas: Abies nordmanniana)","og_url":"https:\/\/silvertree.ee\/ru\/product\/premium-\u043d\u043e\u0440\u0434\u043c\u0430\u043d\u0441\u043a\u0430\u044f-160-180cm\/","og_site_name":"silvertree.ee","article_modified_time":"2023-12-27T10:13:35+00:00","og_image":[{"width":829,"height":1000,"url":"https:\/\/silvertree.ee\/wp-content\/uploads\/sites\/5\/2023\/08\/160fir.png","type":"image\/png"}],"twitter_card":"summary_large_image","twitter_misc":{"\u041f\u0440\u0438\u043c\u0435\u0440\u043d\u043e\u0435 \u0432\u0440\u0435\u043c\u044f \u0434\u043b\u044f \u0447\u0442\u0435\u043d\u0438\u044f":"1 \u043c\u0438\u043d\u0443\u0442\u0430"},"schema":{"@context":"https:\/\/schema.org","@graph":[{"@type":"WebPage","@id":"https:\/\/silvertree.ee\/ru\/product\/premium-%d0%bd%d0%be%d1%80%d0%b4%d0%bc%d0%b0%d0%bd%d1%81%d0%ba%d0%b0%d1%8f-160-180cm\/","url":"https:\/\/silvertree.ee\/ru\/product\/premium-%d0%bd%d0%be%d1%80%d0%b4%d0%bc%d0%b0%d0%bd%d1%81%d0%ba%d0%b0%d1%8f-160-180cm\/","name":"\u041f\u0440\u0435\u043c\u0438\u0443\u043c \u041d\u043e\u0440\u0434\u043c\u0430\u043d\u0441\u043a\u0430\u044f E\u043b\u044c - silvertree.ee","isPartOf":{"@id":"https:\/\/silvertree.ee\/#website"},"primaryImageOfPage":{"@id":"https:\/\/silvertree.ee\/ru\/product\/premium-%d0%bd%d0%be%d1%80%d0%b4%d0%bc%d0%b0%d0%bd%d1%81%d0%ba%d0%b0%d1%8f-160-180cm\/#primaryimage"},"image":{"@id":"https:\/\/silvertree.ee\/ru\/product\/premium-%d0%bd%d0%be%d1%80%d0%b4%d0%bc%d0%b0%d0%bd%d1%81%d0%ba%d0%b0%d1%8f-160-180cm\/#primaryimage"},"thumbnailUrl":"https:\/\/silvertree.ee\/wp-content\/uploads\/sites\/5\/2023\/08\/160fir.png","datePublished":"2023-08-09T12:07:50+00:00","dateModified":"2023-12-27T10:13:35+00:00","breadcrumb":{"@id":"https:\/\/silvertree.ee\/ru\/product\/premium-%d0%bd%d0%be%d1%80%d0%b4%d0%bc%d0%b0%d0%bd%d1%81%d0%ba%d0%b0%d1%8f-160-180cm\/#breadcrumb"},"inLanguage":"ru-RU","potentialAction":[{"@type":"ReadAction","target":["https:\/\/silvertree.ee\/ru\/product\/premium-%d0%bd%d0%be%d1%80%d0%b4%d0%bc%d0%b0%d0%bd%d1%81%d0%ba%d0%b0%d1%8f-160-180cm\/"]}]},{"@type":"ImageObject","inLanguage":"ru-RU","@id":"https:\/\/silvertree.ee\/ru\/product\/premium-%d0%bd%d0%be%d1%80%d0%b4%d0%bc%d0%b0%d0%bd%d1%81%d0%ba%d0%b0%d1%8f-160-180cm\/#primaryimage","url":"https:\/\/silvertree.ee\/wp-content\/uploads\/sites\/5\/2023\/08\/160fir.png","contentUrl":"https:\/\/silvertree.ee\/wp-content\/uploads\/sites\/5\/2023\/08\/160fir.png","width":829,"height":1000},{"@type":"BreadcrumbList","@id":"https:\/\/silvertree.ee\/ru\/product\/premium-%d0%bd%d0%be%d1%80%d0%b4%d0%bc%d0%b0%d0%bd%d1%81%d0%ba%d0%b0%d1%8f-160-180cm\/#breadcrumb","itemListElement":[{"@type":"ListItem","position":1,"name":"Home","item":"https:\/\/silvertree.ee\/ru\/"},{"@type":"ListItem","position":2,"name":"\u041c\u0430\u0433\u0430\u0437\u0438\u043d","item":"https:\/\/silvertree.ee\/ru\/%d0%bc%d0%b0%d0%b3%d0%b0%d0%b7%d0%b8%d0%bd\/"},{"@type":"ListItem","position":3,"name":"\u041f\u0440\u0435\u043c\u0438\u0443\u043c \u041d\u043e\u0440\u0434\u043c\u0430\u043d\u0441\u043a\u0430\u044f E\u043b\u044c"}]},{"@type":"WebSite","@id":"https:\/\/silvertree.ee\/#website","url":"https:\/\/silvertree.ee\/","name":"silvertree.ee","description":"Jaukiausioms 2023m. \u0161vent\u0117ms si\u016blome \u012fsigyti Premium kokyb\u0117s K\u0117n\u012f\u2611\ufe0farba gyv\u0105 lietuvi\u0161k\u0105 eglut\u0119\u2611\ufe0finternetu i\u0161\u23e9silvertree.ee. Pristatysime ir i\u0161ve\u0161ime NEMOKAMAI pas mus pirktas eglutes. Mes parduodame tik tikras Kal\u0117dines egles u\u017eaugintas ir nukirstas \u016bkiuose!","potentialAction":[{"@type":"SearchAction","target":{"@type":"EntryPoint","urlTemplate":"https:\/\/silvertree.ee\/?s={search_term_string}"},"query-input":{"@type":"PropertyValueSpecification","valueRequired":true,"valueName":"search_term_string"}}],"inLanguage":"ru-RU"}]}},"_links":{"self":[{"href":"https:\/\/silvertree.ee\/ru\/wp-json\/wp\/v2\/product\/1312","targetHints":{"allow":["GET"]}}],"collection":[{"href":"https:\/\/silvertree.ee\/ru\/wp-json\/wp\/v2\/product"}],"about":[{"href":"https:\/\/silvertree.ee\/ru\/wp-json\/wp\/v2\/types\/product"}],"wp:featuredmedia":[{"embeddable":true,"href":"https:\/\/silvertree.ee\/ru\/wp-json\/wp\/v2\/media\/1314"}],"wp:attachment":[{"href":"https:\/\/silvertree.ee\/ru\/wp-json\/wp\/v2\/media?parent=1312"}],"wp:term":[{"taxonomy":"product_brand","embeddable":true,"href":"https:\/\/silvertree.ee\/ru\/wp-json\/wp\/v2\/product_brand?post=1312"},{"taxonomy":"product_cat","embeddable":true,"href":"https:\/\/silvertree.ee\/ru\/wp-json\/wp\/v2\/product_cat?post=1312"},{"taxonomy":"product_tag","embeddable":true,"href":"https:\/\/silvertree.ee\/ru\/wp-json\/wp\/v2\/product_tag?post=1312"}],"curies":[{"name":"wp","href":"https:\/\/api.w.org\/{rel}","templated":true}]}}