

{"id":5515,"date":"2024-10-29T15:31:53","date_gmt":"2024-10-29T15:31:53","guid":{"rendered":"https:\/\/silvertree.ee\/?post_type=product&#038;p=5515"},"modified":"2025-10-25T20:08:55","modified_gmt":"2025-10-25T20:08:55","slug":"%d0%bf%d0%be%d0%b4%d0%b0%d1%80%d0%be%d1%87%d0%bd%d0%b0%d1%8f-%d0%ba%d0%b0%d1%80%d1%82%d0%b0","status":"publish","type":"product","link":"https:\/\/silvertree.ee\/ru\/product\/%d0%bf%d0%be%d0%b4%d0%b0%d1%80%d0%be%d1%87%d0%bd%d0%b0%d1%8f-%d0%ba%d0%b0%d1%80%d1%82%d0%b0\/","title":{"rendered":"\u041f\u043e\u0434\u0430\u0440\u043e\u0447\u043d\u0430\u044f \u043a\u0430\u0440\u0442\u0430"},"content":{"rendered":"<p>\u041f\u043e\u043c\u043e\u0433\u0438\u0442\u0435 \u0432\u0430\u0448\u0438\u043c \u0441\u043e\u0442\u0440\u0443\u0434\u043d\u0438\u043a\u0430\u043c \u0438 \u043a\u043e\u043b\u043b\u0435\u0433\u0430\u043c \u0438\u0437\u0431\u0430\u0432\u0438\u0442\u044c\u0441\u044f \u043e\u0442 \u043e\u0434\u043d\u043e\u0439 \u0438\u0437 \u043f\u0440\u0430\u0437\u0434\u043d\u0438\u0447\u043d\u044b\u0445 \u0437\u0430\u0431\u043e\u0442. \u041f\u043e\u0434\u0430\u0440\u043e\u0447\u043d\u044b\u0439 \u0441\u0435\u0440\u0442\u0438\u0444\u0438\u043a\u0430\u0442 Silvertree \u0441\u044d\u043a\u043e\u043d\u043e\u043c\u0438\u0442 \u0432\u0440\u0435\u043c\u044f \u0432 \u043f\u043e\u0438\u0441\u043a\u0430\u0445 \u0438\u0434\u0435\u0430\u043b\u044c\u043d\u043e\u0439 \u0440\u043e\u0436\u0434\u0435\u0441\u0442\u0432\u0435\u043d\u0441\u043a\u043e\u0439 \u0435\u043b\u043a\u0438!<\/p>\n<p>\u041f\u043e\u0441\u043b\u0435 \u0437\u0430\u043a\u0430\u0437\u0430 \u043f\u043e\u0434\u0430\u0440\u043e\u0447\u043d\u043e\u0433\u043e \u0441\u0435\u0440\u0442\u0438\u0444\u0438\u043a\u0430\u0442\u0430 \u0432\u044b \u043f\u043e\u043b\u0443\u0447\u0438\u0442\u0435 \u0446\u0438\u0444\u0440\u043e\u0432\u0443\u044e \u043a\u0430\u0440\u0442\u0443 \u0441 \u0443\u043d\u0438\u043a\u0430\u043b\u044c\u043d\u044b\u043c \u043a\u043e\u0434\u043e\u043c \u0441\u0435\u0440\u0442\u0438\u0444\u0438\u043a\u0430\u0442\u0430 \u043f\u043e \u044d\u043b\u0435\u043a\u0442\u0440\u043e\u043d\u043d\u043e\u0439 \u043f\u043e\u0447\u0442\u0435. \u0412\u044b \u043c\u043e\u0436\u0435\u0442\u0435 \u043f\u0440\u0435\u0434\u0441\u0442\u0430\u0432\u0438\u0442\u044c \u0446\u0438\u0444\u0440\u043e\u0432\u0443\u044e \u043a\u0430\u0440\u0442\u0443 \u0432 \u044d\u043b\u0435\u043a\u0442\u0440\u043e\u043d\u043d\u043e\u043c \u0432\u0438\u0434\u0435 \u0438\u043b\u0438 \u0440\u0430\u0441\u043f\u0435\u0447\u0430\u0442\u0430\u0442\u044c \u0435\u0435 \u043d\u0430 \u0431\u0443\u043c\u0430\u0433\u0435 \u043f\u043e \u0432\u0430\u0448\u0435\u043c\u0443 \u0432\u044b\u0431\u043e\u0440\u0443. \u0423\u043d\u0438\u043a\u0430\u043b\u044c\u043d\u044b\u0439 \u043a\u043e\u0434 \u0441\u0435\u0440\u0442\u0438\u0444\u0438\u043a\u0430\u0442\u0430 \u043c\u043e\u0436\u043d\u043e \u0432\u0432\u0435\u0441\u0442\u0438 \u043d\u0430 \u0441\u0442\u0440\u0430\u043d\u0438\u0446\u0435 \u043e\u043f\u043b\u0430\u0442\u044b. \u0415\u0441\u043b\u0438 \u0432\u044b\u0431\u0440\u0430\u043d\u043d\u044b\u0439 \u0432\u0430\u043c\u0438 \u0442\u043e\u0432\u0430\u0440 \u0441\u0442\u043e\u0438\u0442 \u0431\u043e\u043b\u044c\u0448\u0435, \u0447\u0435\u043c \u0441\u0443\u043c\u043c\u0430 \u0432\u0430\u0448\u0435\u0433\u043e \u043f\u043e\u0434\u0430\u0440\u043e\u0447\u043d\u043e\u0433\u043e \u0441\u0435\u0440\u0442\u0438\u0444\u0438\u043a\u0430\u0442\u0430, \u0432\u0430\u043c \u043f\u0440\u0438\u0434\u0435\u0442\u0441\u044f \u043e\u043f\u043b\u0430\u0442\u0438\u0442\u044c \u0440\u0430\u0437\u043d\u0438\u0446\u0443 \u0443\u0434\u043e\u0431\u043d\u044b\u043c \u0434\u043b\u044f \u0432\u0430\u0441 \u0441\u043f\u043e\u0441\u043e\u0431\u043e\u043c.<\/p>\n<p>\u041c\u044b \u043e\u0442\u043f\u0440\u0430\u0432\u0438\u043c \u043f\u043e\u0434\u0430\u0440\u043e\u0447\u043d\u044b\u0439 \u0441\u0435\u0440\u0442\u0438\u0444\u0438\u043a\u0430\u0442 \u043d\u0430 \u0443\u043a\u0430\u0437\u0430\u043d\u043d\u044b\u0439 \u0432\u0430\u043c\u0438 \u0430\u0434\u0440\u0435\u0441 \u044d\u043b\u0435\u043a\u0442\u0440\u043e\u043d\u043d\u043e\u0439 \u043f\u043e\u0447\u0442\u044b. \u0415\u0441\u043b\u0438 \u0443 \u0432\u0430\u0441 \u0435\u0441\u0442\u044c \u0432\u043e\u043f\u0440\u043e\u0441\u044b, \u043f\u043e\u0436\u0430\u043b\u0443\u0439\u0441\u0442\u0430, \u0441\u0432\u044f\u0436\u0438\u0442\u0435\u0441\u044c \u0441 \u043d\u0430\u043c\u0438:\u00a0<a rel=\"noopener\">info@silvertree.ee<\/a> \u0438\u043b\u0438 +37255655169<\/p>\n","protected":false},"excerpt":{"rendered":"<p><strong>\u041f\u043e\u0434\u0430\u0440\u043e\u0447\u043d\u0430\u044f \u043a\u0430\u0440\u0442\u0430<\/strong>\u00a0\u2013 \u0434\u043b\u044f \u0432\u0430\u0448\u0435\u0439 \u0436\u0435\u043b\u0430\u0435\u043c\u043e\u0439 \u0440\u043e\u0436\u0434\u0435\u0441\u0442\u0432\u0435\u043d\u0441\u043a\u043e\u0439 \u0435\u043b\u043a\u0438<\/p>\n","protected":false},"featured_media":5545,"template":"","meta":{"_acf_changed":false,"inline_featured_image":false},"product_brand":[],"product_cat":[88,89,242,90,245,251,254,257,263,266,91,92,269,93,94,95,272,275,278,281,284],"product_tag":[],"class_list":{"0":"post-5515","1":"product","2":"type-product","3":"status-publish","4":"has-post-thumbnail","6":"product_cat-dekoratyviniai-keniai-ru","7":"product_cat-eglut-ru","8":"product_cat-euroopa-nulg-ee-ru","9":"product_cat-europinis-kenis-ru","10":"product_cat-fraseri-nulg-ee-ru","11":"product_cat-jaapani-nulg-ee-ru","12":"product_cat-joulukuused-tallinnas-ee-ru","13":"product_cat-joulukuused-tartus-ee-ru","14":"product_cat-kanada-kuusk-ee-ru","15":"product_cat-kaukaasia-nulg-ee-ru","16":"product_cat-kaukazinis-kenis-ru","17":"product_cat-keniai-ru","18":"product_cat-korea-nulg-ee-ru","19":"product_cat-korejinis-kenis-ru","20":"product_cat-mostpopular-ru","21":"product_cat-normandinis-kenis-ru","22":"product_cat-nulg-ee-ru","23":"product_cat-palsami-nulg-ee-ru","24":"product_cat-serbia-kuusk-ee-ru","25":"product_cat-siberi-nulg-ee-ru","26":"product_cat-torkav-kuusk-ee-ru","28":"first","29":"instock","30":"taxable","31":"shipping-taxable","32":"purchasable","33":"product-type-variable"},"acf":[],"yoast_head":"<!-- This site is optimized with the Yoast SEO plugin v26.1.1 - https:\/\/yoast.com\/wordpress\/plugins\/seo\/ -->\n<title>\u041f\u043e\u0434\u0430\u0440\u043e\u0447\u043d\u0430\u044f \u043a\u0430\u0440\u0442\u0430 - silvertree.ee<\/title>\n<meta name=\"description\" content=\"\u041f\u043e\u0434\u0430\u0440\u043e\u0447\u043d\u0430\u044f \u043a\u0430\u0440\u0442\u0430\" \/>\n<meta name=\"robots\" content=\"noindex, nofollow\" \/>\n<meta property=\"og:locale\" content=\"ru_RU\" \/>\n<meta property=\"og:type\" content=\"article\" \/>\n<meta property=\"og:title\" content=\"\u041f\u043e\u0434\u0430\u0440\u043e\u0447\u043d\u0430\u044f \u043a\u0430\u0440\u0442\u0430 - silvertree.ee\" \/>\n<meta property=\"og:description\" content=\"\u041f\u043e\u0434\u0430\u0440\u043e\u0447\u043d\u0430\u044f \u043a\u0430\u0440\u0442\u0430\" \/>\n<meta property=\"og:url\" content=\"https:\/\/silvertree.ee\/ru\/product\/\u043f\u043e\u0434\u0430\u0440\u043e\u0447\u043d\u0430\u044f-\u043a\u0430\u0440\u0442\u0430\/\" \/>\n<meta property=\"og:site_name\" content=\"silvertree.ee\" \/>\n<meta property=\"article:modified_time\" content=\"2025-10-25T20:08:55+00:00\" \/>\n<meta property=\"og:image\" content=\"https:\/\/silvertree.ee\/wp-content\/uploads\/sites\/5\/2024\/10\/Frame-3066-4.png\" \/>\n\t<meta property=\"og:image:width\" content=\"912\" \/>\n\t<meta property=\"og:image:height\" content=\"999\" \/>\n\t<meta property=\"og:image:type\" content=\"image\/png\" \/>\n<meta name=\"twitter:card\" content=\"summary_large_image\" \/>\n<meta name=\"twitter:label1\" content=\"\u041f\u0440\u0438\u043c\u0435\u0440\u043d\u043e\u0435 \u0432\u0440\u0435\u043c\u044f \u0434\u043b\u044f \u0447\u0442\u0435\u043d\u0438\u044f\" \/>\n\t<meta name=\"twitter:data1\" content=\"1 \u043c\u0438\u043d\u0443\u0442\u0430\" \/>\n<script type=\"application\/ld+json\" class=\"yoast-schema-graph\">{\"@context\":\"https:\/\/schema.org\",\"@graph\":[{\"@type\":\"WebPage\",\"@id\":\"https:\/\/silvertree.ee\/ru\/product\/%d0%bf%d0%be%d0%b4%d0%b0%d1%80%d0%be%d1%87%d0%bd%d0%b0%d1%8f-%d0%ba%d0%b0%d1%80%d1%82%d0%b0\/\",\"url\":\"https:\/\/silvertree.ee\/ru\/product\/%d0%bf%d0%be%d0%b4%d0%b0%d1%80%d0%be%d1%87%d0%bd%d0%b0%d1%8f-%d0%ba%d0%b0%d1%80%d1%82%d0%b0\/\",\"name\":\"\u041f\u043e\u0434\u0430\u0440\u043e\u0447\u043d\u0430\u044f \u043a\u0430\u0440\u0442\u0430 - silvertree.ee\",\"isPartOf\":{\"@id\":\"https:\/\/silvertree.ee\/#website\"},\"primaryImageOfPage\":{\"@id\":\"https:\/\/silvertree.ee\/ru\/product\/%d0%bf%d0%be%d0%b4%d0%b0%d1%80%d0%be%d1%87%d0%bd%d0%b0%d1%8f-%d0%ba%d0%b0%d1%80%d1%82%d0%b0\/#primaryimage\"},\"image\":{\"@id\":\"https:\/\/silvertree.ee\/ru\/product\/%d0%bf%d0%be%d0%b4%d0%b0%d1%80%d0%be%d1%87%d0%bd%d0%b0%d1%8f-%d0%ba%d0%b0%d1%80%d1%82%d0%b0\/#primaryimage\"},\"thumbnailUrl\":\"https:\/\/silvertree.ee\/wp-content\/uploads\/sites\/5\/2024\/10\/Frame-3066-4.png\",\"datePublished\":\"2024-10-29T15:31:53+00:00\",\"dateModified\":\"2025-10-25T20:08:55+00:00\",\"description\":\"\u041f\u043e\u0434\u0430\u0440\u043e\u0447\u043d\u0430\u044f \u043a\u0430\u0440\u0442\u0430\",\"breadcrumb\":{\"@id\":\"https:\/\/silvertree.ee\/ru\/product\/%d0%bf%d0%be%d0%b4%d0%b0%d1%80%d0%be%d1%87%d0%bd%d0%b0%d1%8f-%d0%ba%d0%b0%d1%80%d1%82%d0%b0\/#breadcrumb\"},\"inLanguage\":\"ru-RU\",\"potentialAction\":[{\"@type\":\"ReadAction\",\"target\":[\"https:\/\/silvertree.ee\/ru\/product\/%d0%bf%d0%be%d0%b4%d0%b0%d1%80%d0%be%d1%87%d0%bd%d0%b0%d1%8f-%d0%ba%d0%b0%d1%80%d1%82%d0%b0\/\"]}]},{\"@type\":\"ImageObject\",\"inLanguage\":\"ru-RU\",\"@id\":\"https:\/\/silvertree.ee\/ru\/product\/%d0%bf%d0%be%d0%b4%d0%b0%d1%80%d0%be%d1%87%d0%bd%d0%b0%d1%8f-%d0%ba%d0%b0%d1%80%d1%82%d0%b0\/#primaryimage\",\"url\":\"https:\/\/silvertree.ee\/wp-content\/uploads\/sites\/5\/2024\/10\/Frame-3066-4.png\",\"contentUrl\":\"https:\/\/silvertree.ee\/wp-content\/uploads\/sites\/5\/2024\/10\/Frame-3066-4.png\",\"width\":912,\"height\":999},{\"@type\":\"BreadcrumbList\",\"@id\":\"https:\/\/silvertree.ee\/ru\/product\/%d0%bf%d0%be%d0%b4%d0%b0%d1%80%d0%be%d1%87%d0%bd%d0%b0%d1%8f-%d0%ba%d0%b0%d1%80%d1%82%d0%b0\/#breadcrumb\",\"itemListElement\":[{\"@type\":\"ListItem\",\"position\":1,\"name\":\"Home\",\"item\":\"https:\/\/silvertree.ee\/ru\/\"},{\"@type\":\"ListItem\",\"position\":2,\"name\":\"\u041c\u0430\u0433\u0430\u0437\u0438\u043d\",\"item\":\"https:\/\/silvertree.ee\/ru\/%d0%bc%d0%b0%d0%b3%d0%b0%d0%b7%d0%b8%d0%bd\/\"},{\"@type\":\"ListItem\",\"position\":3,\"name\":\"\u041f\u043e\u0434\u0430\u0440\u043e\u0447\u043d\u0430\u044f \u043a\u0430\u0440\u0442\u0430\"}]},{\"@type\":\"WebSite\",\"@id\":\"https:\/\/silvertree.ee\/#website\",\"url\":\"https:\/\/silvertree.ee\/\",\"name\":\"silvertree.ee\",\"description\":\"Jaukiausioms 2023m. \u0161vent\u0117ms si\u016blome \u012fsigyti Premium kokyb\u0117s K\u0117n\u012f\u2611\ufe0farba gyv\u0105 lietuvi\u0161k\u0105 eglut\u0119\u2611\ufe0finternetu i\u0161\u23e9silvertree.ee. Pristatysime ir i\u0161ve\u0161ime NEMOKAMAI pas mus pirktas eglutes. Mes parduodame tik tikras Kal\u0117dines egles u\u017eaugintas ir nukirstas \u016bkiuose!\",\"potentialAction\":[{\"@type\":\"SearchAction\",\"target\":{\"@type\":\"EntryPoint\",\"urlTemplate\":\"https:\/\/silvertree.ee\/?s={search_term_string}\"},\"query-input\":{\"@type\":\"PropertyValueSpecification\",\"valueRequired\":true,\"valueName\":\"search_term_string\"}}],\"inLanguage\":\"ru-RU\"}]}<\/script>\n<!-- \/ Yoast SEO plugin. -->","yoast_head_json":{"title":"\u041f\u043e\u0434\u0430\u0440\u043e\u0447\u043d\u0430\u044f \u043a\u0430\u0440\u0442\u0430 - silvertree.ee","description":"\u041f\u043e\u0434\u0430\u0440\u043e\u0447\u043d\u0430\u044f \u043a\u0430\u0440\u0442\u0430","robots":{"index":"noindex","follow":"nofollow"},"og_locale":"ru_RU","og_type":"article","og_title":"\u041f\u043e\u0434\u0430\u0440\u043e\u0447\u043d\u0430\u044f \u043a\u0430\u0440\u0442\u0430 - silvertree.ee","og_description":"\u041f\u043e\u0434\u0430\u0440\u043e\u0447\u043d\u0430\u044f \u043a\u0430\u0440\u0442\u0430","og_url":"https:\/\/silvertree.ee\/ru\/product\/\u043f\u043e\u0434\u0430\u0440\u043e\u0447\u043d\u0430\u044f-\u043a\u0430\u0440\u0442\u0430\/","og_site_name":"silvertree.ee","article_modified_time":"2025-10-25T20:08:55+00:00","og_image":[{"width":912,"height":999,"url":"https:\/\/silvertree.ee\/wp-content\/uploads\/sites\/5\/2024\/10\/Frame-3066-4.png","type":"image\/png"}],"twitter_card":"summary_large_image","twitter_misc":{"\u041f\u0440\u0438\u043c\u0435\u0440\u043d\u043e\u0435 \u0432\u0440\u0435\u043c\u044f \u0434\u043b\u044f \u0447\u0442\u0435\u043d\u0438\u044f":"1 \u043c\u0438\u043d\u0443\u0442\u0430"},"schema":{"@context":"https:\/\/schema.org","@graph":[{"@type":"WebPage","@id":"https:\/\/silvertree.ee\/ru\/product\/%d0%bf%d0%be%d0%b4%d0%b0%d1%80%d0%be%d1%87%d0%bd%d0%b0%d1%8f-%d0%ba%d0%b0%d1%80%d1%82%d0%b0\/","url":"https:\/\/silvertree.ee\/ru\/product\/%d0%bf%d0%be%d0%b4%d0%b0%d1%80%d0%be%d1%87%d0%bd%d0%b0%d1%8f-%d0%ba%d0%b0%d1%80%d1%82%d0%b0\/","name":"\u041f\u043e\u0434\u0430\u0440\u043e\u0447\u043d\u0430\u044f \u043a\u0430\u0440\u0442\u0430 - silvertree.ee","isPartOf":{"@id":"https:\/\/silvertree.ee\/#website"},"primaryImageOfPage":{"@id":"https:\/\/silvertree.ee\/ru\/product\/%d0%bf%d0%be%d0%b4%d0%b0%d1%80%d0%be%d1%87%d0%bd%d0%b0%d1%8f-%d0%ba%d0%b0%d1%80%d1%82%d0%b0\/#primaryimage"},"image":{"@id":"https:\/\/silvertree.ee\/ru\/product\/%d0%bf%d0%be%d0%b4%d0%b0%d1%80%d0%be%d1%87%d0%bd%d0%b0%d1%8f-%d0%ba%d0%b0%d1%80%d1%82%d0%b0\/#primaryimage"},"thumbnailUrl":"https:\/\/silvertree.ee\/wp-content\/uploads\/sites\/5\/2024\/10\/Frame-3066-4.png","datePublished":"2024-10-29T15:31:53+00:00","dateModified":"2025-10-25T20:08:55+00:00","description":"\u041f\u043e\u0434\u0430\u0440\u043e\u0447\u043d\u0430\u044f \u043a\u0430\u0440\u0442\u0430","breadcrumb":{"@id":"https:\/\/silvertree.ee\/ru\/product\/%d0%bf%d0%be%d0%b4%d0%b0%d1%80%d0%be%d1%87%d0%bd%d0%b0%d1%8f-%d0%ba%d0%b0%d1%80%d1%82%d0%b0\/#breadcrumb"},"inLanguage":"ru-RU","potentialAction":[{"@type":"ReadAction","target":["https:\/\/silvertree.ee\/ru\/product\/%d0%bf%d0%be%d0%b4%d0%b0%d1%80%d0%be%d1%87%d0%bd%d0%b0%d1%8f-%d0%ba%d0%b0%d1%80%d1%82%d0%b0\/"]}]},{"@type":"ImageObject","inLanguage":"ru-RU","@id":"https:\/\/silvertree.ee\/ru\/product\/%d0%bf%d0%be%d0%b4%d0%b0%d1%80%d0%be%d1%87%d0%bd%d0%b0%d1%8f-%d0%ba%d0%b0%d1%80%d1%82%d0%b0\/#primaryimage","url":"https:\/\/silvertree.ee\/wp-content\/uploads\/sites\/5\/2024\/10\/Frame-3066-4.png","contentUrl":"https:\/\/silvertree.ee\/wp-content\/uploads\/sites\/5\/2024\/10\/Frame-3066-4.png","width":912,"height":999},{"@type":"BreadcrumbList","@id":"https:\/\/silvertree.ee\/ru\/product\/%d0%bf%d0%be%d0%b4%d0%b0%d1%80%d0%be%d1%87%d0%bd%d0%b0%d1%8f-%d0%ba%d0%b0%d1%80%d1%82%d0%b0\/#breadcrumb","itemListElement":[{"@type":"ListItem","position":1,"name":"Home","item":"https:\/\/silvertree.ee\/ru\/"},{"@type":"ListItem","position":2,"name":"\u041c\u0430\u0433\u0430\u0437\u0438\u043d","item":"https:\/\/silvertree.ee\/ru\/%d0%bc%d0%b0%d0%b3%d0%b0%d0%b7%d0%b8%d0%bd\/"},{"@type":"ListItem","position":3,"name":"\u041f\u043e\u0434\u0430\u0440\u043e\u0447\u043d\u0430\u044f \u043a\u0430\u0440\u0442\u0430"}]},{"@type":"WebSite","@id":"https:\/\/silvertree.ee\/#website","url":"https:\/\/silvertree.ee\/","name":"silvertree.ee","description":"Jaukiausioms 2023m. \u0161vent\u0117ms si\u016blome \u012fsigyti Premium kokyb\u0117s K\u0117n\u012f\u2611\ufe0farba gyv\u0105 lietuvi\u0161k\u0105 eglut\u0119\u2611\ufe0finternetu i\u0161\u23e9silvertree.ee. Pristatysime ir i\u0161ve\u0161ime NEMOKAMAI pas mus pirktas eglutes. Mes parduodame tik tikras Kal\u0117dines egles u\u017eaugintas ir nukirstas \u016bkiuose!","potentialAction":[{"@type":"SearchAction","target":{"@type":"EntryPoint","urlTemplate":"https:\/\/silvertree.ee\/?s={search_term_string}"},"query-input":{"@type":"PropertyValueSpecification","valueRequired":true,"valueName":"search_term_string"}}],"inLanguage":"ru-RU"}]}},"_links":{"self":[{"href":"https:\/\/silvertree.ee\/ru\/wp-json\/wp\/v2\/product\/5515","targetHints":{"allow":["GET"]}}],"collection":[{"href":"https:\/\/silvertree.ee\/ru\/wp-json\/wp\/v2\/product"}],"about":[{"href":"https:\/\/silvertree.ee\/ru\/wp-json\/wp\/v2\/types\/product"}],"wp:featuredmedia":[{"embeddable":true,"href":"https:\/\/silvertree.ee\/ru\/wp-json\/wp\/v2\/media\/5545"}],"wp:attachment":[{"href":"https:\/\/silvertree.ee\/ru\/wp-json\/wp\/v2\/media?parent=5515"}],"wp:term":[{"taxonomy":"product_brand","embeddable":true,"href":"https:\/\/silvertree.ee\/ru\/wp-json\/wp\/v2\/product_brand?post=5515"},{"taxonomy":"product_cat","embeddable":true,"href":"https:\/\/silvertree.ee\/ru\/wp-json\/wp\/v2\/product_cat?post=5515"},{"taxonomy":"product_tag","embeddable":true,"href":"https:\/\/silvertree.ee\/ru\/wp-json\/wp\/v2\/product_tag?post=5515"}],"curies":[{"name":"wp","href":"https:\/\/api.w.org\/{rel}","templated":true}]}}